{"id":192990,"date":"2025-11-24T03:15:43","date_gmt":"2025-11-24T03:15:43","guid":{"rendered":"https:\/\/www.otiumhome.fi\/?p=192990"},"modified":"2025-12-09T04:10:30","modified_gmt":"2025-12-09T04:10:30","slug":"kenkakaappi-ovella-musta-tammi-295-x-35-x-101-cm-tekninen-puu","status":"publish","type":"product","link":"https:\/\/www.otiumhome.fi\/index.php\/tuote\/kenkakaappi-ovella-musta-tammi-295-x-35-x-101-cm-tekninen-puu\/","title":{"rendered":"Kenk\u00e4kaappi ovella Musta tammi. 29,5 x 35 x 101 cm Tekninen puu"},"content":{"rendered":"<p>T\u00e4m\u00e4 moderni kenk\u00e4kaappi on loistava valinta kenk\u00e4valikoimasi j\u00e4rkeist\u00e4miseen. Suorakaiteen muotoinen ja simppeli design sulautuu helposti eri olohuoneisiin. Kaapin modernin ilmeen luovat puhtaat linjat ja minimalistinen muoto, mik\u00e4 tekee siit\u00e4 upean lis\u00e4yksen sisustukseen. Tekninen puu takaa sek\u00e4 kest\u00e4vyys ett\u00e4 tyylikkyys, varmistaen luotettavan ja tyylikk\u00e4\u00e4n s\u00e4ilytysratkaisun jalkineillesi.<\/p>\n<ul>\n<li><b>Tilava sisustus:<\/b> Suunniteltu isoille kenk\u00e4laareille, kaapissa on monta hylly\u00e4. Jokainen hylly on kest\u00e4v\u00e4 levy, joka tukee eri kokoisia kenki\u00e4 pit\u00e4en ne hyv\u00e4ss\u00e4 kunnossa ja helposti saatavilla.<\/li>\n<li><b>Teknisen puun laatu:<\/b> T\u00e4m\u00e4 kaappi on tehty huippulaatuisesta teknisest\u00e4 puusta, joka on kest\u00e4v\u00e4 ja tyylik\u00e4s. Vankka rakenne takaa pitk\u00e4n k\u00e4ytt\u00f6i\u00e4n ja moderni ilme sopii monenlaisiin sisustuksiin.<\/li>\n<li><b>Saranatovenet:<\/b> Tyylikk\u00e4\u00e4t saranat ovet lis\u00e4\u00e4v\u00e4t esteettisyytt\u00e4. Ne helpottavat p\u00e4\u00e4sy\u00e4 asioihin pit\u00e4en asuintilan siistin\u00e4.<\/li>\n<li><b>Tyylikk\u00e4\u00e4t kahvat:<\/b> Kaapissa on modernit baarityyliset kahvat, jotka tuntuvat hyvilt\u00e4 k\u00e4dess\u00e4 ja korostavat sen muotoilua. Kahvojen hillitty pinta sulautuu kauniisti kaapin kokonaisuuteen.<\/li>\n<li><b>Kokoamisen yksityiskohdat:<\/b> Kokaaminen on helppoa, tarvitset vain kaksi henke\u00e4 ja ruuvimeisselin. Selke\u00e4t ohjeet tekev\u00e4t prosessista sujuvaa, joten voit nauttia uudesta s\u00e4ilytysratkaisustasi ilman vaivann\u00e4k\u00f6\u00e4.<\/li>\n<\/ul>\n<ul>\n<li>V\u00e4ri: Musta tammi.<\/li>\n<li>Materiaali: Tekninen puu<\/li>\n<li>Yleiset mitat: 29,5 x 35 x 101 cm (P x L x K)<\/li>\n<li>Paino: 17,2 kg<\/li>\n<li>Runsaasti s\u00e4ilytystilaa<\/li>\n<li>Kest\u00e4v\u00e4<\/li>\n<li>Mukana 5 levyhyllyt<\/li>\n<li>Mukana 1 saranoitu ovi<\/li>\n<li>Vain sis\u00e4k\u00e4ytt\u00f6\u00f6n<\/li>\n<li>Toimitus-:<\/li>\n<li>1 x kenk\u00e4kaappi<\/li>\n<li>Kokoonpano vaaditaan: Kyll\u00e4<\/li>\n<\/ul>\n","protected":false},"excerpt":{"rendered":"<ul>\n<li>V\u00e4ri: Musta tammi.<\/li>\n<li>Materiaali: Tekninen puu<\/li>\n<li>Yleiset mitat: 29,5 x 35 x 101 cm (P x L x K)<\/li>\n<li>Paino: 17,2 kg<\/li>\n<li>Runsaasti s\u00e4ilytystilaa<\/li>\n<li>Kest\u00e4v\u00e4<\/li>\n<li>Mukana 5 levyhyllyt<\/li>\n<li>Mukana 1 saranoitu ovi<\/li>\n<li>Vain sis\u00e4k\u00e4ytt\u00f6\u00f6n<\/li>\n<li>Toimitus-:<\/li>\n<li>1 x kenk\u00e4kaappi<\/li>\n<li>Kokoonpano vaaditaan: Kyll\u00e4<\/li>\n<\/ul>\n","protected":false},"featured_media":100000192990,"comment_status":"closed","ping_status":"closed","template":"","meta":[],"product_brand":[],"product_cat":[84],"product_tag":[],"class_list":{"0":"post-192990","1":"product","2":"type-product","3":"status-publish","4":"has-post-thumbnail","6":"product_cat-huonekalut","8":"first","9":"instock","10":"taxable","11":"shipping-taxable","12":"purchasable","13":"product-type-simple"},"_links":{"self":[{"href":"https:\/\/www.otiumhome.fi\/index.php\/wp-json\/wp\/v2\/product\/192990","targetHints":{"allow":["GET"]}}],"collection":[{"href":"https:\/\/www.otiumhome.fi\/index.php\/wp-json\/wp\/v2\/product"}],"about":[{"href":"https:\/\/www.otiumhome.fi\/index.php\/wp-json\/wp\/v2\/types\/product"}],"replies":[{"embeddable":true,"href":"https:\/\/www.otiumhome.fi\/index.php\/wp-json\/wp\/v2\/comments?post=192990"}],"wp:featuredmedia":[{"embeddable":true,"href":"https:\/\/www.otiumhome.fi\/index.php\/wp-json\/"}],"wp:attachment":[{"href":"https:\/\/www.otiumhome.fi\/index.php\/wp-json\/wp\/v2\/media?parent=192990"}],"wp:term":[{"taxonomy":"product_brand","embeddable":true,"href":"https:\/\/www.otiumhome.fi\/index.php\/wp-json\/wp\/v2\/product_brand?post=192990"},{"taxonomy":"product_cat","embeddable":true,"href":"https:\/\/www.otiumhome.fi\/index.php\/wp-json\/wp\/v2\/product_cat?post=192990"},{"taxonomy":"product_tag","embeddable":true,"href":"https:\/\/www.otiumhome.fi\/index.php\/wp-json\/wp\/v2\/product_tag?post=192990"}],"curies":[{"name":"wp","href":"https:\/\/api.w.org\/{rel}","templated":true}]}}