{"id":192989,"date":"2025-11-24T03:15:43","date_gmt":"2025-11-24T03:15:43","guid":{"rendered":"https:\/\/www.otiumhome.fi\/?p=192989"},"modified":"2025-12-09T04:10:30","modified_gmt":"2025-12-09T04:10:30","slug":"kenkakaappi-hyllylla-musta-tammi-59-x-35-x-70-cm-tekninen-puu","status":"publish","type":"product","link":"https:\/\/www.otiumhome.fi\/index.php\/tuote\/kenkakaappi-hyllylla-musta-tammi-59-x-35-x-70-cm-tekninen-puu\/","title":{"rendered":"Kenk\u00e4kaappi hyllyll\u00e4 Musta tammi. 59 x 35 x 70 cm Tekninen puu"},"content":{"rendered":"<p>T\u00e4\u00e4 kenk\u00e4kaappi yhdist\u00e4\u00e4 tyylin ja toimivuuden modernilla muotoilullaan, ja on tehty erityisesti sun tilojen j\u00e4rjest\u00e4miseen ja siistimiseen. Se sopii t\u00e4ydellisesti olohuoneeseen tai eteiseen, ja sen suorakaiteen muoto plus puhtaat linjat antavat hienostuneen ilmeen moderneissa ymp\u00e4rist\u00f6iss\u00e4. Kaappi on suunniteltu k\u00e4ytett\u00e4v\u00e4ksi sis\u00e4ll\u00e4, ja tarjoaa keskitetyn kenk\u00e4s\u00e4ilytysratkaisun, mik\u00e4 helpottaa kaaoksen hallintaa samalla korostaen moderneja esteettisi\u00e4 juttuja.<\/p>\n<ul>\n<li><b>Tekninen puu<\/b> T\u00e4\u00e4 kenk\u00e4s\u00e4ilytyskaappi on tehty teknisest\u00e4 puusta, mik\u00e4 tuo lis\u00e4\u00e4 kest\u00e4vyytt\u00e4 ja tyylik\u00e4st\u00e4 viilua. Materiaali on valittu sen kest\u00e4vyyn takia, joten kaappi pysyy huippukunnossa p\u00e4iv\u00e4 p\u00e4iv\u00e4lt\u00e4.<\/li>\n<li><b>Levyhyllyt<\/b> Kaapissa on levyhyllyt, jotka tarjoaa yksinkertaisen mutta tehokkaan s\u00e4ilytysratkaisun erilaisille kengille. Hyllyt on suunniteltu tukemaan useita pareja tasaisesti ja pit\u00e4en rakenteen kunnossa.<\/li>\n<li><b>Saranoidut ovet<\/b> T\u00e4\u00e4 s\u00e4ilytysyksikk\u00f6 on varustettu saranoiduilla ovilla, jotka antaa nopean p\u00e4\u00e4syn kenkiesi luo, helpottaen noutoa ilman, ett\u00e4 kaapin siistit linjat h\u00e4iriintyv\u00e4t.<\/li>\n<li><b>Sauva\u2011kahvat<\/b> Jokaisessa ovessa on kivat sauva\u2011kahvat, jotka boostaa kaapin modernia vieh\u00e4tyst\u00e4. N\u00e4\u00e4 kahvat parantaa mukavuutta ovia avatessa ja suljettaessa, yhdist\u00e4en tyylin ja k\u00e4yt\u00e4nn\u00f6llisyyden.<\/li>\n<li><b>Tilaa s\u00e4\u00e4st\u00e4v\u00e4 muotoilu<\/b> Mitat 59 x 35 x 70 cm tekee kenk\u00e4kaapista tosi p\u00e4tev\u00e4n pienempiin tiloihin, vaikka se silti tarjoaa paljon s\u00e4ilytystilaa, joten se on t\u00e4ydellinen valinta tilank\u00e4yt\u00f6n optimointiin ilman tyylist\u00e4 tinkimist\u00e4.<\/li>\n<\/ul>\n<ul>\n<li>V\u00e4ri: Musta tammi.<\/li>\n<li>Materiaali: Tekninen puu<\/li>\n<li>Yleiset mitat: 59 x 35 x 70 cm (P x L x K)<\/li>\n<li>Paino: 20,8 kg<\/li>\n<li>Runsaasti s\u00e4ilytystilaa<\/li>\n<li>Kest\u00e4v\u00e4<\/li>\n<li>Mukana 3 levyhyllyt<\/li>\n<li>Mukana 2 saranoidut ovet<\/li>\n<li>Vain sis\u00e4k\u00e4ytt\u00f6\u00f6n<\/li>\n<li>Toimitus-:<\/li>\n<li>1 x kenk\u00e4kaappi<\/li>\n<li>Kokoonpano vaaditaan: Kyll\u00e4<\/li>\n<\/ul>\n","protected":false},"excerpt":{"rendered":"<ul>\n<li>V\u00e4ri: Musta tammi.<\/li>\n<li>Materiaali: Tekninen puu<\/li>\n<li>Yleiset mitat: 59 x 35 x 70 cm (P x L x K)<\/li>\n<li>Paino: 20,8 kg<\/li>\n<li>Runsaasti s\u00e4ilytystilaa<\/li>\n<li>Kest\u00e4v\u00e4<\/li>\n<li>Mukana 3 levyhyllyt<\/li>\n<li>Mukana 2 saranoidut ovet<\/li>\n<li>Vain sis\u00e4k\u00e4ytt\u00f6\u00f6n<\/li>\n<li>Toimitus-:<\/li>\n<li>1 x kenk\u00e4kaappi<\/li>\n<li>Kokoonpano vaaditaan: Kyll\u00e4<\/li>\n<\/ul>\n","protected":false},"featured_media":100000192989,"comment_status":"closed","ping_status":"closed","template":"","meta":[],"product_brand":[],"product_cat":[84],"product_tag":[],"class_list":{"0":"post-192989","1":"product","2":"type-product","3":"status-publish","4":"has-post-thumbnail","6":"product_cat-huonekalut","8":"first","9":"instock","10":"taxable","11":"shipping-taxable","12":"purchasable","13":"product-type-simple"},"_links":{"self":[{"href":"https:\/\/www.otiumhome.fi\/index.php\/wp-json\/wp\/v2\/product\/192989","targetHints":{"allow":["GET"]}}],"collection":[{"href":"https:\/\/www.otiumhome.fi\/index.php\/wp-json\/wp\/v2\/product"}],"about":[{"href":"https:\/\/www.otiumhome.fi\/index.php\/wp-json\/wp\/v2\/types\/product"}],"replies":[{"embeddable":true,"href":"https:\/\/www.otiumhome.fi\/index.php\/wp-json\/wp\/v2\/comments?post=192989"}],"wp:featuredmedia":[{"embeddable":true,"href":"https:\/\/www.otiumhome.fi\/index.php\/wp-json\/"}],"wp:attachment":[{"href":"https:\/\/www.otiumhome.fi\/index.php\/wp-json\/wp\/v2\/media?parent=192989"}],"wp:term":[{"taxonomy":"product_brand","embeddable":true,"href":"https:\/\/www.otiumhome.fi\/index.php\/wp-json\/wp\/v2\/product_brand?post=192989"},{"taxonomy":"product_cat","embeddable":true,"href":"https:\/\/www.otiumhome.fi\/index.php\/wp-json\/wp\/v2\/product_cat?post=192989"},{"taxonomy":"product_tag","embeddable":true,"href":"https:\/\/www.otiumhome.fi\/index.php\/wp-json\/wp\/v2\/product_tag?post=192989"}],"curies":[{"name":"wp","href":"https:\/\/api.w.org\/{rel}","templated":true}]}}