{"id":192816,"date":"2025-11-19T09:44:34","date_gmt":"2025-11-19T09:44:34","guid":{"rendered":"https:\/\/www.otiumhome.fi\/?p=192816"},"modified":"2025-12-14T18:00:28","modified_gmt":"2025-12-14T18:00:28","slug":"tv-seinahyllyt-led-nauhavalot-4-pcs-artisan-tammi-tekninen-puu","status":"publish","type":"product","link":"https:\/\/www.otiumhome.fi\/index.php\/tuote\/tv-seinahyllyt-led-nauhavalot-4-pcs-artisan-tammi-tekninen-puu\/","title":{"rendered":"TV-sein\u00e4hyllyt LED -nauhavalot 4 pcs Artisan tammi Tekninen puu"},"content":{"rendered":"<p>N\u00e4m\u00e4 modernit TV-sein\u00e4hyllyt tekev\u00e4t el\u00e4misest\u00e4 tyylik\u00e4st\u00e4 yksinkertaisella suunnittelullaan. Ne on valmistettu teknisest\u00e4 puusta, joka yhdist\u00e4\u00e4 kauniisti muotoilun ja toimivuuden, tarjoten innovatiivisen s\u00e4ilytysratkaisun mihin tahansa huoneeseen. Sein\u00e4lle asennettuna ne maksimoivat tilan, antaen siisti\u00e4 ilmett\u00e4, joka parantaa kodin estetiikkaa ja hy\u00f6ty\u00e4.<\/p>\n<ul>\n<li><b>Tekninen puu:<\/b> Kest\u00e4v\u00e4 rakenne takaa, ett\u00e4 n\u00e4m\u00e4 kaapit kest\u00e4v\u00e4t k\u00e4ytt\u00f6\u00e4 ja n\u00e4ytt\u00e4v\u00e4t hyvilt\u00e4 pitk\u00e4\u00e4n.<\/li>\n<li><b>Upotettu valaistus:<\/b> LED-valot luovat miellytt\u00e4v\u00e4n kokonaisuuden ja korostavat esineit\u00e4. T\u00e4m\u00e4 valaistus parantaa katselukokemusta ja t\u00e4ydent\u00e4\u00e4 kaapin tyyli\u00e4.<\/li>\n<li><b>Lasihyllyt:<\/b> Esteettisesti miellytt\u00e4v\u00e4t ja kevyet hyllyt tuovat esille herk\u00e4t esineet sek\u00e4 tekev\u00e4t tilasta avoimemman. Loistava paikka taiteelle tai ker\u00e4ilyesineille.<\/li>\n<li><b>K\u00e4yt\u00e4nn\u00f6lliset saranat:<\/b> Helpotukset varmistavat, ett\u00e4 p\u00e4\u00e4set kaikille sis\u00e4ll\u00f6ille siihen, mik\u00e4 s\u00e4\u00e4st\u00e4\u00e4 aikaasi. Hyllynyhytys ja ovien avaus ovat helppoja ja mukautuvat tyylikk\u00e4\u00e4seen muotoon.<\/li>\n<li><b>Tilan s\u00e4\u00e4st\u00e4v\u00e4 sein\u00e4kiinnitys:<\/b> Kiinnitettyn\u00e4 turvallisesti sein\u00e4\u00e4n, t\u00e4m\u00e4 kaappi soveltuu t\u00e4ydellisesti pieniin tiloihin, antaen tilaa muille asioille. Sen muotoilu auttaa organisoinnissa, sopii hyvin minimalistiseen el\u00e4m\u00e4\u00e4n.<\/li>\n<\/ul>\n<ul>\n<li>V\u00e4ri: Artisan tammi<\/li>\n<li>Materiaali: Tekninen puu<\/li>\n<li>Yleiset mitat: 30,5 x 30 x 60 cm (P x L x K)<\/li>\n<li>Mukana 2 saranoidut ovet<\/li>\n<li>Mukana 2 lasihyllyt<\/li>\n<li>Valotyyppi: Led-valonauhat<\/li>\n<li>Kokoonpano vaaditaan: Kyll\u00e4<\/li>\n<li>Toimitus-:<\/li>\n<li>2 x TV-sein\u00e4hylly: 30,5 x 30 x 60 cm (P x L x K)<\/li>\n<li>2 x TV-sein\u00e4hylly: 40 x 30 x 30 cm (P x L x K)<\/li>\n<\/ul>\n","protected":false},"excerpt":{"rendered":"<ul>\n<li>V\u00e4ri: Artisan tammi<\/li>\n<li>Materiaali: Tekninen puu<\/li>\n<li>Yleiset mitat: 30,5 x 30 x 60 cm (P x L x K)<\/li>\n<li>Mukana 2 saranoidut ovet<\/li>\n<li>Mukana 2 lasihyllyt<\/li>\n<li>Valotyyppi: Led-valonauhat<\/li>\n<li>Kokoonpano vaaditaan: Kyll\u00e4<\/li>\n<li>Toimitus-:<\/li>\n<li>2 x TV-sein\u00e4hylly: 30,5 x 30 x 60 cm (P x L x K)<\/li>\n<li>2 x TV-sein\u00e4hylly: 40 x 30 x 30 cm (P x L x K)<\/li>\n<\/ul>\n","protected":false},"featured_media":100000192816,"comment_status":"closed","ping_status":"closed","template":"","meta":[],"product_brand":[],"product_cat":[84],"product_tag":[],"class_list":{"0":"post-192816","1":"product","2":"type-product","3":"status-publish","4":"has-post-thumbnail","6":"product_cat-huonekalut","8":"first","9":"instock","10":"taxable","11":"shipping-taxable","12":"purchasable","13":"product-type-simple"},"_links":{"self":[{"href":"https:\/\/www.otiumhome.fi\/index.php\/wp-json\/wp\/v2\/product\/192816","targetHints":{"allow":["GET"]}}],"collection":[{"href":"https:\/\/www.otiumhome.fi\/index.php\/wp-json\/wp\/v2\/product"}],"about":[{"href":"https:\/\/www.otiumhome.fi\/index.php\/wp-json\/wp\/v2\/types\/product"}],"replies":[{"embeddable":true,"href":"https:\/\/www.otiumhome.fi\/index.php\/wp-json\/wp\/v2\/comments?post=192816"}],"wp:featuredmedia":[{"embeddable":true,"href":"https:\/\/www.otiumhome.fi\/index.php\/wp-json\/"}],"wp:attachment":[{"href":"https:\/\/www.otiumhome.fi\/index.php\/wp-json\/wp\/v2\/media?parent=192816"}],"wp:term":[{"taxonomy":"product_brand","embeddable":true,"href":"https:\/\/www.otiumhome.fi\/index.php\/wp-json\/wp\/v2\/product_brand?post=192816"},{"taxonomy":"product_cat","embeddable":true,"href":"https:\/\/www.otiumhome.fi\/index.php\/wp-json\/wp\/v2\/product_cat?post=192816"},{"taxonomy":"product_tag","embeddable":true,"href":"https:\/\/www.otiumhome.fi\/index.php\/wp-json\/wp\/v2\/product_tag?post=192816"}],"curies":[{"name":"wp","href":"https:\/\/api.w.org\/{rel}","templated":true}]}}