{"id":192802,"date":"2025-11-19T09:44:21","date_gmt":"2025-11-19T09:44:21","guid":{"rendered":"https:\/\/www.otiumhome.fi\/?p=192802"},"modified":"2025-12-23T22:07:48","modified_gmt":"2025-12-23T22:07:48","slug":"tv-kaappi-seinakiinnitettava-4-pcs-vanha-puu-tekninen-puu","status":"publish","type":"product","link":"https:\/\/www.otiumhome.fi\/index.php\/tuote\/tv-kaappi-seinakiinnitettava-4-pcs-vanha-puu-tekninen-puu\/","title":{"rendered":"TV-kaappi Sein\u00e4kiinnitett\u00e4v\u00e4 4 pcs Vanha Puu Tekninen puu"},"content":{"rendered":"<p>T\u00e4m\u00e4 sein\u00e4lle kiinnitett\u00e4v\u00e4 TV-kaappi on sek\u00e4 tyylik\u00e4s ett\u00e4 k\u00e4yt\u00e4nn\u00f6llinen kaluste olohuoneeseesi. Moderni muotoilu tarjoaa k\u00e4yt\u00e4nn\u00f6n s\u00e4ilytysratkaisuja ja maksimoi samalla tilank\u00e4yt\u00f6n. TV-kaapin mitat ovat 40,5 x 30 x 102 cm, joten se sopii t\u00e4ydellisesti erilaisiin huoneisiin. T\u00e4m\u00e4 kaappi on suunniteltu niille, jotka arvostavat sek\u00e4 muotoa ett\u00e4 k\u00e4yt\u00e4nn\u00f6llisyytt\u00e4, ja se tarjoaa useita vaihtoehtoja ja parantaa modernia elintilaa. Minimalistinen tyyli tuo hienostuneen paikan koriste-esineiden esittelyyn.<\/p>\n<ul>\n<li><b>Tekninen puu:<\/b> Valmistettu korkealaatuisesta teknisest\u00e4 puusta, t\u00e4m\u00e4 TV-kaappi yhdist\u00e4\u00e4 kest\u00e4vyyden ja modernin ilmeen. Se tarjoaa tyylikk\u00e4\u00e4n ulkon\u00e4\u00f6n, joka kest\u00e4\u00e4 p\u00e4ivitt\u00e4ist\u00e4 k\u00e4ytt\u00f6\u00e4. Sen sile\u00e4 pinta tuo lis\u00e4\u00e4 puhtautta ja yksinkertaisuutta kotisi ilmeeseen.<\/li>\n<li><b>Sein\u00e4kiinnitett\u00e4v\u00e4 rakenne:<\/b> T\u00e4m\u00e4 kaappi on suunniteltu kiinnitett\u00e4v\u00e4ksi sein\u00e4lle, mik\u00e4 luo tilaa s\u00e4\u00e4st\u00e4v\u00e4n ja modernin ilmeen. Tarkat mitat varmistavat t\u00e4ydellisen istuvuuden ja siistin elintilan. Sein\u00e4lle kiinnitett\u00e4v\u00e4 rakenne tuo innovatiivisuutta huoneen sisustukseen.<\/li>\n<li><b>Levyhyllyt:<\/b> Laaja ja muunneltava hyllyj\u00e4rjestelm\u00e4 tekee elektroniikan ja muiden tavaroiden organisoinnista vaivatonta. N\u00e4m\u00e4 hyllyt ovat t\u00e4ydellisi\u00e4 esineiden, kirjojen ja arvokkaiden koriste-esineiden esittelyyn tai s\u00e4ilytt\u00e4miseen, parantaen huoneen esteettisyytt\u00e4 ja toimivuutta.<\/li>\n<li><b>Saranat doors:<\/b> Kaapissa on saranat doors, jotka tarjoavat helppoa p\u00e4\u00e4sy\u00e4 s\u00e4ilytett\u00e4v\u00e4\u00e4n tavaraan, samalla kun ne piilottavat tavarat n\u00e4tisti. N\u00e4iden ovien tarkka mekanismi lis\u00e4\u00e4 sek\u00e4 turvallisuutta ett\u00e4 mukavuutta, mahdollistaen nopeat ja j\u00e4rjestelm\u00e4lliset s\u00e4ilytysratkaisut. Toiminnallisuus lis\u00e4\u00e4 kaapin modernia eleganssia.<\/li>\n<li><b>Kokoamisohjeet:<\/b> Kokoamiseen tarvitset kaksi henkil\u00f6\u00e4 ja ruuvimeisselin, ja noudatat selkeit\u00e4 valmistajan ohjeita. T\u00e4m\u00e4 helppo asennusprosessi varmistaa luotettavan asennuksen, mik\u00e4 tuo rauhoittavaa mielt\u00e4 kodin sisustukseen.<\/li>\n<\/ul>\n<ul>\n<li>V\u00e4ri: Vanha puu<\/li>\n<li>Materiaali: Tekninen puu<\/li>\n<li>Yleiset mitat: 40,5 x 30 x 40 cm (P x L x K)<\/li>\n<li>Mukana 7 saranoidut ovet<\/li>\n<li>Mukana 3 levyhyllyt<\/li>\n<li>Enimm\u00e4ispaino: 40 kg<\/li>\n<li>Kokoonpano vaaditaan: Kyll\u00e4<\/li>\n<li>Toimitus-:<\/li>\n<li>1 x Sein\u00e4kaappi: 40.5 x 30 x 40 cm (P x L x K)<\/li>\n<li>1 x Sein\u00e4kaappi: 40.5 x 30 x 102 cm (P x L x K)<\/li>\n<li>2 x Sein\u00e4kaappi: 80 x 30 x 41 cm (P x L x K)<\/li>\n<\/ul>\n","protected":false},"excerpt":{"rendered":"<ul>\n<li>V\u00e4ri: Vanha puu<\/li>\n<li>Materiaali: Tekninen puu<\/li>\n<li>Yleiset mitat: 40,5 x 30 x 40 cm (P x L x K)<\/li>\n<li>Mukana 7 saranoidut ovet<\/li>\n<li>Mukana 3 levyhyllyt<\/li>\n<li>Enimm\u00e4ispaino: 40 kg<\/li>\n<li>Kokoonpano vaaditaan: Kyll\u00e4<\/li>\n<li>Toimitus-:<\/li>\n<li>1 x Sein\u00e4kaappi: 40.5 x 30 x 40 cm (P x L x K)<\/li>\n<li>1 x Sein\u00e4kaappi: 40.5 x 30 x 102 cm (P x L x K)<\/li>\n<li>2 x Sein\u00e4kaappi: 80 x 30 x 41 cm (P x L x K)<\/li>\n<\/ul>\n","protected":false},"featured_media":100000192802,"comment_status":"closed","ping_status":"closed","template":"","meta":[],"product_brand":[],"product_cat":[84],"product_tag":[],"class_list":{"0":"post-192802","1":"product","2":"type-product","3":"status-publish","4":"has-post-thumbnail","6":"product_cat-huonekalut","8":"first","9":"instock","10":"taxable","11":"shipping-taxable","12":"purchasable","13":"product-type-simple"},"_links":{"self":[{"href":"https:\/\/www.otiumhome.fi\/index.php\/wp-json\/wp\/v2\/product\/192802","targetHints":{"allow":["GET"]}}],"collection":[{"href":"https:\/\/www.otiumhome.fi\/index.php\/wp-json\/wp\/v2\/product"}],"about":[{"href":"https:\/\/www.otiumhome.fi\/index.php\/wp-json\/wp\/v2\/types\/product"}],"replies":[{"embeddable":true,"href":"https:\/\/www.otiumhome.fi\/index.php\/wp-json\/wp\/v2\/comments?post=192802"}],"wp:featuredmedia":[{"embeddable":true,"href":"https:\/\/www.otiumhome.fi\/index.php\/wp-json\/"}],"wp:attachment":[{"href":"https:\/\/www.otiumhome.fi\/index.php\/wp-json\/wp\/v2\/media?parent=192802"}],"wp:term":[{"taxonomy":"product_brand","embeddable":true,"href":"https:\/\/www.otiumhome.fi\/index.php\/wp-json\/wp\/v2\/product_brand?post=192802"},{"taxonomy":"product_cat","embeddable":true,"href":"https:\/\/www.otiumhome.fi\/index.php\/wp-json\/wp\/v2\/product_cat?post=192802"},{"taxonomy":"product_tag","embeddable":true,"href":"https:\/\/www.otiumhome.fi\/index.php\/wp-json\/wp\/v2\/product_tag?post=192802"}],"curies":[{"name":"wp","href":"https:\/\/api.w.org\/{rel}","templated":true}]}}