{"id":192800,"date":"2025-11-19T09:34:42","date_gmt":"2025-11-19T09:34:42","guid":{"rendered":"https:\/\/www.otiumhome.fi\/?p=192800"},"modified":"2025-12-23T22:09:46","modified_gmt":"2025-12-23T22:09:46","slug":"tv-kaappi-led-nauhavalot-7-pcs-artisan-tammi-tekninen-puu","status":"publish","type":"product","link":"https:\/\/www.otiumhome.fi\/index.php\/tuote\/tv-kaappi-led-nauhavalot-7-pcs-artisan-tammi-tekninen-puu\/","title":{"rendered":"TV-kaappi LED -nauhavalot 7 pcs Artisan tammi Tekninen puu"},"content":{"rendered":"<p>T\u00e4m\u00e4 monik\u00e4ytt\u00f6inen sein\u00e4lle asennettava TV-kaappi on t\u00e4ydellinen lis\u00e4 moderniin olohuoneeseen. Valmistettu teknisest\u00e4 puusta ja siin\u00e4 on tyylik\u00e4s, yksinkertainen muotoilu. Kaapin suorakaiteen muoto tuo esiin puhtaita linjoja ja se sopii hyvin nykyisiin tiloihin, varmistaa samalla runsaasti s\u00e4ilytystilaa. Dynaamiset LED-valot antavat s\u00e4\u00e4t\u00f6mahdollisuuksia, luoden mukautuvan tunnelman erilaisiin katselukokemuksiin.<\/p>\n<ul>\n<li><b>Korkealaatuiset materiaalit<\/b> Teknisest\u00e4 puusta valmistettu TV-kaappi on kest\u00e4v\u00e4 ja varmistaa pitk\u00e4ik\u00e4isyyden. Sen tyyli tuo ripauksen eleganssia kotiin.<\/li>\n<li><b>Monik\u00e4ytt\u00f6inen LED-valaistus<\/b> Moniv\u00e4riset LED-nauhat saavat sinut luomaan tunnelmallisen ymp\u00e4rist\u00f6n. Ne tarjoavat energiatehokasta valoa, joka mukautuu fiiliksesi mukaan.<\/li>\n<li><b>Runsas s\u00e4ilytystila<\/b> Kaappi tarjoaa useita lokeroita, joihin mahtuu mit\u00e4 tahansa koristeista mediatoistimiin. Useat hyllyt pit\u00e4v\u00e4t tavarat j\u00e4rjestyksess\u00e4 tyylikk\u00e4\u00e4sti.<\/li>\n<li><b>Moderni esteettinen vieh\u00e4tys<\/b> Sen yksinkertainen muotoilu sopii erilaisiin sisustustyyleihin. Olipa tyyli moderni tai klassinen, se tuo avaruutta ja eleganssia.<\/li>\n<li><b>Vaivaton kokoaminen ja hoito<\/b> Kokoaminen onnistuu helposti ruuvimeisselin avulla. Hoitoon riitt\u00e4\u00e4 s\u00e4\u00e4nn\u00f6llinen puhdistus ja kovien kemikaalien v\u00e4ltt\u00e4minen. T\u00e4ll\u00e4 tavoin kaluste pysyy hyv\u00e4ss\u00e4 kunnossa pitk\u00e4\u00e4n.<\/li>\n<\/ul>\n<ul>\n<li>V\u00e4ri: Artisan tammi<\/li>\n<li>Materiaali: Tekninen puu<\/li>\n<li>Yleiset mitat: 30,5 x 30 x 102 cm (P x L x K)<\/li>\n<li>Mukana 5 saranoidut ovet<\/li>\n<li>Mukana 15 levyhyllyt<\/li>\n<li>Valotyyppi: Led-valonauhat<\/li>\n<li>Enimm\u00e4ispaino: 70 kg<\/li>\n<li>Kokoonpano vaaditaan: Kyll\u00e4<\/li>\n<li>Toimitus-:<\/li>\n<li>1 x Sein\u00e4hyllykaappi: 30.5 x 30 x 102 cm (PxLxK)<\/li>\n<li>2 x Sein\u00e4hyllykaappi: 40 x 30 x 30 cm (PxLxK)<\/li>\n<li>4 x Sein\u00e4hyllykaappi: 40 x 30 x 40 cm (PxLxK)<\/li>\n<\/ul>\n","protected":false},"excerpt":{"rendered":"<ul>\n<li>V\u00e4ri: Artisan tammi<\/li>\n<li>Materiaali: Tekninen puu<\/li>\n<li>Yleiset mitat: 30,5 x 30 x 102 cm (P x L x K)<\/li>\n<li>Mukana 5 saranoidut ovet<\/li>\n<li>Mukana 15 levyhyllyt<\/li>\n<li>Valotyyppi: Led-valonauhat<\/li>\n<li>Enimm\u00e4ispaino: 70 kg<\/li>\n<li>Kokoonpano vaaditaan: Kyll\u00e4<\/li>\n<li>Toimitus-:<\/li>\n<li>1 x Sein\u00e4hyllykaappi: 30.5 x 30 x 102 cm (PxLxK)<\/li>\n<li>2 x Sein\u00e4hyllykaappi: 40 x 30 x 30 cm (PxLxK)<\/li>\n<li>4 x Sein\u00e4hyllykaappi: 40 x 30 x 40 cm (PxLxK)<\/li>\n<\/ul>\n","protected":false},"featured_media":100000192800,"comment_status":"closed","ping_status":"closed","template":"","meta":[],"product_brand":[],"product_cat":[84],"product_tag":[],"class_list":{"0":"post-192800","1":"product","2":"type-product","3":"status-publish","4":"has-post-thumbnail","6":"product_cat-huonekalut","8":"first","9":"instock","10":"taxable","11":"shipping-taxable","12":"purchasable","13":"product-type-simple"},"_links":{"self":[{"href":"https:\/\/www.otiumhome.fi\/index.php\/wp-json\/wp\/v2\/product\/192800","targetHints":{"allow":["GET"]}}],"collection":[{"href":"https:\/\/www.otiumhome.fi\/index.php\/wp-json\/wp\/v2\/product"}],"about":[{"href":"https:\/\/www.otiumhome.fi\/index.php\/wp-json\/wp\/v2\/types\/product"}],"replies":[{"embeddable":true,"href":"https:\/\/www.otiumhome.fi\/index.php\/wp-json\/wp\/v2\/comments?post=192800"}],"wp:featuredmedia":[{"embeddable":true,"href":"https:\/\/www.otiumhome.fi\/index.php\/wp-json\/"}],"wp:attachment":[{"href":"https:\/\/www.otiumhome.fi\/index.php\/wp-json\/wp\/v2\/media?parent=192800"}],"wp:term":[{"taxonomy":"product_brand","embeddable":true,"href":"https:\/\/www.otiumhome.fi\/index.php\/wp-json\/wp\/v2\/product_brand?post=192800"},{"taxonomy":"product_cat","embeddable":true,"href":"https:\/\/www.otiumhome.fi\/index.php\/wp-json\/wp\/v2\/product_cat?post=192800"},{"taxonomy":"product_tag","embeddable":true,"href":"https:\/\/www.otiumhome.fi\/index.php\/wp-json\/wp\/v2\/product_tag?post=192800"}],"curies":[{"name":"wp","href":"https:\/\/api.w.org\/{rel}","templated":true}]}}