{"id":192797,"date":"2025-11-19T09:34:39","date_gmt":"2025-11-19T09:34:39","guid":{"rendered":"https:\/\/www.otiumhome.fi\/?p=192797"},"modified":"2025-12-23T22:09:40","modified_gmt":"2025-12-23T22:09:40","slug":"tv-kaappi-led-nauhavalot-laatikon-kanssa-8-pcs-vanha-puu-lasi","status":"publish","type":"product","link":"https:\/\/www.otiumhome.fi\/index.php\/tuote\/tv-kaappi-led-nauhavalot-laatikon-kanssa-8-pcs-vanha-puu-lasi\/","title":{"rendered":"TV-kaappi LED -nauhavalot laatikon kanssa 8 pcs Vanha Puu Lasi"},"content":{"rendered":"<p>T\u00e4\u00e4 monik\u00e4ytt\u00f6inen sein\u00e4lle asennettava TV-kaappi on t\u00e4ydellinen lis\u00e4 mihin vaan olohuoneeseen. Siin\u00e4 on moderni ulkon\u00e4k\u00f6 ja k\u00e4yt\u00e4nn\u00f6llinen muotoilu. Kaapissa on tilaa kaikille kodin viihdekomponenteille, ja sen suorat linjat ja lasihyllyt yhdist\u00e4\u00e4 tyylin ja k\u00e4yt\u00e4nn\u00f6llisyyden, mik\u00e4 on just se, mit\u00e4 moderni tila kaipaakin.<\/p>\n<ul>\n<li><b>Moderni tekninen puu:<\/b> T\u00e4\u00e4 tv-kaappi yhdistelee teknist\u00e4 puuta ja lasia, luoden modernin ja k\u00e4yt\u00e4nn\u00f6llisen tyyli. Puu varmistaa, ett\u00e4 kaappi kest\u00e4\u00e4 pitk\u00e4\u00e4n, ja lasihyllyt tuo mukaan tyylikkyytt\u00e4.<\/li>\n<li><b>Tilan s\u00e4\u00e4st\u00e4v\u00e4 sein\u00e4asennus:<\/b> Suunniteltu sein\u00e4lle, t\u00e4\u00e4 optimoi tilan ja n\u00e4ytt\u00e4\u00e4 hyv\u00e4lt\u00e4. Kaappi on virtaviivainen ja sopii mainiosti moderneihin olohuoneisiin.<\/li>\n<li><b>Dynaamiset LED-nauhalyhdyt:<\/b> LED-valot tarjoaa tunnelmavalaistuksen ja eri valaistuskuvioita, joten voit s\u00e4\u00e4t\u00e4\u00e4 fiilist\u00e4 erilaisten aktiviteettien mukaan.<\/li>\n<li><b>S\u00e4ilytysominaisuudet:<\/b> T\u00e4ss\u00e4 on tilaa kaikelle, olipa kyseess\u00e4 laitteet, kirjat tai koristeet. Erilaiset tasot ja laatikot mahdollistaa siistin ja j\u00e4rjestelm\u00e4llisen s\u00e4ilytyksen.<\/li>\n<li><b>Hoito-ohjeet:<\/b> Noudata tarkasti ohjeita kokoamisen ajaksi ja s\u00e4\u00e4nn\u00f6llinen p\u00f6lyys pidet\u00e4\u00e4n kaappi hyv\u00e4ss\u00e4 kunnossa. V\u00e4lt\u00e4 hankaavia aineita, niin kaappi kest\u00e4\u00e4 pitk\u00e4\u00e4n.<\/li>\n<\/ul>\n<ul>\n<li>V\u00e4ri: Vanha puu<\/li>\n<li>Materiaali: Lasi<\/li>\n<li>Yleiset mitat: 30 x 28,5 x 30 cm (P x L x K)<\/li>\n<li>14 laatikoilla<\/li>\n<li>Mukana 14 lasihyllyt<\/li>\n<li>Valotyyppi: Led-valonauhat<\/li>\n<li>Enimm\u00e4ispaino: 80 kg<\/li>\n<li>Kokoonpano vaaditaan: Kyll\u00e4<\/li>\n<li>Toimitus-:<\/li>\n<li>6 x sein\u00e4kaappi: 30 x 28.5 x 30 cm (P x L x K)<\/li>\n<li>2 x sein\u00e4kaappi: 60 x 30 x 30 cm (P x L x K)<\/li>\n<\/ul>\n","protected":false},"excerpt":{"rendered":"<ul>\n<li>V\u00e4ri: Vanha puu<\/li>\n<li>Materiaali: Lasi<\/li>\n<li>Yleiset mitat: 30 x 28,5 x 30 cm (P x L x K)<\/li>\n<li>14 laatikoilla<\/li>\n<li>Mukana 14 lasihyllyt<\/li>\n<li>Valotyyppi: Led-valonauhat<\/li>\n<li>Enimm\u00e4ispaino: 80 kg<\/li>\n<li>Kokoonpano vaaditaan: Kyll\u00e4<\/li>\n<li>Toimitus-:<\/li>\n<li>6 x sein\u00e4kaappi: 30 x 28.5 x 30 cm (P x L x K)<\/li>\n<li>2 x sein\u00e4kaappi: 60 x 30 x 30 cm (P x L x K)<\/li>\n<\/ul>\n","protected":false},"featured_media":100000192797,"comment_status":"closed","ping_status":"closed","template":"","meta":[],"product_brand":[],"product_cat":[84],"product_tag":[],"class_list":{"0":"post-192797","1":"product","2":"type-product","3":"status-publish","4":"has-post-thumbnail","6":"product_cat-huonekalut","8":"first","9":"instock","10":"taxable","11":"shipping-taxable","12":"purchasable","13":"product-type-simple"},"_links":{"self":[{"href":"https:\/\/www.otiumhome.fi\/index.php\/wp-json\/wp\/v2\/product\/192797","targetHints":{"allow":["GET"]}}],"collection":[{"href":"https:\/\/www.otiumhome.fi\/index.php\/wp-json\/wp\/v2\/product"}],"about":[{"href":"https:\/\/www.otiumhome.fi\/index.php\/wp-json\/wp\/v2\/types\/product"}],"replies":[{"embeddable":true,"href":"https:\/\/www.otiumhome.fi\/index.php\/wp-json\/wp\/v2\/comments?post=192797"}],"wp:featuredmedia":[{"embeddable":true,"href":"https:\/\/www.otiumhome.fi\/index.php\/wp-json\/"}],"wp:attachment":[{"href":"https:\/\/www.otiumhome.fi\/index.php\/wp-json\/wp\/v2\/media?parent=192797"}],"wp:term":[{"taxonomy":"product_brand","embeddable":true,"href":"https:\/\/www.otiumhome.fi\/index.php\/wp-json\/wp\/v2\/product_brand?post=192797"},{"taxonomy":"product_cat","embeddable":true,"href":"https:\/\/www.otiumhome.fi\/index.php\/wp-json\/wp\/v2\/product_cat?post=192797"},{"taxonomy":"product_tag","embeddable":true,"href":"https:\/\/www.otiumhome.fi\/index.php\/wp-json\/wp\/v2\/product_tag?post=192797"}],"curies":[{"name":"wp","href":"https:\/\/api.w.org\/{rel}","templated":true}]}}