{"id":192793,"date":"2025-11-19T09:34:37","date_gmt":"2025-11-19T09:34:37","guid":{"rendered":"https:\/\/www.otiumhome.fi\/?p=192793"},"modified":"2025-12-23T22:09:38","modified_gmt":"2025-12-23T22:09:38","slug":"tv-seinayksikko-led-nauhavalot-6-pcs-vanha-puu-tekninen-puu","status":"publish","type":"product","link":"https:\/\/www.otiumhome.fi\/index.php\/tuote\/tv-seinayksikko-led-nauhavalot-6-pcs-vanha-puu-tekninen-puu\/","title":{"rendered":"TV-sein\u00e4yksikk\u00f6 LED -nauhavalot 6 pcs Vanha Puu Tekninen puu"},"content":{"rendered":"<p>LED TV sein\u00e4yksikk\u00f6 on moderni s\u00e4ilytysratkaisu, joka muuttaa olohuoneen siistiksi ja toimivaksi tilaksi. Sen tyylik\u00e4s suorakulmainen muoto ja minimalistinen muotoilu tekev\u00e4t siit\u00e4 t\u00e4ydellisen lis\u00e4n niille, jotka arvostavat nykyaikaista estetiikkaa. TV-sein\u00e4yksikk\u00f6 ei vain tue televisiota, vaan tarjoilee my\u00f6s runsaasti s\u00e4ilytystilaa, joten alue pysyy siistin\u00e4 ja puhdas ilme on taattu. T\u00e4ydellinen kaupunkikoteihin tai tilatietoisiin ymp\u00e4rist\u00f6ihin, se yhdist\u00e4\u00e4 saumattomasti teknologian ja s\u00e4ilytyksen, mahdollistamalla j\u00e4rjestelyjen ja elegantin olohuoneen.<\/p>\n<ul>\n<li><b>Tekninen puu ja lasi:<\/b> T\u00e4m\u00e4 sein\u00e4lle asennettava kaappi on valmistettu korkealaatuisesta teknisest\u00e4 puusta, joka tarjoaa kest\u00e4v\u00e4n ja pitk\u00e4ik\u00e4isen rakenteen. Teknisen puun k\u00e4ytt\u00e4minen on ymp\u00e4rist\u00f6yst\u00e4v\u00e4llist\u00e4 ja tuo tilaan l\u00e4mpim\u00e4n, modernin tunteen. Lasielementit hyllyiss\u00e4 lis\u00e4\u00e4v\u00e4t siistin ja tyylikk\u00e4\u00e4n s\u00e4v\u00e4yksen.<\/li>\n<li><b>Toiminnalliset hyllyt:<\/b> Teknisen puun hyllyt tukevat luotettavasti erilaisia esineit\u00e4, DVD:ist\u00e4 koriste-esineisiin. N\u00e4m\u00e4 k\u00e4yt\u00e4nn\u00f6lliset mutta tyylikk\u00e4\u00e4t hyllyt t\u00e4ytt\u00e4v\u00e4t monenlaisia s\u00e4ilytystarpeita ilman estetikan uhraamista.<\/li>\n<li><b>USB-virran integrointi:<\/b> USB-pistokkeella varustettu yksikk\u00f6 takaa, ett\u00e4 LED-valonauhat ja muut elektroniset komponentit ovat helppok\u00e4ytt\u00f6isi\u00e4. T\u00e4m\u00e4 yhteys yhdist\u00e4\u00e4 k\u00e4yt\u00e4nn\u00f6llisyyden ja modernin toiminnallisuuden, t\u00e4ytt\u00e4en nykyaikaisten laitteiden vaatimukset.<\/li>\n<li><b>J\u00e4rjestelm\u00e4llinen asennus:<\/b> Saranoidut ovikaapit mahdollistavat helpon p\u00e4\u00e4syn tallennettaviin esineisiin, tarjoten k\u00e4yt\u00e4nn\u00f6llisyytt\u00e4 ja eleganssia. Teknisen puun ovet parantavat yksik\u00f6n siisti\u00e4 ilmett\u00e4 ja edist\u00e4v\u00e4t j\u00e4rjestyst\u00e4.<\/li>\n<li><b>Huolto-ohjeet:<\/b> Kokoaminen vaatii kaksi henkil\u00f6\u00e4 ja ruuvimeisselin valmistajan ohjeiden mukaan. Oikea asennus varmistaa vakauden ja pitk\u00e4ik\u00e4isyyden, pit\u00e4en tuotteen n\u00e4ytt\u00e4v\u00e4n\u00e4.<\/li>\n<\/ul>\n<ul>\n<li>V\u00e4ri: Vanha puu<\/li>\n<li>Materiaali: Tekninen puu<\/li>\n<li>Yleiset mitat: 30 x 28,5 x 30 cm (P x L x K)<\/li>\n<li>Mukana 2 saranoidut ovet<\/li>\n<li>Mukana 14 levyhyllyt<\/li>\n<li>Valotyyppi: Led-valonauhat<\/li>\n<li>Enimm\u00e4ispaino: 60 kg<\/li>\n<li>Kokoonpano vaaditaan: Kyll\u00e4<\/li>\n<li>Toimitus-:<\/li>\n<li>2 x sein\u00e4kaappi: 30 x 28.5 x 30 cm (P x L x K)<\/li>\n<li>2 x sein\u00e4kaappi: 30.5 x 30 x 90 cm (P x L x K)<\/li>\n<li>2 x sein\u00e4kaappi: 60 x 30 x 30 cm (P x L x K)<\/li>\n<\/ul>\n","protected":false},"excerpt":{"rendered":"<ul>\n<li>V\u00e4ri: Vanha puu<\/li>\n<li>Materiaali: Tekninen puu<\/li>\n<li>Yleiset mitat: 30 x 28,5 x 30 cm (P x L x K)<\/li>\n<li>Mukana 2 saranoidut ovet<\/li>\n<li>Mukana 14 levyhyllyt<\/li>\n<li>Valotyyppi: Led-valonauhat<\/li>\n<li>Enimm\u00e4ispaino: 60 kg<\/li>\n<li>Kokoonpano vaaditaan: Kyll\u00e4<\/li>\n<li>Toimitus-:<\/li>\n<li>2 x sein\u00e4kaappi: 30 x 28.5 x 30 cm (P x L x K)<\/li>\n<li>2 x sein\u00e4kaappi: 30.5 x 30 x 90 cm (P x L x K)<\/li>\n<li>2 x sein\u00e4kaappi: 60 x 30 x 30 cm (P x L x K)<\/li>\n<\/ul>\n","protected":false},"featured_media":100000192793,"comment_status":"closed","ping_status":"closed","template":"","meta":[],"product_brand":[],"product_cat":[84],"product_tag":[],"class_list":{"0":"post-192793","1":"product","2":"type-product","3":"status-publish","4":"has-post-thumbnail","6":"product_cat-huonekalut","8":"first","9":"instock","10":"taxable","11":"shipping-taxable","12":"purchasable","13":"product-type-simple"},"_links":{"self":[{"href":"https:\/\/www.otiumhome.fi\/index.php\/wp-json\/wp\/v2\/product\/192793","targetHints":{"allow":["GET"]}}],"collection":[{"href":"https:\/\/www.otiumhome.fi\/index.php\/wp-json\/wp\/v2\/product"}],"about":[{"href":"https:\/\/www.otiumhome.fi\/index.php\/wp-json\/wp\/v2\/types\/product"}],"replies":[{"embeddable":true,"href":"https:\/\/www.otiumhome.fi\/index.php\/wp-json\/wp\/v2\/comments?post=192793"}],"wp:featuredmedia":[{"embeddable":true,"href":"https:\/\/www.otiumhome.fi\/index.php\/wp-json\/"}],"wp:attachment":[{"href":"https:\/\/www.otiumhome.fi\/index.php\/wp-json\/wp\/v2\/media?parent=192793"}],"wp:term":[{"taxonomy":"product_brand","embeddable":true,"href":"https:\/\/www.otiumhome.fi\/index.php\/wp-json\/wp\/v2\/product_brand?post=192793"},{"taxonomy":"product_cat","embeddable":true,"href":"https:\/\/www.otiumhome.fi\/index.php\/wp-json\/wp\/v2\/product_cat?post=192793"},{"taxonomy":"product_tag","embeddable":true,"href":"https:\/\/www.otiumhome.fi\/index.php\/wp-json\/wp\/v2\/product_tag?post=192793"}],"curies":[{"name":"wp","href":"https:\/\/api.w.org\/{rel}","templated":true}]}}