{"id":192789,"date":"2025-11-19T09:34:33","date_gmt":"2025-11-19T09:34:33","guid":{"rendered":"https:\/\/www.otiumhome.fi\/?p=192789"},"modified":"2025-12-14T18:00:30","modified_gmt":"2025-12-14T18:00:30","slug":"tv-seinahyllyt-led-nauhavalot-4-pcs-musta-tammi-tekninen-puu","status":"publish","type":"product","link":"https:\/\/www.otiumhome.fi\/index.php\/tuote\/tv-seinahyllyt-led-nauhavalot-4-pcs-musta-tammi-tekninen-puu\/","title":{"rendered":"TV-sein\u00e4hyllyt LED -nauhavalot 4 pcs Musta tammi. Tekninen puu"},"content":{"rendered":"<p>N\u00e4m\u00e4 modernit TV-sein\u00e4kaapit on suunniteltu tarjoamaan sek\u00e4 kauneutta ett\u00e4 k\u00e4yt\u00e4nn\u00f6llisyytt\u00e4 olohuoneeseesi tai makuuhuoneeseesi. Kaappi on tunnettu yksinkertaisista ja puhtaista linjoista sek\u00e4 tyylikk\u00e4\u00e4st\u00e4 viimeistelyist\u00e4\u00e4n, ja se soveltuu hyvin nykyaikaisiin sisustuksiin. T\u00e4m\u00e4 on loistava valinta kaikille, jotka arvostavat minimalistista tyyli\u00e4 ilman ylim\u00e4\u00e4r\u00e4ist\u00e4 h\u00e4lin\u00e4\u00e4, ja se onkin t\u00e4ydellinen ratkaisu moderneille kotitalouksille, jotka hakevat virtaviivaisia s\u00e4ilytysratkaisuja. N\u00e4m\u00e4 kaapit nostavat huoneen tyylitietoisuutta ja toimivat keskipisteen\u00e4 samalla kun ne s\u00e4ilytt\u00e4v\u00e4t ja esittelev\u00e4t mediaa ja tarvikkeita.<\/p>\n<ul>\n<li><b>Materiaalit:<\/b> T\u00e4m\u00e4 TV-sein\u00e4kaappi on valmistettu korkealaatuisesta teknisest\u00e4 puusta, mik\u00e4 tekee siit\u00e4 kest\u00e4v\u00e4n ja n\u00e4ytt\u00e4v\u00e4n. Materiaalin kest\u00e4vyys varmistaa, ett\u00e4 kaappi pysyy tyylikk\u00e4\u00e4n\u00e4 pitk\u00e4\u00e4n.<\/li>\n<li><b>Sis\u00e4lt\u00e4\u00e4 komponentit:<\/b> Saranaovet ja lasihyllyt tuovat modernin tyylin kotiisi. Hyllyt pit\u00e4v\u00e4t esineet n\u00e4kyviss\u00e4 ja ovet lis\u00e4\u00e4v\u00e4t j\u00e4rjestyst\u00e4.<\/li>\n<li><b>Suunnitteluominaisuudet:<\/b> Kaappi on suunniteltu moderniin tunnelmaan, ja sein\u00e4kiinnitys s\u00e4\u00e4st\u00e4\u00e4 tilaa. Mukana olevat LED-nauvalamput tekev\u00e4t siit\u00e4 paitsi k\u00e4yt\u00e4nn\u00f6llisen my\u00f6s tunnelmallisen valonl\u00e4hteen, mik\u00e4 lis\u00e4\u00e4 kauneutta ja k\u00e4ytt\u00f6mukavuutta.<\/li>\n<li><b>Suositellut k\u00e4ytt\u00f6tavat:<\/b> Ihanteellinen olohuoneisiin ja makuuhuoneisiin, t\u00e4m\u00e4 kaappi on monik\u00e4ytt\u00f6inen. Se sopii erinomaisesti sek\u00e4 koriste-esineiden esittelyyn ett\u00e4 arjen tarpeiden s\u00e4ilytt\u00e4miseen.<\/li>\n<li><b>Hoito ja yll\u00e4pito:<\/b> Muista kiinnitt\u00e4\u00e4 kaappi sein\u00e4\u00e4n, jotta se pysyy turvallisena. S\u00e4\u00e4nn\u00f6llinen puhdistus kuivalla liinalla auttaa pit\u00e4m\u00e4\u00e4n kaapin siistin\u00e4 ja kunnossa.<\/li>\n<\/ul>\n<ul>\n<li>V\u00e4ri: Musta tammi.<\/li>\n<li>Materiaali: Tekninen puu<\/li>\n<li>Yleiset mitat: 40 x 30 x 30 cm (P x L x K)<\/li>\n<li>Mukana 2 saranoidut ovet<\/li>\n<li>Mukana 4 lasihyllyt<\/li>\n<li>Valotyyppi: Led-valonauhat<\/li>\n<li>Kokoonpano vaaditaan: Kyll\u00e4<\/li>\n<li>Toimitus-:<\/li>\n<li>2 x TV sein\u00e4kaappi: 30,5 x 30 x 90 cm (P x L x K)<\/li>\n<li>2 x TV sein\u00e4kaappi: 40 x 30 x 30 cm (P x L x K)<\/li>\n<\/ul>\n","protected":false},"excerpt":{"rendered":"<ul>\n<li>V\u00e4ri: Musta tammi.<\/li>\n<li>Materiaali: Tekninen puu<\/li>\n<li>Yleiset mitat: 40 x 30 x 30 cm (P x L x K)<\/li>\n<li>Mukana 2 saranoidut ovet<\/li>\n<li>Mukana 4 lasihyllyt<\/li>\n<li>Valotyyppi: Led-valonauhat<\/li>\n<li>Kokoonpano vaaditaan: Kyll\u00e4<\/li>\n<li>Toimitus-:<\/li>\n<li>2 x TV sein\u00e4kaappi: 30,5 x 30 x 90 cm (P x L x K)<\/li>\n<li>2 x TV sein\u00e4kaappi: 40 x 30 x 30 cm (P x L x K)<\/li>\n<\/ul>\n","protected":false},"featured_media":100000192789,"comment_status":"closed","ping_status":"closed","template":"","meta":[],"product_brand":[],"product_cat":[84],"product_tag":[],"class_list":{"0":"post-192789","1":"product","2":"type-product","3":"status-publish","4":"has-post-thumbnail","6":"product_cat-huonekalut","8":"first","9":"instock","10":"taxable","11":"shipping-taxable","12":"purchasable","13":"product-type-simple"},"_links":{"self":[{"href":"https:\/\/www.otiumhome.fi\/index.php\/wp-json\/wp\/v2\/product\/192789","targetHints":{"allow":["GET"]}}],"collection":[{"href":"https:\/\/www.otiumhome.fi\/index.php\/wp-json\/wp\/v2\/product"}],"about":[{"href":"https:\/\/www.otiumhome.fi\/index.php\/wp-json\/wp\/v2\/types\/product"}],"replies":[{"embeddable":true,"href":"https:\/\/www.otiumhome.fi\/index.php\/wp-json\/wp\/v2\/comments?post=192789"}],"wp:featuredmedia":[{"embeddable":true,"href":"https:\/\/www.otiumhome.fi\/index.php\/wp-json\/"}],"wp:attachment":[{"href":"https:\/\/www.otiumhome.fi\/index.php\/wp-json\/wp\/v2\/media?parent=192789"}],"wp:term":[{"taxonomy":"product_brand","embeddable":true,"href":"https:\/\/www.otiumhome.fi\/index.php\/wp-json\/wp\/v2\/product_brand?post=192789"},{"taxonomy":"product_cat","embeddable":true,"href":"https:\/\/www.otiumhome.fi\/index.php\/wp-json\/wp\/v2\/product_cat?post=192789"},{"taxonomy":"product_tag","embeddable":true,"href":"https:\/\/www.otiumhome.fi\/index.php\/wp-json\/wp\/v2\/product_tag?post=192789"}],"curies":[{"name":"wp","href":"https:\/\/api.w.org\/{rel}","templated":true}]}}