{"id":192622,"date":"2025-11-19T07:37:59","date_gmt":"2025-11-19T07:37:59","guid":{"rendered":"https:\/\/www.otiumhome.fi\/?p=192622"},"modified":"2026-01-12T12:43:26","modified_gmt":"2026-01-12T12:43:26","slug":"sangyn-runko-mustaa-ja-hopeaa-100-x-200-cm-tekninen-puu","status":"publish","type":"product","link":"https:\/\/www.otiumhome.fi\/index.php\/tuote\/sangyn-runko-mustaa-ja-hopeaa-100-x-200-cm-tekninen-puu\/","title":{"rendered":"S\u00e4ngyn runko Mustaa ja hopeaa 100 x 200 cm Tekninen puu"},"content":{"rendered":"<p>T\u00e4\u00e4 moderni s\u00e4ilytyss\u00e4nkykehys tuo raikkautta makuuhuoneeseen, yhdist\u00e4\u00e4 tyylin ja k\u00e4yt\u00e4nn\u00f6llisyyden saumattomasti. Sen suora, minimalistinen muotoilu sopii moderniin tyyliin, k\u00e4y t\u00e4ydellisesti mihin tahansa makuuhuonesettiin. Siisti linja ja yksinkertainen eleganssi mahdollistaa s\u00e4ngyn sulautuvan helposti erilaisiin sisustustyyleihin, luoden hienostuneen paikan rentoutumiselle.<\/p>\n<ul>\n<li><b>Tekninen puurakenne<\/b> Valmistettu laadukkaasta teknisest\u00e4 puusta, s\u00e4nkykehys tarjoaa kest\u00e4vyytt\u00e4 ja vakautta, joka takaa pitk\u00e4n k\u00e4ytt\u00f6i\u00e4n. Materiaali on valittu sen luotettavuuden ja kulutuskest\u00e4vyytens\u00e4 takia, joten se on k\u00e4yt\u00e4nn\u00f6llinen valinta arkeen. Meg\u00e4 tyylikk\u00e4\u00e4n ja k\u00e4yt\u00e4nn\u00f6llisen yhdistelm\u00e4n takaa, ett\u00e4 s\u00e4nky s\u00e4ilytt\u00e4\u00e4 esteettisen vieh\u00e4tysvoiman pitk\u00e4\u00e4n.<\/li>\n<li><b>Integroitu s\u00e4ilytysratkaisu<\/b> S\u00e4ngyss\u00e4 on k\u00e4tev\u00e4t s\u00e4ilytysmahdollisuudet, jotka on loistavia liinavaatteiden, vaatteiden tai henkil\u00f6kohtaisten tavaroiden j\u00e4rjest\u00e4miseen s\u00e4ngyn alle. T\u00e4m\u00e4 ominaisuus auttaa maksimoimaan makuuhuoneen s\u00e4ilytystilaa uhraamatta muita tiloja, sopii mik\u00e4li asut pieniss\u00e4 huoneissa tai asunnoissa, miss\u00e4 lis\u00e4s\u00e4ilytys on t\u00e4rke\u00e4\u00e4.<\/li>\n<li><b>Moderni p\u00e4\u00e4ty<\/b> Mukana tuleva p\u00e4\u00e4ty, joka on valmistettu teknisest\u00e4 puusta, tukee s\u00e4nky\u00e4 ja tuo eleganssia. Se tarjoaa mukautuvan tuen, olitpa sitten lukemassa istumassa tai vain lep\u00e4\u00e4m\u00e4ss\u00e4. T\u00e4m\u00e4 parantaa s\u00e4ngyn mukavuutta ja toimivuutta.<\/li>\n<li><b>Tehokas suunnittelu<\/b> S\u00e4ngyn korkeus on 32 cm, ja se on helppo koota ja puhdistaa. Tarvitset vain ruuvimeisselin ja kaksi kaveria, joten asennus on sujuvaa ja vaivattomasti hoidettavaa.<\/li>\n<li><b>Helppo hoito<\/b> S\u00e4ngyn kehyst\u00e4 on helppo pit\u00e4\u00e4 puhtaana, voit pyyhki\u00e4 sen vaan kostealla liinalla. Se s\u00e4ilyy raikkaana ja siistin\u00e4, joten s\u00e4nky on yht\u00e4 k\u00e4yt\u00e4nn\u00f6llinen kuin hieno.<\/li>\n<\/ul>\n<ul>\n<li>V\u00e4ri: Mustaa ja hopeaa<\/li>\n<li>Materiaali: Tekninen puu<\/li>\n<li>Kehysmateriaali: Tekninen puu<\/li>\n<li>Yleiset mitat: 203 x 102 x 90 cm (P x L x K)<\/li>\n<li>Yhteensopiva patjakoko: Leve\u00e4 yhden hengen s\u00e4nky (100 cm x 200 cm \/ 39&#8243; x 79&#8243;)<\/li>\n<li>Enimm\u00e4ispaino: 100 kg<\/li>\n<li>Enimm\u00e4ism\u00e4\u00e4r\u00e4 ihmisi\u00e4: 1<\/li>\n<li>Kest\u00e4v\u00e4<\/li>\n<li>Runsaasti s\u00e4ilytystilaa<\/li>\n<li>S\u00e4ngyn korkeus: 32 cm<\/li>\n<li>Helppo puhdistaa<\/li>\n<li>Helppo kokoaminen<\/li>\n<li>Laatikkojen kehys mukana<\/li>\n<li>S\u00e4ngynp\u00e4\u00e4ty mukana<\/li>\n<li>Laatikolla<\/li>\n<li>Kokoonpano vaaditaan: Kyll\u00e4<\/li>\n<li>Toimitus-:<\/li>\n<li>1 x s\u00e4ngynrunko<\/li>\n<li>1 x s\u00e4ngynp\u00e4\u00e4ty<\/li>\n<\/ul>\n","protected":false},"excerpt":{"rendered":"<ul>\n<li>V\u00e4ri: Mustaa ja hopeaa<\/li>\n<li>Materiaali: Tekninen puu<\/li>\n<li>Kehysmateriaali: Tekninen puu<\/li>\n<li>Yleiset mitat: 203 x 102 x 90 cm (P x L x K)<\/li>\n<li>Yhteensopiva patjakoko: Leve\u00e4 yhden hengen s\u00e4nky (100 cm x 200 cm \/ 39&#8243; x 79&#8243;)<\/li>\n<li>Enimm\u00e4ispaino: 100 kg<\/li>\n<li>Enimm\u00e4ism\u00e4\u00e4r\u00e4 ihmisi\u00e4: 1<\/li>\n<li>Kest\u00e4v\u00e4<\/li>\n<li>Runsaasti s\u00e4ilytystilaa<\/li>\n<li>S\u00e4ngyn korkeus: 32 cm<\/li>\n<li>Helppo puhdistaa<\/li>\n<li>Helppo kokoaminen<\/li>\n<li>Laatikkojen kehys mukana<\/li>\n<li>S\u00e4ngynp\u00e4\u00e4ty mukana<\/li>\n<li>Laatikolla<\/li>\n<li>Kokoonpano vaaditaan: Kyll\u00e4<\/li>\n<li>Toimitus-:<\/li>\n<li>1 x s\u00e4ngynrunko<\/li>\n<li>1 x s\u00e4ngynp\u00e4\u00e4ty<\/li>\n<\/ul>\n","protected":false},"featured_media":100000192622,"comment_status":"closed","ping_status":"closed","template":"","meta":[],"product_brand":[],"product_cat":[84,8638],"product_tag":[],"class_list":{"0":"post-192622","1":"product","2":"type-product","3":"status-publish","4":"has-post-thumbnail","6":"product_cat-huonekalut","7":"product_cat-sangyt-sangynrungot","9":"first","10":"instock","11":"taxable","12":"shipping-taxable","13":"purchasable","14":"product-type-simple"},"_links":{"self":[{"href":"https:\/\/www.otiumhome.fi\/index.php\/wp-json\/wp\/v2\/product\/192622","targetHints":{"allow":["GET"]}}],"collection":[{"href":"https:\/\/www.otiumhome.fi\/index.php\/wp-json\/wp\/v2\/product"}],"about":[{"href":"https:\/\/www.otiumhome.fi\/index.php\/wp-json\/wp\/v2\/types\/product"}],"replies":[{"embeddable":true,"href":"https:\/\/www.otiumhome.fi\/index.php\/wp-json\/wp\/v2\/comments?post=192622"}],"wp:featuredmedia":[{"embeddable":true,"href":"https:\/\/www.otiumhome.fi\/index.php\/wp-json\/"}],"wp:attachment":[{"href":"https:\/\/www.otiumhome.fi\/index.php\/wp-json\/wp\/v2\/media?parent=192622"}],"wp:term":[{"taxonomy":"product_brand","embeddable":true,"href":"https:\/\/www.otiumhome.fi\/index.php\/wp-json\/wp\/v2\/product_brand?post=192622"},{"taxonomy":"product_cat","embeddable":true,"href":"https:\/\/www.otiumhome.fi\/index.php\/wp-json\/wp\/v2\/product_cat?post=192622"},{"taxonomy":"product_tag","embeddable":true,"href":"https:\/\/www.otiumhome.fi\/index.php\/wp-json\/wp\/v2\/product_tag?post=192622"}],"curies":[{"name":"wp","href":"https:\/\/api.w.org\/{rel}","templated":true}]}}