{"id":192208,"date":"2025-11-19T07:11:29","date_gmt":"2025-11-19T07:11:29","guid":{"rendered":"https:\/\/www.otiumhome.fi\/?p=192208"},"modified":"2025-12-09T11:40:27","modified_gmt":"2025-12-09T11:40:27","slug":"kirjahylly-sanky-harmaa-sonoma-160-x-200-cm-tekninen-puu","status":"publish","type":"product","link":"https:\/\/www.otiumhome.fi\/index.php\/tuote\/kirjahylly-sanky-harmaa-sonoma-160-x-200-cm-tekninen-puu\/","title":{"rendered":"Kirjahylly S\u00e4nky Harmaa sonoma 160 x 200 cm Tekninen puu"},"content":{"rendered":"<p>Minimalistinen Kirjahylly S\u00e4nky yhdist\u00e4\u00e4 k\u00e4yt\u00e4nn\u00f6llisyyden ja tyylin, ja se toimii hienosti modernissa minimalistisessa makuuhuoneessa. Siistit linjat ja \u00e4lyk\u00e4s muotoilu luovat rauhallista tunnelmaa, mik\u00e4 on loistavaa niille, jotka haluavat pit\u00e4\u00e4 asiat j\u00e4rjestyksess\u00e4. P\u00e4\u00e4dyn kirjasto tarjoaa \u00e4lykk\u00e4\u00e4n s\u00e4ilytysratkaisun, joten t\u00e4m\u00e4 s\u00e4nky on t\u00e4ydellinen pieniin tiloihin, kuten mukaviin makuuhuoneisiin tai vierashuoneisiin. Her\u00e4\u00e4 rauhallisessa ymp\u00e4rist\u00f6ss\u00e4, joka tuntuu j\u00e4rjestelm\u00e4lliselt\u00e4 sen yksinkertaisen eleganssin ja tehokkaan s\u00e4ilytyksen ansiosta. Jos rakastat lukemista tai hyv\u00e4\u00e4 suunnittelua, t\u00e4ss\u00e4 s\u00e4ngyss\u00e4 on runsaasti s\u00e4ilytystilaa, ja se kaunistaa huonettasi.<\/p>\n<ul><\/p>\n<li><b>Teknisen Puun Materiaali:<\/b> Valmistettu kest\u00e4v\u00e4st\u00e4 teknisest\u00e4 puusta, s\u00e4nky on vahva ja kest\u00e4v\u00e4. T\u00e4m\u00e4 puu on tasalaatuista ja kest\u00e4\u00e4 v\u00e4\u00e4ntymist\u00e4 ja halkeilua, joten se pysyy k\u00e4yt\u00f6ss\u00e4 pitk\u00e4\u00e4n. Sen sile\u00e4 pinta n\u00e4ytt\u00e4\u00e4 kiillotetulta ja sopii t\u00e4ydellisesti minimalistisiin sisustuksiin.<\/li>\n<p><\/p>\n<li><b>Integroitu Kirjahylly P\u00e4\u00e4ty:<\/b> S\u00e4ngyss\u00e4 on k\u00e4tev\u00e4 kirjahyllyp\u00e4\u00e4ty, joka tarjoaa lis\u00e4\u00e4 s\u00e4ilytystilaa, olipa kyseess\u00e4 kirjat, pikkuesineet tai henkil\u00f6kohtaiset tavarat. T\u00e4m\u00e4 on t\u00e4ydellinen tiukkoihin tiloihin, ja se v\u00e4hent\u00e4\u00e4 ylim\u00e4\u00e4r\u00e4isten huonekalujen tarvetta, pit\u00e4en asiat siistein\u00e4. Voit helposti napata tarvitsemasi jutut y\u00f6ll\u00e4, jolloin asuintilasi pysyv\u00e4t j\u00e4rjestyksess\u00e4.<\/li>\n<p><\/p>\n<li><b>Kest\u00e4v\u00e4 Rakenne:<\/b> Rakennettu vankkojen materiaalien avulla, t\u00e4m\u00e4 s\u00e4nky on tehty kest\u00e4m\u00e4\u00e4n pitk\u00e4\u00e4n. P\u00e4\u00e4dyn ja s\u00e4nkyrungon liitos varmistaa, ett\u00e4 se kest\u00e4\u00e4 paljon painoa ilman huojuvaa tunnetta. Sen j\u00e4m\u00e4kk\u00e4 rakenne tuo mielenrauhaa k\u00e4yt\u00f6n aikana.<\/li>\n<p><\/p>\n<li><b>Pienelle Tilalle Sopiva Muotoilu:<\/b> T\u00e4m\u00e4 L-muotoinen s\u00e4nky asettuu kauniisti nurkkiin ja hy\u00f6dynt\u00e4\u00e4 makuuhuoneesi tilaa. Se on t\u00e4ydellinen kaikille, jotka haluavat maksimoida lattiatilansa tinkim\u00e4tt\u00e4 tyylist\u00e4 tai k\u00e4yt\u00e4nn\u00f6llisyydest\u00e4, erityisesti pieniss\u00e4 huoneissa.<\/li>\n<p><\/p>\n<li><b>Yksinkertainen Huolto:<\/b> S\u00e4ngyn pit\u00e4minen hyv\u00e4lt\u00e4 n\u00e4ytt\u00e4v\u00e4n\u00e4 on helppoa: pyyhk\u00e4ise se vain kostealla liinalla. Kest\u00e4v\u00e4t materiaalit eiv\u00e4t vaadi paljon huolenpitoa, joten se pysyy kauniina ilman suurempaa vaivann\u00e4k\u00f6\u00e4, jolloin voit keskitty\u00e4 nauttimaan vain tilastasi.<\/li>\n<\/ul>\n<ul>\n<li>V\u00e4ri: Harmaa sonoma<\/li>\n<li>Materiaali: Tekninen puu<\/li>\n<li>Kehysmateriaali: Melamiini<\/li>\n<li>Yleiset mitat: 217.5 x 177.5 x 76.5 cm (P x L x K)<\/li>\n<li>Patjan koko: Leve\u00e4 yhden hengen s\u00e4nky (100 cm x 200 cm \/ 39&#8243; x 79&#8243;)<\/li>\n<li>Onko slated kehys: Kyll\u00e4<\/li>\n<li>Enimm\u00e4ism\u00e4\u00e4r\u00e4 ihmisi\u00e4: 2<\/li>\n<li>Kest\u00e4v\u00e4<\/li>\n<li>Muut<\/li>\n<li>L-muotoinen muotoilu<\/li>\n<li>Kest\u00e4v\u00e4 rakenne<\/li>\n<li>Kaksi asennusvaihtoehtoa<\/li>\n<li>Ei tarvitse bokspatjaa<\/li>\n<li>Kokoonpano vaaditaan: Kyll\u00e4<\/li>\n<li>Toimitus-:<\/li>\n<li>1 x S\u00e4ngyn runko<\/li>\n<li>1 x Kirjahyllyn p\u00e4\u00e4ty<\/li>\n<\/ul>\n","protected":false},"excerpt":{"rendered":"<ul>\n<li>V\u00e4ri: Harmaa sonoma<\/li>\n<li>Materiaali: Tekninen puu<\/li>\n<li>Kehysmateriaali: Melamiini<\/li>\n<li>Yleiset mitat: 217.5 x 177.5 x 76.5 cm (P x L x K)<\/li>\n<li>Patjan koko: Leve\u00e4 yhden hengen s\u00e4nky (100 cm x 200 cm \/ 39&#8243; x 79&#8243;)<\/li>\n<li>Onko slated kehys: Kyll\u00e4<\/li>\n<li>Enimm\u00e4ism\u00e4\u00e4r\u00e4 ihmisi\u00e4: 2<\/li>\n<li>Kest\u00e4v\u00e4<\/li>\n<li>Muut<\/li>\n<li>L-muotoinen muotoilu<\/li>\n<li>Kest\u00e4v\u00e4 rakenne<\/li>\n<li>Kaksi asennusvaihtoehtoa<\/li>\n<li>Ei tarvitse bokspatjaa<\/li>\n<li>Kokoonpano vaaditaan: Kyll\u00e4<\/li>\n<li>Toimitus-:<\/li>\n<li>1 x S\u00e4ngyn runko<\/li>\n<li>1 x Kirjahyllyn p\u00e4\u00e4ty<\/li>\n<\/ul>\n","protected":false},"featured_media":100000192208,"comment_status":"closed","ping_status":"closed","template":"","meta":[],"product_brand":[],"product_cat":[84,8638],"product_tag":[],"class_list":{"0":"post-192208","1":"product","2":"type-product","3":"status-publish","4":"has-post-thumbnail","6":"product_cat-huonekalut","7":"product_cat-sangyt-sangynrungot","9":"first","10":"outofstock","11":"taxable","12":"shipping-taxable","13":"purchasable","14":"product-type-simple"},"_links":{"self":[{"href":"https:\/\/www.otiumhome.fi\/index.php\/wp-json\/wp\/v2\/product\/192208","targetHints":{"allow":["GET"]}}],"collection":[{"href":"https:\/\/www.otiumhome.fi\/index.php\/wp-json\/wp\/v2\/product"}],"about":[{"href":"https:\/\/www.otiumhome.fi\/index.php\/wp-json\/wp\/v2\/types\/product"}],"replies":[{"embeddable":true,"href":"https:\/\/www.otiumhome.fi\/index.php\/wp-json\/wp\/v2\/comments?post=192208"}],"wp:featuredmedia":[{"embeddable":true,"href":"https:\/\/www.otiumhome.fi\/index.php\/wp-json\/"}],"wp:attachment":[{"href":"https:\/\/www.otiumhome.fi\/index.php\/wp-json\/wp\/v2\/media?parent=192208"}],"wp:term":[{"taxonomy":"product_brand","embeddable":true,"href":"https:\/\/www.otiumhome.fi\/index.php\/wp-json\/wp\/v2\/product_brand?post=192208"},{"taxonomy":"product_cat","embeddable":true,"href":"https:\/\/www.otiumhome.fi\/index.php\/wp-json\/wp\/v2\/product_cat?post=192208"},{"taxonomy":"product_tag","embeddable":true,"href":"https:\/\/www.otiumhome.fi\/index.php\/wp-json\/wp\/v2\/product_tag?post=192208"}],"curies":[{"name":"wp","href":"https:\/\/api.w.org\/{rel}","templated":true}]}}