{"id":192026,"date":"2025-11-19T06:36:35","date_gmt":"2025-11-19T06:36:35","guid":{"rendered":"https:\/\/www.otiumhome.fi\/?p=192026"},"modified":"2025-11-24T09:24:52","modified_gmt":"2025-11-24T09:24:52","slug":"lasten-sangynrunko-laatikoilla-80x200-cm-taysi-manty","status":"publish","type":"product","link":"https:\/\/www.otiumhome.fi\/index.php\/tuote\/lasten-sangynrunko-laatikoilla-80x200-cm-taysi-manty\/","title":{"rendered":"Lasten s\u00e4ngynrunko laatikoilla 80&#215;200 cm t\u00e4ysi m\u00e4nty"},"content":{"rendered":"<p>Lapsesi tulee ihastumaan t\u00e4h\u00e4n upeaan puiseen talonmuotoiseen s\u00e4ngynrunkoon, olipa h\u00e4nell\u00e4 mieless\u00e4 seuraava seikkailu tai nukkumatin maille ajelehtiminen.<\/p>\n<\/p>\n<ul>\n<li>Vakaa ja pitk\u00e4kestoinen runko: T\u00e4ysi m\u00e4nty tunnetaan lujuudestaan ja kest\u00e4vyydest\u00e4\u00e4n. Sen suorat puunsyyt ja erottuvat oksanpaikat lis\u00e4\u00e4v\u00e4t sen rustiikkista charmia.<\/li>\n<li>Leikkis\u00e4 talomuotoilu: T\u00e4m\u00e4 leikkis\u00e4 talon inspiroima s\u00e4ngynrunko muuntaa nukkumaanmenon hauskaksi seikkailuksi lapsille. Se tarjoaa viihtyis\u00e4n paikan nukkumaanmenoa varten ja leikkis\u00e4n alueen mielikuvitukselliseen leikkiin.<\/li>\n<li>Kaiteet lis\u00e4turvallisuuteen: T\u00e4m\u00e4 s\u00e4ngyn runko on varustettu sivukaiteilla, jotka est\u00e4v\u00e4t lastasi putoamasta s\u00e4ngyst\u00e4 nukkuessaan.<\/li>\n<li>Avoin kattorakenne tee-se-itse harrastajille: Avoin kattorakenne tarjoaa loputtomasti suunnittelumahdollisuuksia. Voit helposti ripustaa koristeita tai kiinnitt\u00e4\u00e4 leikkiteltan todella maagisen ja persoonallisen tilan luomiseksi.<\/li>\n<li>Tilava s\u00e4ilytystila s\u00e4ngyn alla: T\u00e4m\u00e4n s\u00e4ngynrungon alla on runsaasti tilaa s\u00e4ilytyslaatikoille, koreille, laatikoille ja muille.<\/li>\n<li>Vaivaton liikkuvuus: T\u00e4ss\u00e4 s\u00e4ngyn alla olevassa s\u00e4ilytyslaatikossa on nelj\u00e4 py\u00f6r\u00e4\u00e4, jotka tarjoavat sujuvan ja vaivattoman liukuvuuden sis\u00e4\u00e4n ja ulos s\u00e4ngyn alta.<\/li>\n<\/ul>\n<p>Hyv\u00e4 tiet\u00e4\u00e4:<\/p>\n<ul>\n<li>Patja ei sis\u00e4lly t\u00e4h\u00e4n s\u00e4nkyyn. Tarjoamme monipuolisen valikoiman patjoja, jotka l\u00f6yd\u00e4t tarkistamalla myym\u00e4l\u00e4mme valikoiman.<\/li>\n<\/ul>\n<ul>\n<li>V\u00e4ri: Vahanruskea<\/li>\n<li>Materiaali: T\u00e4ysi m\u00e4nty<\/li>\n<li>Asennus vaaditaan: Kyll\u00e4<\/li>\n<li><strong>S\u00e4nky:<\/strong><\/li>\n<li>S\u00e4lemateriaali: Vaneri<\/li>\n<li>Kokonaismitat: 209 x 85,5 x 146 cm (P x L x K)<\/li>\n<li>Vapaa korkeus s\u00e4ngyn alla: 21 cm<\/li>\n<li>Sopiva patjan koko: 80 x 200 cm (L x P) (patja ei sis\u00e4lly toimitukseen)<\/li>\n<li>Suurin kantavuus (patjan kanssa): 100 kg<\/li>\n<li>Suositeltu ik\u00e4: 4 vuotta ja sit\u00e4 vanhemmat<\/li>\n<li>S\u00e4lepohjalla<\/li>\n<li><strong>Laatikko:<\/strong><\/li>\n<li>Ulkomitat: 95 x 55 x 17 cm (L x S x K)<\/li>\n<li>Sis\u00e4mitat: 86,5 x 52,5 x 10 cm (L x S x K)<\/li>\n<li>Maksimikantavuus (kukin): 20 kg<\/li>\n<li>Nelj\u00e4 py\u00f6r\u00e4\u00e4<\/li>\n<li><strong>Toimitus sis\u00e4lt\u00e4\u00e4:<\/strong><\/li>\n<li>1 x s\u00e4ngyn runko<\/li>\n<li>2 x vetolaatikko<\/li>\n<\/ul>\n","protected":false},"excerpt":{"rendered":"<ul>\n<li>V\u00e4ri: Vahanruskea<\/li>\n<li>Materiaali: T\u00e4ysi m\u00e4nty<\/li>\n<li>Asennus vaaditaan: Kyll\u00e4<\/li>\n<li><strong>S\u00e4nky:<\/strong><\/li>\n<li>S\u00e4lemateriaali: Vaneri<\/li>\n<li>Kokonaismitat: 209 x 85,5 x 146 cm (P x L x K)<\/li>\n<li>Vapaa korkeus s\u00e4ngyn alla: 21 cm<\/li>\n<li>Sopiva patjan koko: 80 x 200 cm (L x P) (patja ei sis\u00e4lly toimitukseen)<\/li>\n<li>Suurin kantavuus (patjan kanssa): 100 kg<\/li>\n<li>Suositeltu ik\u00e4: 4 vuotta ja sit\u00e4 vanhemmat<\/li>\n<li>S\u00e4lepohjalla<\/li>\n<li><strong>Laatikko:<\/strong><\/li>\n<li>Ulkomitat: 95 x 55 x 17 cm (L x S x K)<\/li>\n<li>Sis\u00e4mitat: 86,5 x 52,5 x 10 cm (L x S x K)<\/li>\n<li>Maksimikantavuus (kukin): 20 kg<\/li>\n<li>Nelj\u00e4 py\u00f6r\u00e4\u00e4<\/li>\n<li><strong>Toimitus sis\u00e4lt\u00e4\u00e4:<\/strong><\/li>\n<li>1 x s\u00e4ngyn runko<\/li>\n<li>2 x vetolaatikko<\/li>\n<\/ul>\n","protected":false},"featured_media":100000192026,"comment_status":"closed","ping_status":"closed","template":"","meta":[],"product_brand":[],"product_cat":[84,8638],"product_tag":[],"class_list":{"0":"post-192026","1":"product","2":"type-product","3":"status-publish","4":"has-post-thumbnail","6":"product_cat-huonekalut","7":"product_cat-sangyt-sangynrungot","9":"first","10":"instock","11":"taxable","12":"shipping-taxable","13":"purchasable","14":"product-type-simple"},"_links":{"self":[{"href":"https:\/\/www.otiumhome.fi\/index.php\/wp-json\/wp\/v2\/product\/192026","targetHints":{"allow":["GET"]}}],"collection":[{"href":"https:\/\/www.otiumhome.fi\/index.php\/wp-json\/wp\/v2\/product"}],"about":[{"href":"https:\/\/www.otiumhome.fi\/index.php\/wp-json\/wp\/v2\/types\/product"}],"replies":[{"embeddable":true,"href":"https:\/\/www.otiumhome.fi\/index.php\/wp-json\/wp\/v2\/comments?post=192026"}],"wp:featuredmedia":[{"embeddable":true,"href":"https:\/\/www.otiumhome.fi\/index.php\/wp-json\/"}],"wp:attachment":[{"href":"https:\/\/www.otiumhome.fi\/index.php\/wp-json\/wp\/v2\/media?parent=192026"}],"wp:term":[{"taxonomy":"product_brand","embeddable":true,"href":"https:\/\/www.otiumhome.fi\/index.php\/wp-json\/wp\/v2\/product_brand?post=192026"},{"taxonomy":"product_cat","embeddable":true,"href":"https:\/\/www.otiumhome.fi\/index.php\/wp-json\/wp\/v2\/product_cat?post=192026"},{"taxonomy":"product_tag","embeddable":true,"href":"https:\/\/www.otiumhome.fi\/index.php\/wp-json\/wp\/v2\/product_tag?post=192026"}],"curies":[{"name":"wp","href":"https:\/\/api.w.org\/{rel}","templated":true}]}}