{"id":191846,"date":"2025-11-19T03:48:51","date_gmt":"2025-11-19T03:48:51","guid":{"rendered":"https:\/\/www.otiumhome.fi\/?p=191846"},"modified":"2025-11-19T11:25:24","modified_gmt":"2025-11-19T11:25:24","slug":"kirjoituspoyta-90x40x107-cm-taysi-akaasiapuu","status":"publish","type":"product","link":"https:\/\/www.otiumhome.fi\/index.php\/tuote\/kirjoituspoyta-90x40x107-cm-taysi-akaasiapuu\/","title":{"rendered":"Kirjoitusp\u00f6yt\u00e4 90x40x107 cm t\u00e4ysi akaasiapuu"},"content":{"rendered":"<p>Luo erityinen paikka kirjoittaa, hoitaa laskut ja vastata kirjeisiin vintagetyylisell\u00e4, t\u00e4ydest\u00e4 akaasiapuusta valmistetulla kirjoitusp\u00f6yd\u00e4ll\u00e4!<\/p>\n<\/p>\n<p>Kirjoituskaapissa on alas vedett\u00e4v\u00e4 levy, jonka avulla voi luoda laajan ty\u00f6skentelytilan, ja sen sis\u00e4ll\u00e4 on kirjahylly ja vetolaatikko. Nelj\u00e4 vetolaatikkoa tarjoaa runsaasti s\u00e4ilytystilaa pienten esineiden j\u00e4rjestyksess\u00e4 ja k\u00e4den ulottuvilla pit\u00e4miseen. Kirjoitusp\u00f6yt\u00e4 on valmistettu t\u00e4ydest\u00e4 akaasiapuusta, joka on kest\u00e4v\u00e4 ja kaunis kovapuu. Taidokas k\u00e4sity\u00f6n j\u00e4lki tuo oman lis\u00e4ns\u00e4 p\u00f6yd\u00e4n retrotyyliin. Jokainen ty\u00f6vaihe on suoritettu eritt\u00e4in huolellisesti, oli kyseess\u00e4 sitten kiillotus, maalaus tai lakkaus. Ty\u00f6p\u00f6yt\u00e4 tulee valmiiksi koottuna; ei vaadi kokoamista.<\/p>\n<\/p>\n<p>T\u00e4rke\u00e4 huomio: kauniit v\u00e4rit ja pintakuviot saattavat vaihdella kappaleesta toiseen, mik\u00e4 tekee jokaisesta kappaleesta ainutlaatuisen ja hieman erilaisen kuin muut; toimitus on satunnainen.<\/p>\n<ul>\n<li>Materiaali: t\u00e4ysi akaasiapuu<\/li>\n<li>Mitat: 90 x 40 x 107 cm (P x L x K)<\/li>\n<li>Saranallinen kansi, jonka takaa l\u00f6ytyv\u00e4t kirjahylly ja vetolaatikko<\/li>\n<li>Hiottu, maalattu ja lakattu<\/li>\n<li>Valmiiksi koottu<\/li>\n<li>VAROITUS! Kaatumisen est\u00e4miseksi t\u00e4t\u00e4 tuotetta on k\u00e4ytett\u00e4v\u00e4 mukana toimitetun sein\u00e4kiinnityslaitteen kanssa.<\/li>\n<li>Legal Documents:\n<p><span>Lis\u00e4tietoja huonekalujesi kaatumisen est\u00e4misest\u00e4 voit l\u00f6yt\u00e4\u00e4 <span style=\"text-decoration: underline\"><strong><a title=\"https:\/\/bit.ly\/3bVwkQp\" href=\"https:\/\/bit.ly\/3bVwkQp\" target=\"_blank\">t\u00e4\u00e4lt\u00e4<\/a><\/strong><\/span><\/span><\/p>\n<\/li>\n<\/ul>\n","protected":false},"excerpt":{"rendered":"<ul>\n<li>Materiaali: t\u00e4ysi akaasiapuu<\/li>\n<li>Mitat: 90 x 40 x 107 cm (P x L x K)<\/li>\n<li>Saranallinen kansi, jonka takaa l\u00f6ytyv\u00e4t kirjahylly ja vetolaatikko<\/li>\n<li>Hiottu, maalattu ja lakattu<\/li>\n<li>Valmiiksi koottu<\/li>\n<li>VAROITUS! Kaatumisen est\u00e4miseksi t\u00e4t\u00e4 tuotetta on k\u00e4ytett\u00e4v\u00e4 mukana toimitetun sein\u00e4kiinnityslaitteen kanssa.<\/li>\n<li>Legal Documents:\n<p><span>Lis\u00e4tietoja huonekalujesi kaatumisen est\u00e4misest\u00e4 voit l\u00f6yt\u00e4\u00e4 <span style=\"text-decoration: underline\"><strong><a title=\"https:\/\/bit.ly\/3bVwkQp\" href=\"https:\/\/bit.ly\/3bVwkQp\" target=\"_blank\">t\u00e4\u00e4lt\u00e4<\/a><\/strong><\/span><\/span><\/p>\n<\/li>\n<\/ul>\n","protected":false},"featured_media":100000191846,"comment_status":"closed","ping_status":"closed","template":"","meta":[],"product_brand":[],"product_cat":[84,8551],"product_tag":[],"class_list":{"0":"post-191846","1":"product","2":"type-product","3":"status-publish","4":"has-post-thumbnail","6":"product_cat-huonekalut","7":"product_cat-kirjoituspoydat","9":"first","10":"instock","11":"taxable","12":"shipping-taxable","13":"purchasable","14":"product-type-simple"},"_links":{"self":[{"href":"https:\/\/www.otiumhome.fi\/index.php\/wp-json\/wp\/v2\/product\/191846","targetHints":{"allow":["GET"]}}],"collection":[{"href":"https:\/\/www.otiumhome.fi\/index.php\/wp-json\/wp\/v2\/product"}],"about":[{"href":"https:\/\/www.otiumhome.fi\/index.php\/wp-json\/wp\/v2\/types\/product"}],"replies":[{"embeddable":true,"href":"https:\/\/www.otiumhome.fi\/index.php\/wp-json\/wp\/v2\/comments?post=191846"}],"wp:featuredmedia":[{"embeddable":true,"href":"https:\/\/www.otiumhome.fi\/index.php\/wp-json\/"}],"wp:attachment":[{"href":"https:\/\/www.otiumhome.fi\/index.php\/wp-json\/wp\/v2\/media?parent=191846"}],"wp:term":[{"taxonomy":"product_brand","embeddable":true,"href":"https:\/\/www.otiumhome.fi\/index.php\/wp-json\/wp\/v2\/product_brand?post=191846"},{"taxonomy":"product_cat","embeddable":true,"href":"https:\/\/www.otiumhome.fi\/index.php\/wp-json\/wp\/v2\/product_cat?post=191846"},{"taxonomy":"product_tag","embeddable":true,"href":"https:\/\/www.otiumhome.fi\/index.php\/wp-json\/wp\/v2\/product_tag?post=191846"}],"curies":[{"name":"wp","href":"https:\/\/api.w.org\/{rel}","templated":true}]}}