{"id":191783,"date":"2025-11-19T03:47:18","date_gmt":"2025-11-19T03:47:18","guid":{"rendered":"https:\/\/www.otiumhome.fi\/?p=191783"},"modified":"2025-12-09T05:45:06","modified_gmt":"2025-12-09T05:45:06","slug":"kirjahylly-artisan-tammi-156-x-25-x-167-cm-tekninen-puu","status":"publish","type":"product","link":"https:\/\/www.otiumhome.fi\/index.php\/tuote\/kirjahylly-artisan-tammi-156-x-25-x-167-cm-tekninen-puu\/","title":{"rendered":"Kirjahylly Artisan tammi 156 x 25 x 167 cm Tekninen puu"},"content":{"rendered":"<p>T\u00e4m\u00e4 vapaasti seisova kirjahylly tuo huoneeseesi urbaania teollisuustyyli\u00e4 ja k\u00e4yt\u00e4nn\u00f6llisyytt\u00e4. Suorakaiteen muotoinen hylly yhdist\u00e4\u00e4 ter\u00e4ksen ja insin\u00f6\u00f6ripuun upeasti. Kest\u00e4v\u00e4 hylly tarjoaa loistavan alustan kirjoille ja koristeille, ja se luo modernia tunnelmaa. Kun j\u00e4rjest\u00e4t kirjoja tai esittelet kasveja, t\u00e4m\u00e4 hylly antaa kauniin taustan kaikille kokoelmillesi.<\/p>\n<ul>\n<li><b>Insin\u00f6\u00f6ripuulevyt:<\/b> Valmistettu kest\u00e4v\u00e4st\u00e4 insin\u00f6\u00f6ripuusta, joka on sek\u00e4 tyylik\u00e4st\u00e4 ett\u00e4 kest\u00e4v\u00e4\u00e4. T\u00e4m\u00e4 materiaali tekee hyllyist\u00e4 tasaisia ja kauniita, ja se kest\u00e4\u00e4 pitk\u00e4\u00e4n. Sile\u00e4 pinta toimii hienona taustana koristeille ja painaville kirjoille.<\/li>\n<li><b>Ter\u00e4srunko:<\/b> Ter\u00e4s tekee rakenteesta vahvan ja kest\u00e4v\u00e4n, jotta hylly pysyy tukevasti paikoillaan. Sen teollinen muotoilu lis\u00e4\u00e4 tyyli\u00e4, ja musta viimeistely kiinnitt\u00e4\u00e4 huomiota kaikissa ymp\u00e4rist\u00f6iss\u00e4.<\/li>\n<li><b>Kerroshyllymuotoilu:<\/b> Hyllyjen monitasoinen malli mahdollistaa erilaisten esineiden j\u00e4rjest\u00e4misen k\u00e4yt\u00e4nn\u00f6llisesti. Hyllyt sopivat kaikenlaisiin esineisiin, kuten korkeisiin maljakoihin ja romaaneihin. Loistava tapa tuoda esiin makua ja tyyli\u00e4.<\/li>\n<li><b>Kokoamisohjeet:<\/b> Kirjahylly vaatii kahden henkil\u00f6n kokoamiseen ruuvimeisselin avulla. Selke\u00e4t ohjeet tekev\u00e4t kokoamisesta helppoa, ja valmiina se on k\u00e4yt\u00e4nn\u00f6llinen ja kaunis lis\u00e4ys tilaan.<\/li>\n<li><b>Sis\u00e4k\u00e4ytt\u00f6:<\/b> T\u00e4m\u00e4 yksikk\u00f6 on suunniteltu erityisesti sis\u00e4tiloihin ja t\u00e4ydent\u00e4\u00e4 kauniisti opiskeluhuoneita, olohuoneita tai toimistoja.<\/li>\n<\/ul>\n<ul>\n<li>V\u00e4ri: Artisan tammi<\/li>\n<li>Materiaali: Tekninen puu<\/li>\n<li>Yleiset mitat: 156 x 25 x 167 cm (P x L x K)<\/li>\n<li>Mukana kerroshyllyt<\/li>\n<li>Kest\u00e4v\u00e4<\/li>\n<li>Enimm\u00e4ispaino: 60 kg<\/li>\n<li>Kokoonpano vaaditaan: Kyll\u00e4<\/li>\n<\/ul>\n","protected":false},"excerpt":{"rendered":"<ul>\n<li>V\u00e4ri: Artisan tammi<\/li>\n<li>Materiaali: Tekninen puu<\/li>\n<li>Yleiset mitat: 156 x 25 x 167 cm (P x L x K)<\/li>\n<li>Mukana kerroshyllyt<\/li>\n<li>Kest\u00e4v\u00e4<\/li>\n<li>Enimm\u00e4ispaino: 60 kg<\/li>\n<li>Kokoonpano vaaditaan: Kyll\u00e4<\/li>\n<\/ul>\n","protected":false},"featured_media":100000191783,"comment_status":"closed","ping_status":"closed","template":"","meta":[],"product_brand":[],"product_cat":[84,8547],"product_tag":[],"class_list":{"0":"post-191783","1":"product","2":"type-product","3":"status-publish","4":"has-post-thumbnail","6":"product_cat-huonekalut","7":"product_cat-kirjahyllyt","9":"first","10":"instock","11":"taxable","12":"shipping-taxable","13":"purchasable","14":"product-type-simple"},"_links":{"self":[{"href":"https:\/\/www.otiumhome.fi\/index.php\/wp-json\/wp\/v2\/product\/191783","targetHints":{"allow":["GET"]}}],"collection":[{"href":"https:\/\/www.otiumhome.fi\/index.php\/wp-json\/wp\/v2\/product"}],"about":[{"href":"https:\/\/www.otiumhome.fi\/index.php\/wp-json\/wp\/v2\/types\/product"}],"replies":[{"embeddable":true,"href":"https:\/\/www.otiumhome.fi\/index.php\/wp-json\/wp\/v2\/comments?post=191783"}],"wp:featuredmedia":[{"embeddable":true,"href":"https:\/\/www.otiumhome.fi\/index.php\/wp-json\/"}],"wp:attachment":[{"href":"https:\/\/www.otiumhome.fi\/index.php\/wp-json\/wp\/v2\/media?parent=191783"}],"wp:term":[{"taxonomy":"product_brand","embeddable":true,"href":"https:\/\/www.otiumhome.fi\/index.php\/wp-json\/wp\/v2\/product_brand?post=191783"},{"taxonomy":"product_cat","embeddable":true,"href":"https:\/\/www.otiumhome.fi\/index.php\/wp-json\/wp\/v2\/product_cat?post=191783"},{"taxonomy":"product_tag","embeddable":true,"href":"https:\/\/www.otiumhome.fi\/index.php\/wp-json\/wp\/v2\/product_tag?post=191783"}],"curies":[{"name":"wp","href":"https:\/\/api.w.org\/{rel}","templated":true}]}}