{"id":191723,"date":"2025-11-19T03:26:57","date_gmt":"2025-11-19T03:26:57","guid":{"rendered":"https:\/\/www.otiumhome.fi\/?p=191723"},"modified":"2025-11-19T14:31:48","modified_gmt":"2025-11-19T14:31:48","slug":"ruokapoyta-valkoinen-110x60x75-cm-tekninen-puu","status":"publish","type":"product","link":"https:\/\/www.otiumhome.fi\/index.php\/tuote\/ruokapoyta-valkoinen-110x60x75-cm-tekninen-puu\/","title":{"rendered":"Ruokap\u00f6yt\u00e4 valkoinen 110x60x75 cm tekninen puu"},"content":{"rendered":"<p>Tuo puhtaan minimalistista tunnelmaa ruokailuhuoneeseen t\u00e4ll\u00e4 erottuvalla ruokap\u00f6yd\u00e4ll\u00e4!<\/p>\n<\/p>\n<p>Ruokap\u00f6yd\u00e4n yksinkertainen eleganssi tekee illallisista unohtumattomia. Vahvasta teknisest\u00e4 puusta valmistettu, leve\u00e4ll\u00e4 ja suorakulmaisella pohjalla varustettu ruokap\u00f6yt\u00e4 on eritt\u00e4in vakaa ja kest\u00e4v\u00e4. Kun kutsut vieraita kyl\u00e4\u00e4n viikonlopun perheillalliselle tai naapureiden nyyttikesteille, t\u00e4m\u00e4 kaunis ruokap\u00f6yt\u00e4 osoittaa k\u00e4tevyytens\u00e4. Lis\u00e4ksi se on eritt\u00e4in helppo pit\u00e4\u00e4 puhtaana kostealla liinalla pyyhkien.<\/p>\n<ul>\n<li>V\u00e4ri: valkoinen<\/li>\n<li>Materiaali: tekninen puu<\/li>\n<li>Mitat: 110 x 60 x 75 cm (P x L x K)<\/li>\n<li>Helppo puhdistaa kostealla liinalla<\/li>\n<li><strong>Huomio: <\/strong>Sein\u00e4\u00e4n kiinnitett\u00e4v\u00e4t ruuvit ja tulpat eiv\u00e4t sis\u00e4lly toimitukseen. Etsi ja k\u00e4yt\u00e4 sein\u00e4\u00e4si sopivia ruuveja ja tulppia. Jos olet ep\u00e4varma, kysy ammattilaisen neuvoa. Lue ja seuraa asennusohjeiden jokaista vaihetta huolella.<\/li>\n<\/ul>\n","protected":false},"excerpt":{"rendered":"<ul>\n<li>V\u00e4ri: valkoinen<\/li>\n<li>Materiaali: tekninen puu<\/li>\n<li>Mitat: 110 x 60 x 75 cm (P x L x K)<\/li>\n<li>Helppo puhdistaa kostealla liinalla<\/li>\n<li><strong>Huomio: <\/strong>Sein\u00e4\u00e4n kiinnitett\u00e4v\u00e4t ruuvit ja tulpat eiv\u00e4t sis\u00e4lly toimitukseen. Etsi ja k\u00e4yt\u00e4 sein\u00e4\u00e4si sopivia ruuveja ja tulppia. Jos olet ep\u00e4varma, kysy ammattilaisen neuvoa. Lue ja seuraa asennusohjeiden jokaista vaihetta huolella.<\/li>\n<\/ul>\n","protected":false},"featured_media":100000191723,"comment_status":"closed","ping_status":"closed","template":"","meta":[],"product_brand":[],"product_cat":[84,8543],"product_tag":[],"class_list":{"0":"post-191723","1":"product","2":"type-product","3":"status-publish","4":"has-post-thumbnail","6":"product_cat-huonekalut","7":"product_cat-keittion-ruokapoydat","9":"first","10":"instock","11":"taxable","12":"shipping-taxable","13":"purchasable","14":"product-type-simple"},"_links":{"self":[{"href":"https:\/\/www.otiumhome.fi\/index.php\/wp-json\/wp\/v2\/product\/191723","targetHints":{"allow":["GET"]}}],"collection":[{"href":"https:\/\/www.otiumhome.fi\/index.php\/wp-json\/wp\/v2\/product"}],"about":[{"href":"https:\/\/www.otiumhome.fi\/index.php\/wp-json\/wp\/v2\/types\/product"}],"replies":[{"embeddable":true,"href":"https:\/\/www.otiumhome.fi\/index.php\/wp-json\/wp\/v2\/comments?post=191723"}],"wp:featuredmedia":[{"embeddable":true,"href":"https:\/\/www.otiumhome.fi\/index.php\/wp-json\/"}],"wp:attachment":[{"href":"https:\/\/www.otiumhome.fi\/index.php\/wp-json\/wp\/v2\/media?parent=191723"}],"wp:term":[{"taxonomy":"product_brand","embeddable":true,"href":"https:\/\/www.otiumhome.fi\/index.php\/wp-json\/wp\/v2\/product_brand?post=191723"},{"taxonomy":"product_cat","embeddable":true,"href":"https:\/\/www.otiumhome.fi\/index.php\/wp-json\/wp\/v2\/product_cat?post=191723"},{"taxonomy":"product_tag","embeddable":true,"href":"https:\/\/www.otiumhome.fi\/index.php\/wp-json\/wp\/v2\/product_tag?post=191723"}],"curies":[{"name":"wp","href":"https:\/\/api.w.org\/{rel}","templated":true}]}}