{"id":191670,"date":"2025-11-14T11:34:37","date_gmt":"2025-11-14T11:34:37","guid":{"rendered":"https:\/\/www.otiumhome.fi\/?p=191670"},"modified":"2025-11-14T20:39:03","modified_gmt":"2025-11-14T20:39:03","slug":"tv-taso-nayttoteline-musta-lasi-40x25x11-cm","status":"publish","type":"product","link":"https:\/\/www.otiumhome.fi\/index.php\/tuote\/tv-taso-nayttoteline-musta-lasi-40x25x11-cm\/","title":{"rendered":"TV-taso\/N\u00e4ytt\u00f6teline Musta lasi 40x25x11 cm"},"content":{"rendered":"<p>T\u00e4ss\u00e4 k\u00e4yt\u00e4nn\u00f6llisess\u00e4 TV-tasossa on karkaistu lasirakenne. T\u00e4m\u00e4n TV-tason tyylik\u00e4s, sulavalinjainen suunnittelu lis\u00e4\u00e4 modernia tunnelmaa elintilaasi.<\/p>\n<\/p>\n<p>Lasihylly\u00e4 voidaan k\u00e4ytt\u00e4\u00e4 TV-tasona tai telineen\u00e4 tietokoneesi n\u00e4yt\u00f6lle, televisiolle, kannettavalle tietokoneelle ja muille multimedialaitteille. Kun lasihylly nostaa monitoria, niin sinulla on parempi n\u00e4kym\u00e4 n\u00e4ytt\u00f6\u00f6n, kun istut mukavasti tuolissasi, t\u00e4m\u00e4 auttaa v\u00e4hent\u00e4m\u00e4\u00e4n rasitusta ja ep\u00e4mukavuutta niskassa ja sel\u00e4ss\u00e4. Alla olevaan tilaan sopii DVD-soitin, pelikonsoli, striimauslaite, vastaanotin ja mediasoitin.<\/p>\n<\/p>\n<p>Lasirunko on karkaistu kest\u00e4vyyden ja turvallisuuden takaamiseksi. Sile\u00e4 pinta on helppo puhdistaa kostealla kankaalla.<\/p>\n<ul>\n<li>V\u00e4ri: musta<\/li>\n<li>Materiaali: Lasi, muovi<\/li>\n<li>Mitat: 40 x 25 x 11 cm (P x L x K)<\/li>\n<li>Lasin paksuus: 8 mm<\/li>\n<\/ul>\n","protected":false},"excerpt":{"rendered":"<ul>\n<li>V\u00e4ri: musta<\/li>\n<li>Materiaali: Lasi, muovi<\/li>\n<li>Mitat: 40 x 25 x 11 cm (P x L x K)<\/li>\n<li>Lasin paksuus: 8 mm<\/li>\n<\/ul>\n","protected":false},"featured_media":100000191670,"comment_status":"closed","ping_status":"closed","template":"","meta":[],"product_brand":[],"product_cat":[84],"product_tag":[],"class_list":{"0":"post-191670","1":"product","2":"type-product","3":"status-publish","4":"has-post-thumbnail","6":"product_cat-huonekalut","8":"first","9":"instock","10":"taxable","11":"shipping-taxable","12":"purchasable","13":"product-type-simple"},"_links":{"self":[{"href":"https:\/\/www.otiumhome.fi\/index.php\/wp-json\/wp\/v2\/product\/191670","targetHints":{"allow":["GET"]}}],"collection":[{"href":"https:\/\/www.otiumhome.fi\/index.php\/wp-json\/wp\/v2\/product"}],"about":[{"href":"https:\/\/www.otiumhome.fi\/index.php\/wp-json\/wp\/v2\/types\/product"}],"replies":[{"embeddable":true,"href":"https:\/\/www.otiumhome.fi\/index.php\/wp-json\/wp\/v2\/comments?post=191670"}],"wp:featuredmedia":[{"embeddable":true,"href":"https:\/\/www.otiumhome.fi\/index.php\/wp-json\/"}],"wp:attachment":[{"href":"https:\/\/www.otiumhome.fi\/index.php\/wp-json\/wp\/v2\/media?parent=191670"}],"wp:term":[{"taxonomy":"product_brand","embeddable":true,"href":"https:\/\/www.otiumhome.fi\/index.php\/wp-json\/wp\/v2\/product_brand?post=191670"},{"taxonomy":"product_cat","embeddable":true,"href":"https:\/\/www.otiumhome.fi\/index.php\/wp-json\/wp\/v2\/product_cat?post=191670"},{"taxonomy":"product_tag","embeddable":true,"href":"https:\/\/www.otiumhome.fi\/index.php\/wp-json\/wp\/v2\/product_tag?post=191670"}],"curies":[{"name":"wp","href":"https:\/\/api.w.org\/{rel}","templated":true}]}}