{"id":190902,"date":"2025-11-14T09:55:00","date_gmt":"2025-11-14T09:55:00","guid":{"rendered":"https:\/\/www.otiumhome.fi\/?p=190902"},"modified":"2025-12-09T13:35:09","modified_gmt":"2025-12-09T13:35:09","slug":"lattiapunkka-luonnollinen-213-5-x-104-x-9-cm-massiivinen-manty","status":"publish","type":"product","link":"https:\/\/www.otiumhome.fi\/index.php\/tuote\/lattiapunkka-luonnollinen-213-5-x-104-x-9-cm-massiivinen-manty\/","title":{"rendered":"Lattiapunkka Luonnollinen 213.5 x 104 x 9 cm Massiivinen m\u00e4nty"},"content":{"rendered":"<p>T\u00e4m\u00e4 moderni lattias\u00e4nkyrunko on eleganssin ja yksinkertaisuuden symboli, joka tarjoilee sulavan ja k\u00e4yt\u00e4nn\u00f6llisen lis\u00e4yksen mihin tahansa nykyaikaiseen makuuhuoneeseen. Sen puhtaat linjat ja kest\u00e4v\u00e4 rakenne sopivat hyvin eri sisustustyyleihin, s\u00e4ihkien hillitty\u00e4 eleganssia. Se yhdist\u00e4\u00e4 tyylin ja hy\u00f6dyllisyyden, ja on t\u00e4ydellinen valinta minimalistista estetiikkaa etsiville.<\/p>\n<ul><\/br> <\/p>\n<li><b>T\u00e4ysi m\u00e4nty:<\/b> T\u00e4m\u00e4 s\u00e4nkyrunko on tehty t\u00e4ysist\u00e4 m\u00e4ntylohkareista, jotka on valittu niiden vahvuuden ja luotettavuuden takia. Materiaali luo vakaan perustan patjalle, tarjoten rauhallista unta y\u00f6st\u00e4 toiseen. Luonnollinen puun syy lis\u00e4\u00e4 tilaan l\u00e4mp\u00f6\u00e4, ja tuo ajattoman ilmeen, joka tuo modernia muotoilua esiin.<\/li>\n<p><\/br> <\/p>\n<li><b>Nykyaikainen muotoilu:<\/b> S\u00e4nkyrungon muotoilu on suora ja matala, mik\u00e4 esittelee modernia estetiikkaa. Sen tyylik\u00e4s ja rauhallinen muotoilu tuo rauhaa ja j\u00e4rjestyst\u00e4 mihin tahansa makuuhuoneymp\u00e4rist\u00f6\u00f6n, tehden siit\u00e4 t\u00e4ydellisen keskipisteen rentoutumiseen.<\/li>\n<p><\/br> <\/p>\n<li><b>Tukee erilaisia patjoja:<\/b> Vankka rakenne on suunniteltu tukemaan erilaisia patjoja ilman laatikkopohjaa, mik\u00e4 tuo joustavuutta vuodevalintoihin. T\u00e4m\u00e4 ominaisuus maksimoi kehyksen k\u00e4yt\u00f6n, varmistaen mukavuuden ja k\u00e4yt\u00e4nn\u00f6llisyyden.<\/li>\n<p><\/br> <\/p>\n<li><b>Kokoaminen vaaditaan:<\/b> T\u00e4m\u00e4 s\u00e4nky tulee mukana helppojen kokoamisohjeiden kanssa, joita jopa aloittelijat pystyv\u00e4t seuraamaan. Se vaatii kaksi henkil\u00f6\u00e4 ja tavallisia ty\u00f6kaluja, kuten ruuvimeisselin, tehden kokoamisesta nopeaa ja vaivattomaa.<\/li>\n<p><\/br> <\/p>\n<li><b>Hoito-ohjeet:<\/b> S\u00e4nkyrungon yll\u00e4pito on helppoa; se tarvitsee vain kevyen pyyhinn\u00e4n kostealla liinalla, jotta sen alkuper\u00e4inen ulkon\u00e4k\u00f6 s\u00e4ilyy. T\u00e4m\u00e4 yksinkertainen huoltotoimi varmistaa, ett\u00e4 kehys pysyy kunnossa vuosien ajan, ja lis\u00e4\u00e4 sen pitk\u00e4ik\u00e4ist\u00e4 vieh\u00e4tyst\u00e4 mihin tahansa huoneeseen.<\/li>\n<p><\/br><\/ul>\n<ul>\n<li>V\u00e4ri: Luonnollinen<\/li>\n<li>Materiaali: Massiivinen m\u00e4nty<\/li>\n<li>Kehysmateriaali: T\u00e4ysi m\u00e4nty<\/li>\n<li>Yleiset mitat: 223,5 x 204 x 9 cm (P x L x K)<\/li>\n<li>Enimm\u00e4ispaino: 200 kg<\/li>\n<li>Onko slated kehys: Kyll\u00e4<\/li>\n<li>Enimm\u00e4ism\u00e4\u00e4r\u00e4 ihmisi\u00e4: 2<\/li>\n<li>Kest\u00e4v\u00e4<\/li>\n<li>Kokoonpano vaaditaan: Kyll\u00e4<\/li>\n<li>Toimitus-:<\/li>\n<li>1 x Lattians\u00e4ngyn runko<\/li>\n<\/ul>\n","protected":false},"excerpt":{"rendered":"<ul>\n<li>V\u00e4ri: Luonnollinen<\/li>\n<li>Materiaali: Massiivinen m\u00e4nty<\/li>\n<li>Kehysmateriaali: T\u00e4ysi m\u00e4nty<\/li>\n<li>Yleiset mitat: 223,5 x 204 x 9 cm (P x L x K)<\/li>\n<li>Enimm\u00e4ispaino: 200 kg<\/li>\n<li>Onko slated kehys: Kyll\u00e4<\/li>\n<li>Enimm\u00e4ism\u00e4\u00e4r\u00e4 ihmisi\u00e4: 2<\/li>\n<li>Kest\u00e4v\u00e4<\/li>\n<li>Kokoonpano vaaditaan: Kyll\u00e4<\/li>\n<li>Toimitus-:<\/li>\n<li>1 x Lattians\u00e4ngyn runko<\/li>\n<\/ul>\n","protected":false},"featured_media":100000190902,"comment_status":"closed","ping_status":"closed","template":"","meta":[],"product_brand":[],"product_cat":[84,8638],"product_tag":[],"class_list":{"0":"post-190902","1":"product","2":"type-product","3":"status-publish","4":"has-post-thumbnail","6":"product_cat-huonekalut","7":"product_cat-sangyt-sangynrungot","9":"first","10":"instock","11":"taxable","12":"shipping-taxable","13":"purchasable","14":"product-type-simple"},"_links":{"self":[{"href":"https:\/\/www.otiumhome.fi\/index.php\/wp-json\/wp\/v2\/product\/190902","targetHints":{"allow":["GET"]}}],"collection":[{"href":"https:\/\/www.otiumhome.fi\/index.php\/wp-json\/wp\/v2\/product"}],"about":[{"href":"https:\/\/www.otiumhome.fi\/index.php\/wp-json\/wp\/v2\/types\/product"}],"replies":[{"embeddable":true,"href":"https:\/\/www.otiumhome.fi\/index.php\/wp-json\/wp\/v2\/comments?post=190902"}],"wp:featuredmedia":[{"embeddable":true,"href":"https:\/\/www.otiumhome.fi\/index.php\/wp-json\/"}],"wp:attachment":[{"href":"https:\/\/www.otiumhome.fi\/index.php\/wp-json\/wp\/v2\/media?parent=190902"}],"wp:term":[{"taxonomy":"product_brand","embeddable":true,"href":"https:\/\/www.otiumhome.fi\/index.php\/wp-json\/wp\/v2\/product_brand?post=190902"},{"taxonomy":"product_cat","embeddable":true,"href":"https:\/\/www.otiumhome.fi\/index.php\/wp-json\/wp\/v2\/product_cat?post=190902"},{"taxonomy":"product_tag","embeddable":true,"href":"https:\/\/www.otiumhome.fi\/index.php\/wp-json\/wp\/v2\/product_tag?post=190902"}],"curies":[{"name":"wp","href":"https:\/\/api.w.org\/{rel}","templated":true}]}}