{"id":190845,"date":"2025-11-14T09:51:47","date_gmt":"2025-11-14T09:51:47","guid":{"rendered":"https:\/\/www.otiumhome.fi\/?p=190845"},"modified":"2025-12-09T13:34:53","modified_gmt":"2025-12-09T13:34:53","slug":"paivavuode-paivasangylla-vaha-ruskea-2035-x-184-x-66-cm","status":"publish","type":"product","link":"https:\/\/www.otiumhome.fi\/index.php\/tuote\/paivavuode-paivasangylla-vaha-ruskea-2035-x-184-x-66-cm\/","title":{"rendered":"P\u00e4iv\u00e4vuode p\u00e4iv\u00e4s\u00e4ngyll\u00e4 Vaha ruskea 203,5 x 184 x 66 cm"},"content":{"rendered":"<p>T\u00e4\u00e4 Moderni P\u00e4iv\u00e4vuode Vuodekasan Kanssa tarjoaa tilavan ja tyylikk\u00e4\u00e4n ratkaisun makuuhuoneesi tarpeisiin. Sen yksinkertainen muotoilu istuu hyvin moderniin tyyliin ja tuo sek\u00e4 toiminnallisuutta ett\u00e4 tyyli\u00e4. K\u00e4ytitp\u00e4 sit\u00e4 p\u00e4iv\u00e4vuoteena rentoutumiseen tai y\u00f6kyl\u00e4ilyyn, t\u00e4\u00e4 huonekalu parantaa sun unta ja oleskelua, tarjoten mukavaa tilaa vieraille tai perheelle.<\/p>\n<ul>\n<li><b>T\u00e4ysi m\u00e4nty:<\/b> T\u00e4\u00e4 s\u00e4nky, kehys ja muut osat on tehty laadukkaasta t\u00e4ysm\u00e4ntyisest\u00e4 puusta, joka on kest\u00e4v\u00e4 ja upean n\u00e4k\u00f6inen. Hyv\u00e4 materiaalivalinta takaa vankan rakenteen, joka kest\u00e4\u00e4 p\u00e4ivitt\u00e4ist\u00e4 k\u00e4ytt\u00f6\u00e4 ja n\u00e4ytt\u00e4\u00e4 silti hyv\u00e4lt\u00e4. M\u00e4nnyn kest\u00e4vyys tuo lis\u00e4vakautta nukkumiseen.<\/li>\n<li><b>K\u00e4tev\u00e4t vuodekasa:<\/b> Suunnittelussa on integroitu vuodekasa, joka on superk\u00e4yt\u00e4nn\u00f6llinen eik\u00e4 vie liikaa tilaa. T\u00e4\u00e4 lis\u00e4vuode nousee helposti esiin, kun tarvitset sit\u00e4, ja se sopii mainiosti vieraille tai y\u00f6kyl\u00e4ilyyn. Lis\u00e4vuode menee siististi piiloon, mik\u00e4 pit\u00e4\u00e4 makuuhuoneen siistin\u00e4.<\/li>\n<li><b>Moderni esteettisyys:<\/b> Puhdaslinjainen muotoilu tuo esiin modernin yksinkertaisuuden. Suorakulmainen muoto ja virtaviivainen profiili sopii sek\u00e4 moderniin ett\u00e4 perinteiseen sisustukseen, ja se antaa ajattoman ilmeen makuuhuoneeseen.<\/li>\n<li><b>Toiminnallinen sis\u00e4k\u00e4ytt\u00f6\u00f6n:<\/b> Suunniteltu erityisesti sis\u00e4tiloihin, t\u00e4\u00e4 huonekalu on t\u00e4ydellinen lis\u00e4 mihin tahansa makuuhuoneeseen ja tuo mukavuutta ja tyyli\u00e4 kaikille. Se sopii lapsille, nuorille ja aikuisille, jotka etsii k\u00e4yt\u00e4nn\u00f6llist\u00e4 mutta tyylik\u00e4st\u00e4 huonekalua.<\/li>\n<li><b>Yksinkertainen huolto:<\/b> S\u00e4nky vaatii vain v\u00e4h\u00e4n huoltoa, jotta se pysyy hyv\u00e4ss\u00e4 kunnossa. Nopealla pyyhinn\u00e4ll\u00e4 kostealla liinalla saat pinnan puhtaaksi, niin se pysyy huoneen katseenvangitsijana ilman vaivann\u00e4k\u00f6\u00e4.<\/li>\n<\/ul>\n<ul>\n<li>V\u00e4ri: Vaha ruskea<\/li>\n<li>Materiaali: Massiivinen m\u00e4nty<\/li>\n<li>Kehysmateriaali: T\u00e4ysi m\u00e4nty<\/li>\n<li>Yleiset mitat: 203,5 x 184 x 66 cm (P x L x K)<\/li>\n<li>Patjan koko: Australialainen king (183 cm x 203 cm \/ 72&#8243; x 80&#8243;)<\/li>\n<li>Enimm\u00e4ispaino: 200 kg<\/li>\n<li>Onko slated kehys: Kyll\u00e4<\/li>\n<li>Enimm\u00e4ism\u00e4\u00e4r\u00e4 ihmisi\u00e4: 2<\/li>\n<li>Kest\u00e4v\u00e4<\/li>\n<li>Kokoonpano vaaditaan: Kyll\u00e4<\/li>\n<li>Toimitus-:<\/li>\n<li>1 x p\u00e4iv\u00e4s\u00e4nky vuoteella<\/li>\n<\/ul>\n","protected":false},"excerpt":{"rendered":"<ul>\n<li>V\u00e4ri: Vaha ruskea<\/li>\n<li>Materiaali: Massiivinen m\u00e4nty<\/li>\n<li>Kehysmateriaali: T\u00e4ysi m\u00e4nty<\/li>\n<li>Yleiset mitat: 203,5 x 184 x 66 cm (P x L x K)<\/li>\n<li>Patjan koko: Australialainen king (183 cm x 203 cm \/ 72&#8243; x 80&#8243;)<\/li>\n<li>Enimm\u00e4ispaino: 200 kg<\/li>\n<li>Onko slated kehys: Kyll\u00e4<\/li>\n<li>Enimm\u00e4ism\u00e4\u00e4r\u00e4 ihmisi\u00e4: 2<\/li>\n<li>Kest\u00e4v\u00e4<\/li>\n<li>Kokoonpano vaaditaan: Kyll\u00e4<\/li>\n<li>Toimitus-:<\/li>\n<li>1 x p\u00e4iv\u00e4s\u00e4nky vuoteella<\/li>\n<\/ul>\n","protected":false},"featured_media":100000190845,"comment_status":"closed","ping_status":"closed","template":"","meta":[],"product_brand":[],"product_cat":[84,8638],"product_tag":[],"class_list":{"0":"post-190845","1":"product","2":"type-product","3":"status-publish","4":"has-post-thumbnail","6":"product_cat-huonekalut","7":"product_cat-sangyt-sangynrungot","9":"first","10":"instock","11":"taxable","12":"shipping-taxable","13":"purchasable","14":"product-type-simple"},"_links":{"self":[{"href":"https:\/\/www.otiumhome.fi\/index.php\/wp-json\/wp\/v2\/product\/190845","targetHints":{"allow":["GET"]}}],"collection":[{"href":"https:\/\/www.otiumhome.fi\/index.php\/wp-json\/wp\/v2\/product"}],"about":[{"href":"https:\/\/www.otiumhome.fi\/index.php\/wp-json\/wp\/v2\/types\/product"}],"replies":[{"embeddable":true,"href":"https:\/\/www.otiumhome.fi\/index.php\/wp-json\/wp\/v2\/comments?post=190845"}],"wp:featuredmedia":[{"embeddable":true,"href":"https:\/\/www.otiumhome.fi\/index.php\/wp-json\/"}],"wp:attachment":[{"href":"https:\/\/www.otiumhome.fi\/index.php\/wp-json\/wp\/v2\/media?parent=190845"}],"wp:term":[{"taxonomy":"product_brand","embeddable":true,"href":"https:\/\/www.otiumhome.fi\/index.php\/wp-json\/wp\/v2\/product_brand?post=190845"},{"taxonomy":"product_cat","embeddable":true,"href":"https:\/\/www.otiumhome.fi\/index.php\/wp-json\/wp\/v2\/product_cat?post=190845"},{"taxonomy":"product_tag","embeddable":true,"href":"https:\/\/www.otiumhome.fi\/index.php\/wp-json\/wp\/v2\/product_tag?post=190845"}],"curies":[{"name":"wp","href":"https:\/\/api.w.org\/{rel}","templated":true}]}}