{"id":190807,"date":"2025-11-14T09:45:34","date_gmt":"2025-11-14T09:45:34","guid":{"rendered":"https:\/\/www.otiumhome.fi\/?p=190807"},"modified":"2026-01-13T17:57:55","modified_gmt":"2026-01-13T17:57:55","slug":"sangyn-runko-musta-tammi-203-x-101-x-25-cm-tekninen-puu","status":"publish","type":"product","link":"https:\/\/www.otiumhome.fi\/index.php\/tuote\/sangyn-runko-musta-tammi-203-x-101-x-25-cm-tekninen-puu\/","title":{"rendered":"S\u00e4ngyn runko Musta tammi. 203 x 101 x 25 cm Tekninen puu"},"content":{"rendered":"<p>T\u00e4m\u00e4 alusta s\u00e4nkykehyssuunnitelma edustaa modernia muotoilua puhtailla linjoillaan ja vaatimattomalla eleganssillaan. Se on ihanteellinen nykykeitti\u00f6\u00f6n ja tukee patjaa ilman laatikkopumpun tarvetta. Sanko kest\u00e4\u00e4 pitk\u00e4\u00e4n, ja sen tyyli yhdist\u00e4\u00e4 toimivuuden ja estetiikan. Se on oiva valinta niille, jotka haluavat minimalistista kauneutta huonekaluissa.<\/p>\n<ul>\n<li><b>Nykyaikaiset materiaalit<\/b> T\u00e4m\u00e4 s\u00e4nkykehys, joka on rakennettu teknisest\u00e4 puusta, tarjoaa vahvan ja tasaisen pinnan. Tekninen puu on tunnettu kest\u00e4vyydest\u00e4\u00e4n. Tasaisuus tarkoittaa, ett\u00e4 voit nauttia vahvasta perustasta patjalle ilman narinoita tai notkumista.<\/li>\n<li><b>Tyylik\u00e4s yksinkertaisuus<\/b> Vaatimaton muotoilu sulautuu helposti erilaisiin makuuhuoneymp\u00e4rist\u00f6ihin, perinteisist\u00e4 moderneihin. Sen yksinkertaisuus tuo esiin sen voiman ja ajattoman vieh\u00e4tysvoiman.<\/li>\n<li><b>Kokoaminen vaaditaan<\/b> Suunniteltu vakaudelle, s\u00e4ngyn kokoaminen vaatii ruuvimeisselin ja kaksi henkil\u00f6\u00e4. T\u00e4m\u00e4 varmistaa, ett\u00e4 kaikki osat ovat tiukasti kiinni ja kest\u00e4vi\u00e4.<\/li>\n<li><b>Optimaalinen sis\u00e4k\u00e4ytt\u00f6<\/b> T\u00e4m\u00e4 s\u00e4nkykehys sopii erinomaisesti sis\u00e4tiloihin, joissa arvostetaan yksinkertaisuutta ja toimintaa. Vieh\u00e4tt\u00e4v\u00e4 esteettisyys ja puhtaat linjat tekev\u00e4t siit\u00e4 monipuolisen valinnan moneen eri tyyliin.<\/li>\n<li><b>Yksinkertainen yll\u00e4pito<\/b> S\u00e4nkykehyksesi pit\u00e4miseksi hyv\u00e4ss\u00e4 kunnossa, pyyhi pinta kostealla liinalla. T\u00e4m\u00e4 helppo huoltovaatimus tekee siit\u00e4 pitk\u00e4ik\u00e4isen ja tyylikk\u00e4\u00e4n ratkaisun. <\/li>\n<\/ul>\n<ul>\n<li>V\u00e4ri: Musta tammi.<\/li>\n<li>Materiaali: Tekninen puu<\/li>\n<li>Yleiset mitat: 203 x 101 x 25 cm (P x L x K)<\/li>\n<li>Enimm\u00e4ispaino: 100 kg<\/li>\n<li>Enimm\u00e4ism\u00e4\u00e4r\u00e4 ihmisi\u00e4: 1<\/li>\n<li>Kest\u00e4v\u00e4<\/li>\n<li>Minimalistinen<\/li>\n<li>Laatikkojen kehys mukana<\/li>\n<li>Kokoonpano vaaditaan: Kyll\u00e4<\/li>\n<li>Toimitus-:<\/li>\n<li>1 x S\u00e4nkyrunko<\/li>\n<\/ul>\n","protected":false},"excerpt":{"rendered":"<ul>\n<li>V\u00e4ri: Musta tammi.<\/li>\n<li>Materiaali: Tekninen puu<\/li>\n<li>Yleiset mitat: 203 x 101 x 25 cm (P x L x K)<\/li>\n<li>Enimm\u00e4ispaino: 100 kg<\/li>\n<li>Enimm\u00e4ism\u00e4\u00e4r\u00e4 ihmisi\u00e4: 1<\/li>\n<li>Kest\u00e4v\u00e4<\/li>\n<li>Minimalistinen<\/li>\n<li>Laatikkojen kehys mukana<\/li>\n<li>Kokoonpano vaaditaan: Kyll\u00e4<\/li>\n<li>Toimitus-:<\/li>\n<li>1 x S\u00e4nkyrunko<\/li>\n<\/ul>\n","protected":false},"featured_media":100000190807,"comment_status":"closed","ping_status":"closed","template":"","meta":[],"product_brand":[],"product_cat":[84,8638],"product_tag":[],"class_list":{"0":"post-190807","1":"product","2":"type-product","3":"status-publish","4":"has-post-thumbnail","6":"product_cat-huonekalut","7":"product_cat-sangyt-sangynrungot","9":"first","10":"instock","11":"taxable","12":"shipping-taxable","13":"purchasable","14":"product-type-simple"},"_links":{"self":[{"href":"https:\/\/www.otiumhome.fi\/index.php\/wp-json\/wp\/v2\/product\/190807","targetHints":{"allow":["GET"]}}],"collection":[{"href":"https:\/\/www.otiumhome.fi\/index.php\/wp-json\/wp\/v2\/product"}],"about":[{"href":"https:\/\/www.otiumhome.fi\/index.php\/wp-json\/wp\/v2\/types\/product"}],"replies":[{"embeddable":true,"href":"https:\/\/www.otiumhome.fi\/index.php\/wp-json\/wp\/v2\/comments?post=190807"}],"wp:featuredmedia":[{"embeddable":true,"href":"https:\/\/www.otiumhome.fi\/index.php\/wp-json\/"}],"wp:attachment":[{"href":"https:\/\/www.otiumhome.fi\/index.php\/wp-json\/wp\/v2\/media?parent=190807"}],"wp:term":[{"taxonomy":"product_brand","embeddable":true,"href":"https:\/\/www.otiumhome.fi\/index.php\/wp-json\/wp\/v2\/product_brand?post=190807"},{"taxonomy":"product_cat","embeddable":true,"href":"https:\/\/www.otiumhome.fi\/index.php\/wp-json\/wp\/v2\/product_cat?post=190807"},{"taxonomy":"product_tag","embeddable":true,"href":"https:\/\/www.otiumhome.fi\/index.php\/wp-json\/wp\/v2\/product_tag?post=190807"}],"curies":[{"name":"wp","href":"https:\/\/api.w.org\/{rel}","templated":true}]}}