{"id":190704,"date":"2025-11-14T09:36:44","date_gmt":"2025-11-14T09:36:44","guid":{"rendered":"https:\/\/www.otiumhome.fi\/?p=190704"},"modified":"2025-12-09T13:37:29","modified_gmt":"2025-12-09T13:37:29","slug":"sangyn-runko-paatylla-ruskea-80-x-200-cm-taysi-manty","status":"publish","type":"product","link":"https:\/\/www.otiumhome.fi\/index.php\/tuote\/sangyn-runko-paatylla-ruskea-80-x-200-cm-taysi-manty\/","title":{"rendered":"S\u00e4ngyn runko p\u00e4\u00e4tyll\u00e4 Ruskea 80 x 200 cm T\u00e4ysi M\u00e4nty"},"content":{"rendered":"<p>T\u00e4ss\u00e4 s\u00e4ngynrungossa on tyylik\u00e4s, moderni tunnelma, joka keskittyy yksinkertaisuuteen ja k\u00e4yt\u00e4nn\u00f6llisyyteen, tehden siit\u00e4 t\u00e4ydellisen erilaisiin makuuhuoneisiin. Se on valmistettu t\u00e4ysim\u00e4nnyst\u00e4, mik\u00e4 ei vain n\u00e4yt\u00e4 hyv\u00e4lt\u00e4 l\u00e4mpim\u00e4n ruskean v\u00e4rins\u00e4 ansiosta, vaan my\u00f6s antaa vahvaa tukea ja on j\u00e4m\u00e4kk\u00e4. Suorakaiteen muotoinen s\u00e4nky tuo elegancea mihin tahansa huoneeseen ja sopii moniin sisustustyyleihin. Olitpa minimalistinen tai kaipaat l\u00e4mpim\u00e4mp\u00e4\u00e4 modernia tunnelmaa, t\u00e4m\u00e4 s\u00e4ngynrunko on just sulle. Se luo sujuvaa ilmett\u00e4 ja se on luotettava, tyylik\u00e4s lis\u00e4 huoneesi sisustukseen.<\/p>\n<ul>\n<li><b>M\u00e4nnyn puumateriaali<\/b> T\u00e4m\u00e4 s\u00e4nky on tehty t\u00e4ysim\u00e4nnyst\u00e4, joka on tunnettu kest\u00e4vyydest\u00e4\u00e4n ja kauneudestaan. Materiaalivalinta tarkoittaa, ett\u00e4 saat varman nukkumapaikan, ja se sulautuu hyvin eri tyyleihin kauniin ruskean viimeistelyn ansiosta. M\u00e4nty my\u00f6s kest\u00e4\u00e4 arjen kulutusta.<\/li>\n<li><b>Sis\u00e4ltyv\u00e4 p\u00e4\u00e4ty<\/b> T\u00e4ydenn\u00e4 makuuhuoneesi ilme p\u00e4\u00e4dyll\u00e4, joka on korkealaatuisesta m\u00e4ntypuusta. T\u00e4m\u00e4 p\u00e4\u00e4ty antaa lis\u00e4tukea ja toimii keskipisteen\u00e4, luoden ajattoman tunnelman, joka sopii erilaisiin sisustustyyleihin.<\/li>\n<li><b>Moderni muotoilu<\/b> Suorat linjat ja v\u00e4h\u00e4inen h\u00e4iri\u00f6 tekev\u00e4t s\u00e4ngyst\u00e4 modernin, joka sopii t\u00e4m\u00e4n p\u00e4iv\u00e4n trendeihin. Yksinkertainen muotoilu on monipuolinen, se istuu vaivattomasti niin suuriin kuin pieniin huoneisiin.<\/li>\n<li><b>Makuuhuoneen olennainen<\/b> T\u00e4m\u00e4 s\u00e4nky on must-have jokaiselle makuuhuoneelle, se parantaa nukkumistilaa tyylill\u00e4. Sen muotoilu tekee siit\u00e4 loistavaa sisustukseen, varmistaen mukavan ja tyylikk\u00e4\u00e4n paikan nukkua.<\/li>\n<li><b>Yksinkertainen huolto<\/b> S\u00e4ngyn yll\u00e4pito on helppoa; pyyhi vain kuivalla liinalla silloin t\u00e4ll\u00f6in. T\u00e4m\u00e4 pieni vaivann\u00e4k\u00f6 pit\u00e4\u00e4 sen hyv\u00e4ss\u00e4 kunnossa pitk\u00e4\u00e4n, joten se n\u00e4ytt\u00e4\u00e4 yht\u00e4 kauniilta kuin silloin, kun sait sen.<\/li>\n<\/ul>\n<ul>\n<li>V\u00e4ri: Ruskea<\/li>\n<li>Materiaali: T\u00e4ysi m\u00e4nty<\/li>\n<li>Kehysmateriaali: T\u00e4ysi m\u00e4nty<\/li>\n<li>Yleiset mitat: 80 x 200 cm (P x L)<\/li>\n<li>Patjan koko: Pieni yhden hengen s\u00e4nky (80 cm x 200 cm \/ 31&#8243; x 79&#8243;)<\/li>\n<li>Enimm\u00e4ispaino: 100 kg<\/li>\n<li>Onko slated kehys: Kyll\u00e4<\/li>\n<li>Enimm\u00e4ism\u00e4\u00e4r\u00e4 ihmisi\u00e4: 1<\/li>\n<li>Kest\u00e4v\u00e4<\/li>\n<li>Muut<\/li>\n<li>Kokoonpano vaaditaan: Kyll\u00e4<\/li>\n<li>Toimitus-:<\/li>\n<li>1 x S\u00e4nkyrunko<\/li>\n<\/ul>\n","protected":false},"excerpt":{"rendered":"<ul>\n<li>V\u00e4ri: Ruskea<\/li>\n<li>Materiaali: T\u00e4ysi m\u00e4nty<\/li>\n<li>Kehysmateriaali: T\u00e4ysi m\u00e4nty<\/li>\n<li>Yleiset mitat: 80 x 200 cm (P x L)<\/li>\n<li>Patjan koko: Pieni yhden hengen s\u00e4nky (80 cm x 200 cm \/ 31&#8243; x 79&#8243;)<\/li>\n<li>Enimm\u00e4ispaino: 100 kg<\/li>\n<li>Onko slated kehys: Kyll\u00e4<\/li>\n<li>Enimm\u00e4ism\u00e4\u00e4r\u00e4 ihmisi\u00e4: 1<\/li>\n<li>Kest\u00e4v\u00e4<\/li>\n<li>Muut<\/li>\n<li>Kokoonpano vaaditaan: Kyll\u00e4<\/li>\n<li>Toimitus-:<\/li>\n<li>1 x S\u00e4nkyrunko<\/li>\n<\/ul>\n","protected":false},"featured_media":100000190704,"comment_status":"closed","ping_status":"closed","template":"","meta":[],"product_brand":[],"product_cat":[84,8638],"product_tag":[],"class_list":{"0":"post-190704","1":"product","2":"type-product","3":"status-publish","4":"has-post-thumbnail","6":"product_cat-huonekalut","7":"product_cat-sangyt-sangynrungot","9":"first","10":"instock","11":"taxable","12":"shipping-taxable","13":"purchasable","14":"product-type-simple"},"_links":{"self":[{"href":"https:\/\/www.otiumhome.fi\/index.php\/wp-json\/wp\/v2\/product\/190704","targetHints":{"allow":["GET"]}}],"collection":[{"href":"https:\/\/www.otiumhome.fi\/index.php\/wp-json\/wp\/v2\/product"}],"about":[{"href":"https:\/\/www.otiumhome.fi\/index.php\/wp-json\/wp\/v2\/types\/product"}],"replies":[{"embeddable":true,"href":"https:\/\/www.otiumhome.fi\/index.php\/wp-json\/wp\/v2\/comments?post=190704"}],"wp:featuredmedia":[{"embeddable":true,"href":"https:\/\/www.otiumhome.fi\/index.php\/wp-json\/"}],"wp:attachment":[{"href":"https:\/\/www.otiumhome.fi\/index.php\/wp-json\/wp\/v2\/media?parent=190704"}],"wp:term":[{"taxonomy":"product_brand","embeddable":true,"href":"https:\/\/www.otiumhome.fi\/index.php\/wp-json\/wp\/v2\/product_brand?post=190704"},{"taxonomy":"product_cat","embeddable":true,"href":"https:\/\/www.otiumhome.fi\/index.php\/wp-json\/wp\/v2\/product_cat?post=190704"},{"taxonomy":"product_tag","embeddable":true,"href":"https:\/\/www.otiumhome.fi\/index.php\/wp-json\/wp\/v2\/product_tag?post=190704"}],"curies":[{"name":"wp","href":"https:\/\/api.w.org\/{rel}","templated":true}]}}