{"id":190354,"date":"2025-11-14T07:31:40","date_gmt":"2025-11-14T07:31:40","guid":{"rendered":"https:\/\/www.otiumhome.fi\/?p=190354"},"modified":"2025-12-21T07:05:18","modified_gmt":"2025-12-21T07:05:18","slug":"paatykaappi-musta-tammi-180-x-18-5-x-102-5-cm-tekninen-puu","status":"publish","type":"product","link":"https:\/\/www.otiumhome.fi\/index.php\/tuote\/paatykaappi-musta-tammi-180-x-18-5-x-102-5-cm-tekninen-puu\/","title":{"rendered":"P\u00e4\u00e4tykaappi Musta tammi 180 x 18.5 x 102.5 cm Tekninen puu"},"content":{"rendered":"<p>Suunniteltu lis\u00e4\u00e4m\u00e4\u00e4n tyyli\u00e4 ja toimivuutta mihin tahansa makuuhuoneeseen, t\u00e4m\u00e4 p\u00e4\u00e4tykaappi on huikea ratkaisu tilan optimointiin. Teknisest\u00e4 puusta tehtyn\u00e4, sen suorat linjat ja yksinkertainen muoto tekev\u00e4t siit\u00e4 loiston lis\u00e4n moderniin sisustukseen. T\u00e4m\u00e4 p\u00e4\u00e4tykaappi tarjoa lis\u00e4tilaa, ilman ett\u00e4 pit\u00e4\u00e4 luopua kauneudesta. Se yhdist\u00e4\u00e4 k\u00e4yt\u00e4nn\u00f6n ja eleganssin, joten se on visuaalisesti houkutteleva.<\/p>\n<ul><\/br><\/p>\n<li><b>Tekninen puu rakenne<\/b> T\u00e4m\u00e4 p\u00e4\u00e4tykaappi on valmistettu teknisest\u00e4 puusta, joten se on kest\u00e4v\u00e4 ja luotettava. Sen keveys tekee asennuksesta helppoa, ja se kest\u00e4\u00e4 k\u00e4yt\u00f6ss\u00e4 pitk\u00e4\u00e4n. Teknisen puun viimeistely sopii moneen makuuhuoneen tyyliin, mukautuen helposti moderneihin tiloihin.<\/li>\n<p><\/br><\/p>\n<li><b>Integroitu s\u00e4ilytyshylly<\/b> T\u00e4m\u00e4 kaappi on varustettu s\u00e4ilytyshyllyll\u00e4, joka helpottaa makuuhuoneen organisointia. Hylly on t\u00e4ydellinen t\u00e4rkeiden asioiden, kuten kirjojen tai her\u00e4tyskellojen, s\u00e4ilytt\u00e4miseen. K\u00e4yt\u00e4nn\u00f6llisyys tekee t\u00e4st\u00e4 p\u00e4\u00e4dyst\u00e4 k\u00e4tev\u00e4n ja monik\u00e4ytt\u00f6isen kalusteen.<\/li>\n<p><\/br><\/p>\n<li><b>Sein\u00e4kiinnitett\u00e4v\u00e4 p\u00e4\u00e4ty<\/b> T\u00e4m\u00e4 p\u00e4\u00e4tykaappi kiinnitet\u00e4\u00e4n suoraan sein\u00e4\u00e4n, mik\u00e4 s\u00e4\u00e4st\u00e4\u00e4 lattiatilaa ja luo siistin ymp\u00e4rist\u00f6n. Se on t\u00e4ydellinen kompaktille makuuhuoneelle tai minimalistiseen suunnitteluun.<\/li>\n<p><\/br><\/p>\n<li><b>Moderni minimalistinen muotoilu<\/b> T\u00e4m\u00e4 kaappi tuo puhtaat linjat ja v\u00e4h\u00e4ist\u00e4 estetiikkaa uuteen aikakauteen. Sen yksinkertainen kauneus nostaa huoneesi tunnelmaa ja tarjoaa toiminnallisuutta. Minimalistinen muotoilu heijastaa nykyaikaisia piirteit\u00e4 ja tekee siit\u00e4 trendikk\u00e4\u00e4n huonekalun.<\/li>\n<p><\/br><\/p>\n<li><b>Helppo hoito<\/b> T\u00e4m\u00e4 p\u00e4\u00e4tykaappi on helppo puhdistaa. Pyyhi se vain kostealla liinalla ja se pysyy kauniina ja tyylikk\u00e4\u00e4n\u00e4 pitk\u00e4\u00e4n.<\/li>\n<p><\/br><\/ul>\n<ul>\n<li>V\u00e4ri: Musta tammi<\/li>\n<li>Materiaali: Tekninen puu<\/li>\n<li>Yleiset mitat: 180 x 18,5 x 102,5 cm (P x L x K)<\/li>\n<li>Minimalistinen<\/li>\n<li>Sis\u00e4- \/ ulkotiloissa: Vain sis\u00e4k\u00e4ytt\u00f6\u00f6n<\/li>\n<li>Toimitus-:<\/li>\n<li>1 x P\u00e4\u00e4tykaappi<\/li>\n<li>Kokoonpano vaaditaan: Kyll\u00e4<\/li>\n<\/ul>\n","protected":false},"excerpt":{"rendered":"<ul>\n<li>V\u00e4ri: Musta tammi<\/li>\n<li>Materiaali: Tekninen puu<\/li>\n<li>Yleiset mitat: 180 x 18,5 x 102,5 cm (P x L x K)<\/li>\n<li>Minimalistinen<\/li>\n<li>Sis\u00e4- \/ ulkotiloissa: Vain sis\u00e4k\u00e4ytt\u00f6\u00f6n<\/li>\n<li>Toimitus-:<\/li>\n<li>1 x P\u00e4\u00e4tykaappi<\/li>\n<li>Kokoonpano vaaditaan: Kyll\u00e4<\/li>\n<\/ul>\n","protected":false},"featured_media":100000190354,"comment_status":"closed","ping_status":"closed","template":"","meta":[],"product_brand":[],"product_cat":[84,8636],"product_tag":[],"class_list":{"0":"post-190354","1":"product","2":"type-product","3":"status-publish","4":"has-post-thumbnail","6":"product_cat-huonekalut","7":"product_cat-sangynpaadyt","9":"first","10":"instock","11":"taxable","12":"shipping-taxable","13":"purchasable","14":"product-type-simple"},"_links":{"self":[{"href":"https:\/\/www.otiumhome.fi\/index.php\/wp-json\/wp\/v2\/product\/190354","targetHints":{"allow":["GET"]}}],"collection":[{"href":"https:\/\/www.otiumhome.fi\/index.php\/wp-json\/wp\/v2\/product"}],"about":[{"href":"https:\/\/www.otiumhome.fi\/index.php\/wp-json\/wp\/v2\/types\/product"}],"replies":[{"embeddable":true,"href":"https:\/\/www.otiumhome.fi\/index.php\/wp-json\/wp\/v2\/comments?post=190354"}],"wp:featuredmedia":[{"embeddable":true,"href":"https:\/\/www.otiumhome.fi\/index.php\/wp-json\/"}],"wp:attachment":[{"href":"https:\/\/www.otiumhome.fi\/index.php\/wp-json\/wp\/v2\/media?parent=190354"}],"wp:term":[{"taxonomy":"product_brand","embeddable":true,"href":"https:\/\/www.otiumhome.fi\/index.php\/wp-json\/wp\/v2\/product_brand?post=190354"},{"taxonomy":"product_cat","embeddable":true,"href":"https:\/\/www.otiumhome.fi\/index.php\/wp-json\/wp\/v2\/product_cat?post=190354"},{"taxonomy":"product_tag","embeddable":true,"href":"https:\/\/www.otiumhome.fi\/index.php\/wp-json\/wp\/v2\/product_tag?post=190354"}],"curies":[{"name":"wp","href":"https:\/\/api.w.org\/{rel}","templated":true}]}}