{"id":190160,"date":"2025-11-14T06:41:50","date_gmt":"2025-11-14T06:41:50","guid":{"rendered":"https:\/\/www.otiumhome.fi\/?p=190160"},"modified":"2025-12-09T09:47:15","modified_gmt":"2025-12-09T09:47:15","slug":"yopoytakaappi-2-pcs-musta-tammi-35-x-35-x-20-cm-tekninen-puu","status":"publish","type":"product","link":"https:\/\/www.otiumhome.fi\/index.php\/tuote\/yopoytakaappi-2-pcs-musta-tammi-35-x-35-x-20-cm-tekninen-puu\/","title":{"rendered":"Y\u00f6p\u00f6yt\u00e4kaappi 2 pcs Musta tammi. 35 x 35 x 20 cm Tekninen puu"},"content":{"rendered":"<p>T\u00e4m\u00e4 sein\u00e4lle asennettava y\u00f6p\u00f6yt\u00e4kaappi yhdist\u00e4\u00e4 modernin tyylin ja k\u00e4yt\u00e4nn\u00f6llisyyden. Se on suunniteltu t\u00e4ydent\u00e4m\u00e4\u00e4n nykyaikaisten makuuhuoneiden estetiikkaa. Valmistettu teknisest\u00e4 puusta, se tuo mukanaan sek\u00e4 visuaalista vieh\u00e4tyst\u00e4 ett\u00e4 k\u00e4ytt\u00f6varmuutta, mik\u00e4 tekee siit\u00e4 hienon lis\u00e4n, joka s\u00e4\u00e4st\u00e4\u00e4 lattiapintaa ja t\u00e4ytt\u00e4\u00e4 p\u00e4ivitt\u00e4iset s\u00e4ilytystarpeet. Suorakaiteen muotoinen rakenne tuo yksinkertaisuuden tuntua ja sopii t\u00e4ydellisesti hillittyihin ja tyylikk\u00e4isiin ymp\u00e4rist\u00f6ihin.<\/p>\n<ul>\n<li><b>Kest\u00e4v\u00e4 tekninen puu:<\/b> T\u00e4m\u00e4 kaappi on valmistettu teknisest\u00e4 puusta, joka yhdist\u00e4\u00e4 kest\u00e4vyuden ja kauniin viimeistelyn. Pinta on houkutteleva ja tuo l\u00e4mp\u00f6\u00e4 makuuhuoneeseen. Tekniset puut takaavat luotettavan kest\u00e4vyyden ja kaapin muoto s\u00e4ilyy pitk\u00e4\u00e4n.<\/li>\n<li><b>Toimiva sein\u00e4kiinnitys:<\/b> Sein\u00e4lle asennettava kaappi s\u00e4\u00e4st\u00e4\u00e4 lattiapinta-alaa, mik\u00e4 on erityisen t\u00e4rke\u00e4\u00e4 pieniss\u00e4 huoneissa. Sen kiinnitys auttaa luomaan siistin ja j\u00e4rjestetyn ilmeen, mik\u00e4 tekee makuuhuoneesta avaramman.<\/li>\n<li><b>Tyylik\u00e4s suorakaiteen muoto:<\/b> Suorakaiteen muotonsa ansiosta kaappi sopii moderniin sisustukseen ja t\u00e4ydent\u00e4\u00e4 monenlaista estetiikkaa. Sen puhtaat linjat tuovat esiin nykyaikaisia muotoiluelementtej\u00e4 ja yhdist\u00e4v\u00e4t tyyli\u00e4 ja k\u00e4yt\u00e4nn\u00f6llisyytt\u00e4.<\/li>\n<li><b>K\u00e4tev\u00e4t kahvat:<\/b> Suorat tangokahvat tekev\u00e4t kaapista helppok\u00e4ytt\u00f6isen, ja ne tuovat modernia ilmett\u00e4. Kahvat sulautuvat kauniisti kaapin muotoon, tarjoten tyylin ja k\u00e4yt\u00e4nn\u00f6llisyyden yhdistelm\u00e4n.<\/li>\n<li><b>Helppohoito-ohjeet:<\/b> S\u00e4ilyt\u00e4 kaapin hyv\u00e4 kunto pyyhkim\u00e4ll\u00e4 se kuivalla liinalla. V\u00e4lt\u00e4 voimakkaita kemikaaleja ja liiallista kosteutta, niin saat pitk\u00e4ik\u00e4isen ja kauniin s\u00e4ilytysratkaisun.<\/li>\n<\/ul>\n<ul>\n<li>V\u00e4ri: Musta tammi.<\/li>\n<li>Materiaali: Tekninen puu<\/li>\n<li>Yleiset mitat: 35 x 35 x 20 cm (P x L x K)<\/li>\n<li>2 laatikoilla<\/li>\n<li>Kokoonpano vaaditaan: Kyll\u00e4<\/li>\n<li>Toimitus-:<\/li>\n<li>2 x Sein\u00e4kiinnitett\u00e4v\u00e4 Y\u00f6p\u00f6yt\u00e4kaappi<\/li>\n<\/ul>\n","protected":false},"excerpt":{"rendered":"<ul>\n<li>V\u00e4ri: Musta tammi.<\/li>\n<li>Materiaali: Tekninen puu<\/li>\n<li>Yleiset mitat: 35 x 35 x 20 cm (P x L x K)<\/li>\n<li>2 laatikoilla<\/li>\n<li>Kokoonpano vaaditaan: Kyll\u00e4<\/li>\n<li>Toimitus-:<\/li>\n<li>2 x Sein\u00e4kiinnitett\u00e4v\u00e4 Y\u00f6p\u00f6yt\u00e4kaappi<\/li>\n<\/ul>\n","protected":false},"featured_media":100000190160,"comment_status":"closed","ping_status":"closed","template":"","meta":[],"product_brand":[],"product_cat":[84,8635],"product_tag":[],"class_list":{"0":"post-190160","1":"product","2":"type-product","3":"status-publish","4":"has-post-thumbnail","6":"product_cat-huonekalut","7":"product_cat-sailytys-lukkokaapit","9":"first","10":"instock","11":"taxable","12":"shipping-taxable","13":"purchasable","14":"product-type-simple"},"_links":{"self":[{"href":"https:\/\/www.otiumhome.fi\/index.php\/wp-json\/wp\/v2\/product\/190160","targetHints":{"allow":["GET"]}}],"collection":[{"href":"https:\/\/www.otiumhome.fi\/index.php\/wp-json\/wp\/v2\/product"}],"about":[{"href":"https:\/\/www.otiumhome.fi\/index.php\/wp-json\/wp\/v2\/types\/product"}],"replies":[{"embeddable":true,"href":"https:\/\/www.otiumhome.fi\/index.php\/wp-json\/wp\/v2\/comments?post=190160"}],"wp:featuredmedia":[{"embeddable":true,"href":"https:\/\/www.otiumhome.fi\/index.php\/wp-json\/"}],"wp:attachment":[{"href":"https:\/\/www.otiumhome.fi\/index.php\/wp-json\/wp\/v2\/media?parent=190160"}],"wp:term":[{"taxonomy":"product_brand","embeddable":true,"href":"https:\/\/www.otiumhome.fi\/index.php\/wp-json\/wp\/v2\/product_brand?post=190160"},{"taxonomy":"product_cat","embeddable":true,"href":"https:\/\/www.otiumhome.fi\/index.php\/wp-json\/wp\/v2\/product_cat?post=190160"},{"taxonomy":"product_tag","embeddable":true,"href":"https:\/\/www.otiumhome.fi\/index.php\/wp-json\/wp\/v2\/product_tag?post=190160"}],"curies":[{"name":"wp","href":"https:\/\/api.w.org\/{rel}","templated":true}]}}