{"id":190151,"date":"2025-11-14T06:35:35","date_gmt":"2025-11-14T06:35:35","guid":{"rendered":"https:\/\/www.otiumhome.fi\/?p=190151"},"modified":"2025-12-09T09:45:55","modified_gmt":"2025-12-09T09:45:55","slug":"laatikkokaappi-pyoralla-vanha-puu-55-x-45-x-31-cm","status":"publish","type":"product","link":"https:\/\/www.otiumhome.fi\/index.php\/tuote\/laatikkokaappi-pyoralla-vanha-puu-55-x-45-x-31-cm\/","title":{"rendered":"Laatikkokaappi py\u00f6r\u00e4ll\u00e4 Vanha puu 55 x 45 x 31 cm"},"content":{"rendered":"<p>T\u00e4m\u00e4 moderni laatikosto yhdist\u00e4\u00e4 yksinkertaisuuden ja k\u00e4yt\u00e4nn\u00f6llisyyden kompaktissa ja tyylikk\u00e4\u00e4ss\u00e4 muodossa. Sen puhtailla linjoilla tehdyt yksinkertaiset yksityiskohdat sulautuvat saumattomasti mihin tahansa huoneeseen, ja se tarjoaa hienostuneen ilmeen k\u00e4yt\u00e4nn\u00f6llisen s\u00e4ilytysratkaisun lis\u00e4ksi. T\u00e4m\u00e4 kaappi on t\u00e4ydellinen lis\u00e4 kodin j\u00e4rjestykseen.<\/p>\n<ul>\n<li><b>Tekninen puu:<\/b> T\u00e4m\u00e4 kaappi on tehty teknisest\u00e4 puusta, mik\u00e4 antaa sille tyylikk\u00e4\u00e4n ilmeen ja kest\u00e4vyyden. Materiaali on helppohoitoinen ja kest\u00e4v\u00e4, joten se sopii hyvin pitk\u00e4aikaiseen sis\u00e4k\u00e4ytt\u00f6\u00f6n.<\/li>\n<li><b>Runsaasti s\u00e4ilytystilaa:<\/b> Kaapista l\u00f6ytyy paljon s\u00e4ilytysmahdollisuuksia, joten voit laittaa sinne vaatteet, asiakirjat tai henkil\u00f6kohtaiset tavarat. T\u00e4m\u00e4n tehokkaan muotoilun ansiosta kaikki pysyy j\u00e4rjestyksess\u00e4.<\/li>\n<li><b>Kaapin vetimet:<\/b> Kaappi on helppok\u00e4ytt\u00f6inen, ja sen sujuvasti toimivat laatikot s\u00e4ilytt\u00e4v\u00e4t pienet esineet ilman sotkua. Jokainen laatikko tarjoaa riitt\u00e4v\u00e4sti tilaa eri tarvikkeiden j\u00e4rjest\u00e4miseen.<\/li>\n<li><b>Monipuolinen muotoilu:<\/b> Suorakaiteen muoto auttaa kaappia sopimaan helposti eri ymp\u00e4rist\u00f6ihin, niin kotitoimistoihin kuin makuuhuoneisiinkin. Kompakti koko 55 x 45 x 31 cm tekee siit\u00e4 oivan valinnan tiloihin, joissa on rajoitetusti tilaa.<\/li>\n<li><b>Kokoamisvaatimukset:<\/b> Kaappi on helppo koota kahden henkil\u00f6n voimin ruuvimeisselin avulla. T\u00e4m\u00e4 takaa, ett\u00e4 se on tyylik\u00e4s ja toiminnallinen heti ensimm\u00e4isest\u00e4 p\u00e4iv\u00e4st\u00e4 alkaen.<\/li>\n<\/ul>\n<ul>\n<li>V\u00e4ri: Vanha puu<\/li>\n<li>Yleiset mitat: 55 x 45 x 33,5 cm (P x L x K)<\/li>\n<li>Yhdell\u00e4 laatikolla<\/li>\n<li>S\u00e4ilytysm\u00e4\u00e4r\u00e4: 1<\/li>\n<li>Kokoonpano vaaditaan: Kyll\u00e4<\/li>\n<li>Toimitus-:<\/li>\n<li>1 x Laatikko Kaappi<\/li>\n<\/ul>\n","protected":false},"excerpt":{"rendered":"<ul>\n<li>V\u00e4ri: Vanha puu<\/li>\n<li>Yleiset mitat: 55 x 45 x 33,5 cm (P x L x K)<\/li>\n<li>Yhdell\u00e4 laatikolla<\/li>\n<li>S\u00e4ilytysm\u00e4\u00e4r\u00e4: 1<\/li>\n<li>Kokoonpano vaaditaan: Kyll\u00e4<\/li>\n<li>Toimitus-:<\/li>\n<li>1 x Laatikko Kaappi<\/li>\n<\/ul>\n","protected":false},"featured_media":100000190151,"comment_status":"closed","ping_status":"closed","template":"","meta":[],"product_brand":[],"product_cat":[84,8635],"product_tag":[],"class_list":{"0":"post-190151","1":"product","2":"type-product","3":"status-publish","4":"has-post-thumbnail","6":"product_cat-huonekalut","7":"product_cat-sailytys-lukkokaapit","9":"first","10":"instock","11":"taxable","12":"shipping-taxable","13":"purchasable","14":"product-type-simple"},"_links":{"self":[{"href":"https:\/\/www.otiumhome.fi\/index.php\/wp-json\/wp\/v2\/product\/190151","targetHints":{"allow":["GET"]}}],"collection":[{"href":"https:\/\/www.otiumhome.fi\/index.php\/wp-json\/wp\/v2\/product"}],"about":[{"href":"https:\/\/www.otiumhome.fi\/index.php\/wp-json\/wp\/v2\/types\/product"}],"replies":[{"embeddable":true,"href":"https:\/\/www.otiumhome.fi\/index.php\/wp-json\/wp\/v2\/comments?post=190151"}],"wp:featuredmedia":[{"embeddable":true,"href":"https:\/\/www.otiumhome.fi\/index.php\/wp-json\/"}],"wp:attachment":[{"href":"https:\/\/www.otiumhome.fi\/index.php\/wp-json\/wp\/v2\/media?parent=190151"}],"wp:term":[{"taxonomy":"product_brand","embeddable":true,"href":"https:\/\/www.otiumhome.fi\/index.php\/wp-json\/wp\/v2\/product_brand?post=190151"},{"taxonomy":"product_cat","embeddable":true,"href":"https:\/\/www.otiumhome.fi\/index.php\/wp-json\/wp\/v2\/product_cat?post=190151"},{"taxonomy":"product_tag","embeddable":true,"href":"https:\/\/www.otiumhome.fi\/index.php\/wp-json\/wp\/v2\/product_tag?post=190151"}],"curies":[{"name":"wp","href":"https:\/\/api.w.org\/{rel}","templated":true}]}}