{"id":190121,"date":"2025-11-14T06:35:26","date_gmt":"2025-11-14T06:35:26","guid":{"rendered":"https:\/\/www.otiumhome.fi\/?p=190121"},"modified":"2025-12-09T09:45:40","modified_gmt":"2025-12-09T09:45:40","slug":"seinakaappi-musta-tammi-60-x-30-x-70-cm-tekninen-puu","status":"publish","type":"product","link":"https:\/\/www.otiumhome.fi\/index.php\/tuote\/seinakaappi-musta-tammi-60-x-30-x-70-cm-tekninen-puu\/","title":{"rendered":"Sein\u00e4kaappi Musta tammi. 60 x 30 x 70 cm Tekninen puu"},"content":{"rendered":"<p>T\u00e4\u00e4 sein\u00e4lle kiinnitett\u00e4v\u00e4 kaappi on esimerkki modernista muotoilusta ja tarjoaa tyylikk\u00e4\u00e4n ja k\u00e4yt\u00e4nn\u00f6llisen s\u00e4ilytysohjelman tilallesi. Loistava nykyaikaiseen olohuoneeseen, sen suorakaiteen muotoinen design ja siistit linjat sulautuu hyvin erilaisiin sisustustyyleihin. Kaappi on tehty teknisest\u00e4 puusta ja mustista D-vetimist\u00e4, mik\u00e4 yhdist\u00e4\u00e4 eleganssin ja kest\u00e4vyyden. Olitpa sitten n\u00e4ytt\u00e4m\u00e4ss\u00e4 esineit\u00e4 tai s\u00e4ilytt\u00e4m\u00e4ss\u00e4 tavaroita, se nostaa huoneen minimalismillaan.<\/p>\n<ul><\/br><\/p>\n<li><b>Valmistettu teknisest\u00e4 puusta:<\/b> T\u00e4\u00e4 sein\u00e4kaappi on tehty huippulaatuisesta teknisest\u00e4 puusta, mik\u00e4 yhdist\u00e4\u00e4 kauniin ulkon\u00e4\u00f6n ja kest\u00e4vyyden. Tekninen puu on sile\u00e4 ja kest\u00e4\u00e4 v\u00e4\u00e4ntymist\u00e4, joten kaappi pysyy tukevana pitk\u00e4\u00e4n.<\/li>\n<p><\/br><\/p>\n<li><b>K\u00e4yt\u00e4nn\u00f6lliset levyhyllyt:<\/b> Levyhyllyt, jotka on tehty teknisist\u00e4 materiaaleista, maksimoi monipuolisuuden ja s\u00e4ilytysmahdollisuudet samalla, kun tyylist\u00e4 ei tingit\u00e4. N\u00e4\u00e4 hyllyt tukee erilaista tavaraa, kirjoista koristeisiin, ja mukautuu tarpeidesi mukaan.<\/li>\n<p><\/br><\/p>\n<li><b>Yksinkertaiset ter\u00e4ksiset vetimet:<\/b> Kaapin modernia muotoilua t\u00e4ydent\u00e4v\u00e4t mustat D-vetimet, jotka on helppo tarttua ja parantaa k\u00e4ytt\u00f6mukavuutta. N\u00e4\u00e4 vetimet tuo ripauksen hienostuneisuutta ja yhdist\u00e4v\u00e4t muodon ja toiminnallisuuden.<\/li>\n<p><\/br><\/p>\n<li><b>Sein\u00e4kiinnitt\u00e4misen k\u00e4tevyys:<\/b> Sein\u00e4asennukseen tehty kaappi optimoi lattiatilan, luoden kauniin ja siistin ymp\u00e4rist\u00f6n. Koska se on sein\u00e4\u00e4n kiinnitett\u00e4v\u00e4, on siivoaminen helppoa, mik\u00e4 lis\u00e4\u00e4 sek\u00e4 k\u00e4yt\u00e4nn\u00f6llisyytt\u00e4 ett\u00e4 esteettist\u00e4 vieh\u00e4tyst\u00e4.<\/li>\n<p><\/br><\/p>\n<li><b>Yksinkertaiset hoito-ohjeet:<\/b> Pid\u00e4 kaapin ilme hyv\u00e4n\u00e4 v\u00e4lttelem\u00e4ll\u00e4 kovia kemikaaleja. Miedon saippuavedell\u00e4 puhdistaminen riitt\u00e4\u00e4, jotta kaappi s\u00e4ilytt\u00e4\u00e4 tyylikk\u00e4\u00e4n ulkon\u00e4k\u00f6ns\u00e4 pitk\u00e4\u00e4n. T\u00e4\u00e4 helppo huolto sopii kiireisiin el\u00e4m\u00e4ntyyleihin.<\/li>\n<p><\/br><\/ul>\n<ul>\n<li>V\u00e4ri: Musta tammi.<\/li>\n<li>Materiaali: Tekninen puu<\/li>\n<li>Yleiset mitat: 60 x 30 x 70 cm (P x L x K)<\/li>\n<li>2 hyllyill\u00e4<\/li>\n<li>Kokonaispaino: 100 kg kg<\/li>\n<li>S\u00e4ilytysm\u00e4\u00e4r\u00e4: 2<\/li>\n<li>Kokoonpano vaaditaan: Kyll\u00e4<\/li>\n<li>Toimitus-:<\/li>\n<li>1 x Sein\u00e4hylly<\/li>\n<\/ul>\n","protected":false},"excerpt":{"rendered":"<ul>\n<li>V\u00e4ri: Musta tammi.<\/li>\n<li>Materiaali: Tekninen puu<\/li>\n<li>Yleiset mitat: 60 x 30 x 70 cm (P x L x K)<\/li>\n<li>2 hyllyill\u00e4<\/li>\n<li>Kokonaispaino: 100 kg kg<\/li>\n<li>S\u00e4ilytysm\u00e4\u00e4r\u00e4: 2<\/li>\n<li>Kokoonpano vaaditaan: Kyll\u00e4<\/li>\n<li>Toimitus-:<\/li>\n<li>1 x Sein\u00e4hylly<\/li>\n<\/ul>\n","protected":false},"featured_media":100000190121,"comment_status":"closed","ping_status":"closed","template":"","meta":[],"product_brand":[],"product_cat":[84,8635],"product_tag":[],"class_list":{"0":"post-190121","1":"product","2":"type-product","3":"status-publish","4":"has-post-thumbnail","6":"product_cat-huonekalut","7":"product_cat-sailytys-lukkokaapit","9":"first","10":"instock","11":"taxable","12":"shipping-taxable","13":"purchasable","14":"product-type-simple"},"_links":{"self":[{"href":"https:\/\/www.otiumhome.fi\/index.php\/wp-json\/wp\/v2\/product\/190121","targetHints":{"allow":["GET"]}}],"collection":[{"href":"https:\/\/www.otiumhome.fi\/index.php\/wp-json\/wp\/v2\/product"}],"about":[{"href":"https:\/\/www.otiumhome.fi\/index.php\/wp-json\/wp\/v2\/types\/product"}],"replies":[{"embeddable":true,"href":"https:\/\/www.otiumhome.fi\/index.php\/wp-json\/wp\/v2\/comments?post=190121"}],"wp:featuredmedia":[{"embeddable":true,"href":"https:\/\/www.otiumhome.fi\/index.php\/wp-json\/"}],"wp:attachment":[{"href":"https:\/\/www.otiumhome.fi\/index.php\/wp-json\/wp\/v2\/media?parent=190121"}],"wp:term":[{"taxonomy":"product_brand","embeddable":true,"href":"https:\/\/www.otiumhome.fi\/index.php\/wp-json\/wp\/v2\/product_brand?post=190121"},{"taxonomy":"product_cat","embeddable":true,"href":"https:\/\/www.otiumhome.fi\/index.php\/wp-json\/wp\/v2\/product_cat?post=190121"},{"taxonomy":"product_tag","embeddable":true,"href":"https:\/\/www.otiumhome.fi\/index.php\/wp-json\/wp\/v2\/product_tag?post=190121"}],"curies":[{"name":"wp","href":"https:\/\/api.w.org\/{rel}","templated":true}]}}