{"id":190106,"date":"2025-11-14T06:35:21","date_gmt":"2025-11-14T06:35:21","guid":{"rendered":"https:\/\/www.otiumhome.fi\/?p=190106"},"modified":"2025-12-09T09:45:36","modified_gmt":"2025-12-09T09:45:36","slug":"sivupoyta-musta-tammi-1035-x-35-x-70-cm-tekninen-puu","status":"publish","type":"product","link":"https:\/\/www.otiumhome.fi\/index.php\/tuote\/sivupoyta-musta-tammi-1035-x-35-x-70-cm-tekninen-puu\/","title":{"rendered":"Sivup\u00f6yt\u00e4 Musta tammi. 103,5 x 35 x 70 cm Tekninen puu"},"content":{"rendered":"<p>T\u00e4ss\u00e4 on moderni suorakaiteen muotoinen sivup\u00f6yt\u00e4, joka tuo tyylikkyytt\u00e4 ja k\u00e4yt\u00e4nn\u00f6llisyytt\u00e4 nykyaikaiseen olohuoneeseen. Valmistettu teknisest\u00e4 puusta, se yhdist\u00e4\u00e4 minimalistisen muotoilun ja esteettisyyden toimivuuteen. Suorakaiteen muotoinen rakenne ja kapenevat jalat tarjoavat vakautta ja hienostunutta ilmett\u00e4, t\u00e4ydent\u00e4en modernia sisustusta ja hoitaen s\u00e4ilytystarpeita.<\/p>\n<ul>\n<li><b>Laatumateriaalit:<\/b> Valmistettu teknisest\u00e4 puusta, t\u00e4m\u00e4 sivup\u00f6yt\u00e4 on kest\u00e4v\u00e4 ja sen mattapinta luo kauniin ilmeen. Se kest\u00e4\u00e4 p\u00e4ivitt\u00e4ist\u00e4 kulutusta ja pysyy hyv\u00e4ss\u00e4 kunnossa pitk\u00e4\u00e4n.<\/li>\n<li><b>Monipuoliset osat:<\/b> T\u00e4m\u00e4 sivup\u00f6yt\u00e4 sis\u00e4lt\u00e4\u00e4 hyllyt, taustalevyn, rungon ja kartiojalat, kaikki teknisest\u00e4 puusta. N\u00e4m\u00e4 osat lis\u00e4\u00e4v\u00e4t sen rakennetta ja tarjoavat monipuolista s\u00e4ilytystilaa eri esineille.<\/li>\n<li><b>K\u00e4ytt\u00e4j\u00e4yst\u00e4v\u00e4llinen muotoilu:<\/b> Sivup\u00f6yt\u00e4 esittelee tyylik\u00e4st\u00e4 suorakaiteen muotoa, joka on yksinkertainen ja toiminnallinen. Sen puhtaat linjat sulautuvat saumattomasti eri sisustustyyleihin, luoden rauhallisen tilan.<\/li>\n<li><b>Monipuolinen k\u00e4ytt\u00f6:<\/b> T\u00e4m\u00e4 sivup\u00f6yt\u00e4 on erityisen hyv\u00e4 olohuoneissa, sill\u00e4 se tarjoaa tilaa kirjoille, lehdille ja koriste-esineille. Se toimii my\u00f6s hyvin ruokailutiloissa tai k\u00e4yt\u00e4vill\u00e4, yhdist\u00e4en s\u00e4ilytyksen ja kauniin ulkon\u00e4\u00f6n.<\/li>\n<li><b>Hoito-ohjeet:<\/b> Helppohoitoinen, riitt\u00e4\u00e4 kun pyyhkii p\u00f6lyn kuivalle liinalle ja v\u00e4lt\u00e4 voimakkaita kemikaaleja, jotta ilme s\u00e4ilyy hyv\u00e4n\u00e4. T\u00e4m\u00e4 takaa, ett\u00e4 sivup\u00f6yt\u00e4 pysyy kauniina osana sisustusta.<\/li>\n<\/ul>\n<ul>\n<li>V\u00e4ri: Musta tammi.<\/li>\n<li>Materiaali: Tekninen puu<\/li>\n<li>Yleiset mitat: 103,5 x 35 x 70 cm (P x L x K)<\/li>\n<li>6 hyllyill\u00e4<\/li>\n<li>Kokonaispaino: 120 kg kg<\/li>\n<li>S\u00e4ilytysm\u00e4\u00e4r\u00e4: 6<\/li>\n<li>Kokoonpano vaaditaan: Kyll\u00e4<\/li>\n<li>Toimitus-:<\/li>\n<li>1 x Sivup\u00f6yt\u00e4<\/li>\n<\/ul>\n","protected":false},"excerpt":{"rendered":"<ul>\n<li>V\u00e4ri: Musta tammi.<\/li>\n<li>Materiaali: Tekninen puu<\/li>\n<li>Yleiset mitat: 103,5 x 35 x 70 cm (P x L x K)<\/li>\n<li>6 hyllyill\u00e4<\/li>\n<li>Kokonaispaino: 120 kg kg<\/li>\n<li>S\u00e4ilytysm\u00e4\u00e4r\u00e4: 6<\/li>\n<li>Kokoonpano vaaditaan: Kyll\u00e4<\/li>\n<li>Toimitus-:<\/li>\n<li>1 x Sivup\u00f6yt\u00e4<\/li>\n<\/ul>\n","protected":false},"featured_media":100000190106,"comment_status":"closed","ping_status":"closed","template":"","meta":[],"product_brand":[],"product_cat":[84,8635],"product_tag":[],"class_list":{"0":"post-190106","1":"product","2":"type-product","3":"status-publish","4":"has-post-thumbnail","6":"product_cat-huonekalut","7":"product_cat-sailytys-lukkokaapit","9":"first","10":"instock","11":"taxable","12":"shipping-taxable","13":"purchasable","14":"product-type-simple"},"_links":{"self":[{"href":"https:\/\/www.otiumhome.fi\/index.php\/wp-json\/wp\/v2\/product\/190106","targetHints":{"allow":["GET"]}}],"collection":[{"href":"https:\/\/www.otiumhome.fi\/index.php\/wp-json\/wp\/v2\/product"}],"about":[{"href":"https:\/\/www.otiumhome.fi\/index.php\/wp-json\/wp\/v2\/types\/product"}],"replies":[{"embeddable":true,"href":"https:\/\/www.otiumhome.fi\/index.php\/wp-json\/wp\/v2\/comments?post=190106"}],"wp:featuredmedia":[{"embeddable":true,"href":"https:\/\/www.otiumhome.fi\/index.php\/wp-json\/"}],"wp:attachment":[{"href":"https:\/\/www.otiumhome.fi\/index.php\/wp-json\/wp\/v2\/media?parent=190106"}],"wp:term":[{"taxonomy":"product_brand","embeddable":true,"href":"https:\/\/www.otiumhome.fi\/index.php\/wp-json\/wp\/v2\/product_brand?post=190106"},{"taxonomy":"product_cat","embeddable":true,"href":"https:\/\/www.otiumhome.fi\/index.php\/wp-json\/wp\/v2\/product_cat?post=190106"},{"taxonomy":"product_tag","embeddable":true,"href":"https:\/\/www.otiumhome.fi\/index.php\/wp-json\/wp\/v2\/product_tag?post=190106"}],"curies":[{"name":"wp","href":"https:\/\/api.w.org\/{rel}","templated":true}]}}