{"id":189704,"date":"2025-11-14T05:20:56","date_gmt":"2025-11-14T05:20:56","guid":{"rendered":"https:\/\/www.otiumhome.fi\/?p=189704"},"modified":"2025-11-14T16:11:33","modified_gmt":"2025-11-14T16:11:33","slug":"bistropoydan-jalka-musta-41x41x72-cm-valurauta","status":"publish","type":"product","link":"https:\/\/www.otiumhome.fi\/index.php\/tuote\/bistropoydan-jalka-musta-41x41x72-cm-valurauta\/","title":{"rendered":"Bistrop\u00f6yd\u00e4n jalka musta 41x41x72 cm valurauta"},"content":{"rendered":"<p>Muuta bistrop\u00f6yt\u00e4si upeaksi teollistyyliseksi huonekaluksi t\u00e4m\u00e4n bistrop\u00f6yd\u00e4n jalan avulla.<\/p>\n<\/p>\n<p>P\u00f6yd\u00e4njalka on valmistettu valuraudasta, joka tekee siit\u00e4 lujan ja vakaan. Asennuslevyss\u00e4 olevien esiporattujen reikien ansiosta p\u00f6yd\u00e4njalka on nopea ja helppo yhdist\u00e4\u00e4 p\u00f6yt\u00e4levyn kanssa.<\/p>\n<\/p>\n<p>Huomioithan: toimituksessa mukana ainoastaan p\u00f6yd\u00e4njalka, p\u00f6yt\u00e4levy ei sis\u00e4lly toimitukseen.<\/p>\n<ul>\n<li>V\u00e4ri: musta<\/li>\n<li>Materiaali: valurauta<\/li>\n<li>Mitat: 41 x 41 x 72 cm (P x L x K)<\/li>\n<li>Asennus vaaditaan: kyll\u00e4<\/li>\n<\/ul>\n","protected":false},"excerpt":{"rendered":"<ul>\n<li>V\u00e4ri: musta<\/li>\n<li>Materiaali: valurauta<\/li>\n<li>Mitat: 41 x 41 x 72 cm (P x L x K)<\/li>\n<li>Asennus vaaditaan: kyll\u00e4<\/li>\n<\/ul>\n","protected":false},"featured_media":100000189704,"comment_status":"closed","ping_status":"closed","template":"","meta":[],"product_brand":[],"product_cat":[84,8577],"product_tag":[],"class_list":{"0":"post-189704","1":"product","2":"type-product","3":"status-publish","4":"has-post-thumbnail","6":"product_cat-huonekalut","7":"product_cat-poydanjalat","9":"first","10":"instock","11":"taxable","12":"shipping-taxable","13":"purchasable","14":"product-type-simple"},"_links":{"self":[{"href":"https:\/\/www.otiumhome.fi\/index.php\/wp-json\/wp\/v2\/product\/189704","targetHints":{"allow":["GET"]}}],"collection":[{"href":"https:\/\/www.otiumhome.fi\/index.php\/wp-json\/wp\/v2\/product"}],"about":[{"href":"https:\/\/www.otiumhome.fi\/index.php\/wp-json\/wp\/v2\/types\/product"}],"replies":[{"embeddable":true,"href":"https:\/\/www.otiumhome.fi\/index.php\/wp-json\/wp\/v2\/comments?post=189704"}],"wp:featuredmedia":[{"embeddable":true,"href":"https:\/\/www.otiumhome.fi\/index.php\/wp-json\/"}],"wp:attachment":[{"href":"https:\/\/www.otiumhome.fi\/index.php\/wp-json\/wp\/v2\/media?parent=189704"}],"wp:term":[{"taxonomy":"product_brand","embeddable":true,"href":"https:\/\/www.otiumhome.fi\/index.php\/wp-json\/wp\/v2\/product_brand?post=189704"},{"taxonomy":"product_cat","embeddable":true,"href":"https:\/\/www.otiumhome.fi\/index.php\/wp-json\/wp\/v2\/product_cat?post=189704"},{"taxonomy":"product_tag","embeddable":true,"href":"https:\/\/www.otiumhome.fi\/index.php\/wp-json\/wp\/v2\/product_tag?post=189704"}],"curies":[{"name":"wp","href":"https:\/\/api.w.org\/{rel}","templated":true}]}}