{"id":189702,"date":"2025-11-14T05:19:00","date_gmt":"2025-11-14T05:19:00","guid":{"rendered":"https:\/\/www.otiumhome.fi\/?p=189702"},"modified":"2025-11-15T10:16:33","modified_gmt":"2025-11-15T10:16:33","slug":"sailytyspenkki-senkki-120x30x40-cm-kierratetty-tayspuu","status":"publish","type":"product","link":"https:\/\/www.otiumhome.fi\/index.php\/tuote\/sailytyspenkki-senkki-120x30x40-cm-kierratetty-tayspuu\/","title":{"rendered":"S\u00e4ilytyspenkki\/Senkki 120x30x40 cm kierr\u00e4tetty t\u00e4yspuu"},"content":{"rendered":"<p>T\u00e4m\u00e4 s\u00e4ilytyspenkki on suunniteltu sek\u00e4 istumiseen ett\u00e4 s\u00e4ilytykseen. Se on taattu katseiden vangitsija kotisi sisustuksessa.<\/p>\n<\/p>\n<ul>\n<li>T\u00e4ysi kierr\u00e4tyspuu: Kierr\u00e4tetty t\u00e4yspuu koostuu uudelleen k\u00e4ytetyst\u00e4 puusta, kuten tiikki-, mango-, m\u00e4nty- ja py\u00f6kkipuusta. N\u00e4m\u00e4 materiaalit on ker\u00e4tty vanhoista rakennuksista, tehtaista, vajoista ja veneist\u00e4. Koska jokainen kappale on k\u00e4sintehty, v\u00e4rit vaihtelevat kappaleesta toiseen.<\/li>\n<li>Runsaasti s\u00e4ilytystilaa: Penkiss\u00e4 on suuri s\u00e4ilytystila vaatteiden, lelujen, tyynyjen, kirjojen tai muiden henkil\u00f6kohtaisten tavaroiden j\u00e4rjest\u00e4miseen, jotka haluat s\u00e4ilytt\u00e4\u00e4 pois n\u00e4kyvist\u00e4.<\/li>\n<li>Monipuolinen k\u00e4ytt\u00f6: Penkki sopii t\u00e4ydellisesti eteisen s\u00e4ilytyspenkiksi, tai olohuoneen senkiksi.<\/li>\n<\/ul>\n<p>Hyv\u00e4 tiet\u00e4\u00e4:<\/p>\n<ul>\n<li>Jokainen kappale on ainutlaatuisen eroavilla v\u00e4reill\u00e4 ja puunsyill\u00e4. Toimitus on sattumanvarainen, t\u00e4m\u00e4 takaa tuotteesi erityisyyden ja ainutlaatuisuuden.<\/li>\n<\/ul>\n<ul>\n<li>Materiaali: Kierr\u00e4tetty t\u00e4yspuu<\/li>\n<li>Mitat: 120 x 30 x 40 cm (P x L x K)<\/li>\n<li>Maksimikantavuus (per istuin): 110 kg<\/li>\n<li>Asennus vaaditaan: Kyll\u00e4<\/li>\n<\/ul>\n","protected":false},"excerpt":{"rendered":"<ul>\n<li>Materiaali: Kierr\u00e4tetty t\u00e4yspuu<\/li>\n<li>Mitat: 120 x 30 x 40 cm (P x L x K)<\/li>\n<li>Maksimikantavuus (per istuin): 110 kg<\/li>\n<li>Asennus vaaditaan: Kyll\u00e4<\/li>\n<\/ul>\n","protected":false},"featured_media":100000189702,"comment_status":"closed","ping_status":"closed","template":"","meta":[],"product_brand":[],"product_cat":[84],"product_tag":[],"class_list":{"0":"post-189702","1":"product","2":"type-product","3":"status-publish","4":"has-post-thumbnail","6":"product_cat-huonekalut","8":"first","9":"instock","10":"taxable","11":"shipping-taxable","12":"purchasable","13":"product-type-simple"},"_links":{"self":[{"href":"https:\/\/www.otiumhome.fi\/index.php\/wp-json\/wp\/v2\/product\/189702","targetHints":{"allow":["GET"]}}],"collection":[{"href":"https:\/\/www.otiumhome.fi\/index.php\/wp-json\/wp\/v2\/product"}],"about":[{"href":"https:\/\/www.otiumhome.fi\/index.php\/wp-json\/wp\/v2\/types\/product"}],"replies":[{"embeddable":true,"href":"https:\/\/www.otiumhome.fi\/index.php\/wp-json\/wp\/v2\/comments?post=189702"}],"wp:featuredmedia":[{"embeddable":true,"href":"https:\/\/www.otiumhome.fi\/index.php\/wp-json\/"}],"wp:attachment":[{"href":"https:\/\/www.otiumhome.fi\/index.php\/wp-json\/wp\/v2\/media?parent=189702"}],"wp:term":[{"taxonomy":"product_brand","embeddable":true,"href":"https:\/\/www.otiumhome.fi\/index.php\/wp-json\/wp\/v2\/product_brand?post=189702"},{"taxonomy":"product_cat","embeddable":true,"href":"https:\/\/www.otiumhome.fi\/index.php\/wp-json\/wp\/v2\/product_cat?post=189702"},{"taxonomy":"product_tag","embeddable":true,"href":"https:\/\/www.otiumhome.fi\/index.php\/wp-json\/wp\/v2\/product_tag?post=189702"}],"curies":[{"name":"wp","href":"https:\/\/api.w.org\/{rel}","templated":true}]}}