{"id":189476,"date":"2025-11-14T04:56:18","date_gmt":"2025-11-14T04:56:18","guid":{"rendered":"https:\/\/www.otiumhome.fi\/?p=189476"},"modified":"2025-12-09T07:43:36","modified_gmt":"2025-12-09T07:43:36","slug":"meikkipoyta-musta-tammi-80-x-41-x-144-5-cm-tekninen-puu","status":"publish","type":"product","link":"https:\/\/www.otiumhome.fi\/index.php\/tuote\/meikkipoyta-musta-tammi-80-x-41-x-144-5-cm-tekninen-puu\/","title":{"rendered":"Meikkip\u00f6yt\u00e4 Musta tammi 80 x 41 x 144.5 cm Tekninen puu"},"content":{"rendered":"<p>T\u00e4m\u00e4 peilill\u00e4 ja LED-valoilla varustettu meikkip\u00f6yt\u00e4 tuo tyylikk\u00e4\u00e4n ja modernin tunnelman makuuhuoneeseesi. Suorakaiteen muotoinen muotoilu tekee siit\u00e4 loistavan valinnan mihin tahansa nykyaikaiseen kotiin. Kaunis pinta ei vain n\u00e4yt\u00e4 hyv\u00e4lt\u00e4, vaan on my\u00f6s k\u00e4yt\u00e4nn\u00f6llinen p\u00e4ivitt\u00e4isess\u00e4 kauneudenhoidossasi.<\/p>\n<ul>\n<li><b>Materiaalit:<\/b> Korkealaatuisesta teknisest\u00e4 puusta valmistettu p\u00f6yt\u00e4 on kest\u00e4v\u00e4 ja tyylik\u00e4s. Sen kest\u00e4vyys ja sile\u00e4 pinta tekev\u00e4t siit\u00e4 sek\u00e4 hyv\u00e4n n\u00e4k\u00f6isen ett\u00e4 k\u00e4yt\u00e4nn\u00f6llisen kaikille kauneustuotteillesi.<\/li>\n<li><b>Lis\u00e4komponentit:<\/b> Hyllyt ja laatikot tarjoavat paljon tilaa kauneustuotteille ja muille tavaroille. Hyvin suunnitellut hyllyt helpottavat j\u00e4rjest\u00e4mist\u00e4, jotta voit edet\u00e4 rutiinissasi nopeasti.<\/li>\n<li><b>Ominaisuudet \/ Toiminta \/ Muotoilu:<\/b> Moderni design tekee t\u00e4st\u00e4 p\u00f6yd\u00e4st\u00e4 k\u00e4yt\u00e4nn\u00f6llisen ja yksinkertaisen. LED-valot peilin ymp\u00e4rill\u00e4 parantavat n\u00e4kyvyytt\u00e4, mik\u00e4 tekee kauneudenhoidosta helppoa sek\u00e4 p\u00e4iv\u00e4ll\u00e4 ett\u00e4 y\u00f6ll\u00e4.<\/li>\n<li><b>Suositellut k\u00e4yt\u00f6t:<\/b> Loistava valinta mihin tahansa makuuhuoneeseen, t\u00e4m\u00e4 tuote sopii erinomaisesti henkil\u00f6kohtaiseen kauneudenhoitoosi. Se mahtuu hyvin pieniin tiloihin, joten se on t\u00e4ydellinen kaupunkiasuntoihin tai kompakteihin elintiloihin.<\/li>\n<li><b>Hoito &amp; yll\u00e4pito:<\/b> Pid\u00e4 se hyv\u00e4ss\u00e4 kunnossa pyyhkim\u00e4ll\u00e4 se kostealla liinalla. S\u00e4\u00e4nn\u00f6llinen hoito pident\u00e4\u00e4 sen k\u00e4ytt\u00f6ik\u00e4\u00e4 ja pit\u00e4\u00e4 sen uutena. T\u00e4m\u00e4 p\u00f6yt\u00e4 on aina luotettava ja tyylik\u00e4s osa makuuhuoneen sisustusta.<\/li>\n<\/ul>\n<ul>\n<li>V\u00e4ri: Musta tammi<\/li>\n<li>Materiaali: Tekninen puu<\/li>\n<li>Yleiset mitat: 80 x 41 x 144,5 cm (P x L x K)<\/li>\n<li>Paino: 26,05 kg<\/li>\n<li>S\u00e4ilytystila<\/li>\n<li>Virtal\u00e4hde: Pistoke<\/li>\n<li>Laatikolla<\/li>\n<li>Hyllyll\u00e4<\/li>\n<li>Sis\u00e4- \/ ulkotiloissa: Vain sis\u00e4k\u00e4ytt\u00f6\u00f6n<\/li>\n<li>Toimitus-:<\/li>\n<li>1 x meikkip\u00f6yt\u00e4<\/li>\n<li>Kokoonpano vaaditaan: Kyll\u00e4<\/li>\n<\/ul>\n","protected":false},"excerpt":{"rendered":"<ul>\n<li>V\u00e4ri: Musta tammi<\/li>\n<li>Materiaali: Tekninen puu<\/li>\n<li>Yleiset mitat: 80 x 41 x 144,5 cm (P x L x K)<\/li>\n<li>Paino: 26,05 kg<\/li>\n<li>S\u00e4ilytystila<\/li>\n<li>Virtal\u00e4hde: Pistoke<\/li>\n<li>Laatikolla<\/li>\n<li>Hyllyll\u00e4<\/li>\n<li>Sis\u00e4- \/ ulkotiloissa: Vain sis\u00e4k\u00e4ytt\u00f6\u00f6n<\/li>\n<li>Toimitus-:<\/li>\n<li>1 x meikkip\u00f6yt\u00e4<\/li>\n<li>Kokoonpano vaaditaan: Kyll\u00e4<\/li>\n<\/ul>\n","protected":false},"featured_media":100000189476,"comment_status":"closed","ping_status":"closed","template":"","meta":[],"product_brand":[],"product_cat":[84,8561,8566],"product_tag":[],"class_list":{"0":"post-189476","1":"product","2":"type-product","3":"status-publish","4":"has-post-thumbnail","6":"product_cat-huonekalut","7":"product_cat-kampauspoydat","8":"product_cat-makuuhuoneen-kampauspoydat","10":"first","11":"instock","12":"taxable","13":"shipping-taxable","14":"purchasable","15":"product-type-simple"},"_links":{"self":[{"href":"https:\/\/www.otiumhome.fi\/index.php\/wp-json\/wp\/v2\/product\/189476","targetHints":{"allow":["GET"]}}],"collection":[{"href":"https:\/\/www.otiumhome.fi\/index.php\/wp-json\/wp\/v2\/product"}],"about":[{"href":"https:\/\/www.otiumhome.fi\/index.php\/wp-json\/wp\/v2\/types\/product"}],"replies":[{"embeddable":true,"href":"https:\/\/www.otiumhome.fi\/index.php\/wp-json\/wp\/v2\/comments?post=189476"}],"wp:featuredmedia":[{"embeddable":true,"href":"https:\/\/www.otiumhome.fi\/index.php\/wp-json\/"}],"wp:attachment":[{"href":"https:\/\/www.otiumhome.fi\/index.php\/wp-json\/wp\/v2\/media?parent=189476"}],"wp:term":[{"taxonomy":"product_brand","embeddable":true,"href":"https:\/\/www.otiumhome.fi\/index.php\/wp-json\/wp\/v2\/product_brand?post=189476"},{"taxonomy":"product_cat","embeddable":true,"href":"https:\/\/www.otiumhome.fi\/index.php\/wp-json\/wp\/v2\/product_cat?post=189476"},{"taxonomy":"product_tag","embeddable":true,"href":"https:\/\/www.otiumhome.fi\/index.php\/wp-json\/wp\/v2\/product_tag?post=189476"}],"curies":[{"name":"wp","href":"https:\/\/api.w.org\/{rel}","templated":true}]}}