{"id":189455,"date":"2025-11-14T04:53:52","date_gmt":"2025-11-14T04:53:52","guid":{"rendered":"https:\/\/www.otiumhome.fi\/?p=189455"},"modified":"2025-12-20T05:59:33","modified_gmt":"2025-12-20T05:59:33","slug":"meikkipoyta-musta-tammi-100-x-40-x-130-cm-tekninen-puu","status":"publish","type":"product","link":"https:\/\/www.otiumhome.fi\/index.php\/tuote\/meikkipoyta-musta-tammi-100-x-40-x-130-cm-tekninen-puu\/","title":{"rendered":"Meikkip\u00f6yt\u00e4 Musta tammi. 100 x 40 x 130 cm Tekninen puu"},"content":{"rendered":"<p>T\u00e4m\u00e4 moderni pukup\u00f6yt\u00e4 on tyylik\u00e4s ja toimiva lis\u00e4 mihin tahansa makuuhuoneeseen, yhdist\u00e4en modernin estetiikan k\u00e4yt\u00e4nn\u00f6llisiin s\u00e4ilytysratkaisuihin. Suorakaiteen muotoinen p\u00f6yt\u00e4 tarjoaa runsaasti s\u00e4ilytystilaa ja tuo eleganssia huoneeseesi. Siistit linjat ja yksinkertainen tyyli sopivat t\u00e4ydellisesti sek\u00e4 minimalistisiin ett\u00e4 eklektisiin sisustustyyleihin. T\u00e4m\u00e4 monipuolinen pukup\u00f6yt\u00e4 on k\u00e4yt\u00e4nn\u00f6llinen huonekalu henkil\u00f6kohtaisten esineiden j\u00e4rjest\u00e4miseen ja samalla se on t\u00e4rke\u00e4 osa huoneesi sisustusta. Integroitu peilivalo tekee siit\u00e4 mainion niin p\u00e4ivitt\u00e4isiin rutiineihin kuin erityisiin tilaisuuksiin.<\/p>\n<ul>\n<li><b>Tekninen puu:<\/b> T\u00e4m\u00e4 pukup\u00f6yt\u00e4 on tehty teknisest\u00e4 puusta, joka on kest\u00e4v\u00e4 ja pit\u00e4\u00e4 tyylins\u00e4. Laadukkaat materiaalit takaavat pitk\u00e4n k\u00e4ytt\u00f6i\u00e4n, ja pehme\u00e4 pinta lis\u00e4\u00e4 sen visuaalista vieh\u00e4tysvoimaa, tehden siit\u00e4 keskipisteen makuuhuoneessasi.<\/li>\n<li><b>Integroitu peilivalo:<\/b> P\u00f6yd\u00e4ss\u00e4 on LED-peilivalot, jotka tarjoavat loistavan n\u00e4kyvyyden meikkaamiseen. Laadukkaat valot luovat tasaista valaistusta, joka auttaa sinua n\u00e4ytt\u00e4m\u00e4\u00e4n parhaimmalta. Energiatehokkaat LEDit varmistavat pidemm\u00e4n k\u00e4ytt\u00f6ajan pienell\u00e4 s\u00e4hk\u00f6nkulutuksella.<\/li>\n<li><b>Runsaasti s\u00e4ilytystilaa:<\/b> T\u00e4ss\u00e4 p\u00f6yd\u00e4ss\u00e4 on useita laatikoita ja hyllyj\u00e4, jotka tarjoavat loistavat tilat kosmetiikalle, asusteille ja t\u00e4rkeille tavaroille. Suunnittelussa on huomioitu, ett\u00e4 kaikilla tavaroilla on paikkansa, mik\u00e4 v\u00e4hent\u00e4\u00e4 sekasortoa ja tekee kaikesta helposti l\u00f6ydett\u00e4v\u00e4\u00e4.<\/li>\n<li><b>Tasainen peili:<\/b> Peiliss\u00e4 on sile\u00e4 pinta, joka antaa tarkan heijastuksen henkil\u00f6kohtaista huolenpitoa varten. Sen kirkkaus ja tasainen heijastus varmistavat onnistuneet rutiinit, ja se tuo huoneeseesi lis\u00e4\u00e4 tyylikkyytt\u00e4.<\/li>\n<li><b>K\u00e4ytt\u00e4j\u00e4yst\u00e4v\u00e4llinen kokoaminen:<\/b> P\u00f6yt\u00e4 saapuu valmiina osina, kokoaminen vaatii vain kaksi henkil\u00f6\u00e4 ja ruuvimeisselin. Kun se on koottu, sen kest\u00e4v\u00e4 rakenne takaa pitk\u00e4n k\u00e4ytt\u00f6i\u00e4n ja luotettavuuden. Helppojen ohjeiden seuraaminen vie sinut sujuvasti kohti onnistunutta kokoamista.<\/li>\n<\/ul>\n<p><strong>T\u00e4rke\u00e4\u00e4 tiet\u00e4\u00e4:<\/strong><\/p>\n<ul>\n<li>Tuotteessa on USB-liit\u00e4nt\u00e4, mutta varmistettu 5V USB-virtal\u00e4hde ei sis\u00e4lly pakettiin<\/li>\n<\/ul>\n<ul>\n<li>V\u00e4ri: Musta tammi.<\/li>\n<li>Materiaali: Tekninen puu<\/li>\n<li>Yleiset mitat: 100 x 40 x 130 cm (P x L x K)<\/li>\n<li>Paino: 27,7 kg<\/li>\n<li>Runsaasti s\u00e4ilytystilaa<\/li>\n<li>Kest\u00e4v\u00e4<\/li>\n<li>Virtal\u00e4hde: USB<\/li>\n<li>Valotyyppi: Peilivalot<\/li>\n<li>2 laatikoilla<\/li>\n<li>Tasainen peili<\/li>\n<li>2 hyllyill\u00e4<\/li>\n<li>Kehysmateriaali: Tekninen puu<\/li>\n<li>Vain sis\u00e4k\u00e4ytt\u00f6\u00f6n<\/li>\n<li>Toimitus-:<\/li>\n<li>1 x Meikkip\u00f6yt\u00e4<\/li>\n<li>Kokoonpano vaaditaan: Kyll\u00e4<\/li>\n<\/ul>\n","protected":false},"excerpt":{"rendered":"<ul>\n<li>V\u00e4ri: Musta tammi.<\/li>\n<li>Materiaali: Tekninen puu<\/li>\n<li>Yleiset mitat: 100 x 40 x 130 cm (P x L x K)<\/li>\n<li>Paino: 27,7 kg<\/li>\n<li>Runsaasti s\u00e4ilytystilaa<\/li>\n<li>Kest\u00e4v\u00e4<\/li>\n<li>Virtal\u00e4hde: USB<\/li>\n<li>Valotyyppi: Peilivalot<\/li>\n<li>2 laatikoilla<\/li>\n<li>Tasainen peili<\/li>\n<li>2 hyllyill\u00e4<\/li>\n<li>Kehysmateriaali: Tekninen puu<\/li>\n<li>Vain sis\u00e4k\u00e4ytt\u00f6\u00f6n<\/li>\n<li>Toimitus-:<\/li>\n<li>1 x Meikkip\u00f6yt\u00e4<\/li>\n<li>Kokoonpano vaaditaan: Kyll\u00e4<\/li>\n<\/ul>\n","protected":false},"featured_media":100000189455,"comment_status":"closed","ping_status":"closed","template":"","meta":[],"product_brand":[],"product_cat":[84,8561,8566],"product_tag":[],"class_list":{"0":"post-189455","1":"product","2":"type-product","3":"status-publish","4":"has-post-thumbnail","6":"product_cat-huonekalut","7":"product_cat-kampauspoydat","8":"product_cat-makuuhuoneen-kampauspoydat","10":"first","11":"instock","12":"taxable","13":"shipping-taxable","14":"purchasable","15":"product-type-simple"},"_links":{"self":[{"href":"https:\/\/www.otiumhome.fi\/index.php\/wp-json\/wp\/v2\/product\/189455","targetHints":{"allow":["GET"]}}],"collection":[{"href":"https:\/\/www.otiumhome.fi\/index.php\/wp-json\/wp\/v2\/product"}],"about":[{"href":"https:\/\/www.otiumhome.fi\/index.php\/wp-json\/wp\/v2\/types\/product"}],"replies":[{"embeddable":true,"href":"https:\/\/www.otiumhome.fi\/index.php\/wp-json\/wp\/v2\/comments?post=189455"}],"wp:featuredmedia":[{"embeddable":true,"href":"https:\/\/www.otiumhome.fi\/index.php\/wp-json\/"}],"wp:attachment":[{"href":"https:\/\/www.otiumhome.fi\/index.php\/wp-json\/wp\/v2\/media?parent=189455"}],"wp:term":[{"taxonomy":"product_brand","embeddable":true,"href":"https:\/\/www.otiumhome.fi\/index.php\/wp-json\/wp\/v2\/product_brand?post=189455"},{"taxonomy":"product_cat","embeddable":true,"href":"https:\/\/www.otiumhome.fi\/index.php\/wp-json\/wp\/v2\/product_cat?post=189455"},{"taxonomy":"product_tag","embeddable":true,"href":"https:\/\/www.otiumhome.fi\/index.php\/wp-json\/wp\/v2\/product_tag?post=189455"}],"curies":[{"name":"wp","href":"https:\/\/api.w.org\/{rel}","templated":true}]}}