{"id":189415,"date":"2025-11-14T04:53:24","date_gmt":"2025-11-14T04:53:24","guid":{"rendered":"https:\/\/www.otiumhome.fi\/?p=189415"},"modified":"2025-12-09T07:41:43","modified_gmt":"2025-12-09T07:41:43","slug":"kylpyhuonekaappi-musta-tammi-63-x-29-x-55-cm-tekninen-puu","status":"publish","type":"product","link":"https:\/\/www.otiumhome.fi\/index.php\/tuote\/kylpyhuonekaappi-musta-tammi-63-x-29-x-55-cm-tekninen-puu\/","title":{"rendered":"Kylpyhuonekaappi Musta tammi. 63 x 29 x 55 cm Tekninen puu"},"content":{"rendered":"<p>T\u00e4m\u00e4 tyylik\u00e4s ja kompakti kylpyhuonekaappi on moderni ratkaisu kylpyhuones\u00e4ilytykseen ja sulautuu t\u00e4ydellisesti nykyaikaiseen sisustukseen. Sen puhtaat linjat ja yksinkertainen estetiikka luovat toiminnallista ilmett\u00e4. Ihanteellinen kylpyhuoneesi j\u00e4rjestykseen, kaappi on v\u00e4ltt\u00e4m\u00e4t\u00f6n niille, jotka haluavat maksimoida tehokkuuden ja tyylin.<\/p>\n<ul>\n<li><b>Materiaalit:<\/b> T\u00e4ss\u00e4 kylpyhuonekaapissa on k\u00e4ytetty teknist\u00e4 puuta, joka tarjoaa kest\u00e4v\u00e4n rakenteen p\u00e4ivitt\u00e4iseen k\u00e4ytt\u00f6\u00f6n. Laadukas tekninen puu varmistaa, ett\u00e4 kaappi s\u00e4ilyy ehj\u00e4n\u00e4 ja kauniina pitk\u00e4\u00e4n.<\/li>\n<li><b>Included Components:<\/b> Kaappi sis\u00e4lt\u00e4\u00e4 saranoituja ovia ja tankokahvoja, jotka parantavat k\u00e4yt\u00e4nn\u00f6llisyytt\u00e4. Tankokahvat tarjoavat hyv\u00e4n otteen avattaessa, ja saranoidut ovet toimivat sulavasti.<\/li>\n<li><b>Ominaisuudet \/ Toiminta \/ Suunnittelu:<\/b> T\u00e4m\u00e4 kaappi on tilans\u00e4\u00e4st\u00e4v\u00e4, t\u00e4ydellinen kompaktille kylpyhuoneelle. Se tarjoaa runsaasti s\u00e4ilytystilaa hygieniatarvikkeille, pyyhkeille ja muille tarvikkeille niin, ett\u00e4 kaikki on helposti saatavilla.<\/li>\n<li><b>Suositellut k\u00e4ytt\u00f6tavat:<\/b> T\u00e4m\u00e4 kaappi sopii erityisesti kylpyhuoneisiin, erityisesti kaupunkiasuntoihin tai pieniin tiloihin, joissa s\u00e4ilytys voi olla haaste. Moderni muotoilu sulautuu hyvin mihin tahansa kylpyhuoneeseen, tehden siit\u00e4 t\u00e4ydellisen valinnan tyylin ja k\u00e4yt\u00e4nn\u00f6n arvostajille.<\/li>\n<li><b>Hoito &amp; Yll\u00e4pito:<\/b> Pid\u00e4 se kauniina pyyhkim\u00e4ll\u00e4 s\u00e4\u00e4nn\u00f6llisesti kostealla liinalla. V\u00e4lt\u00e4 kovien kemikaalien k\u00e4ytt\u00f6\u00e4 pintojen vahingoittamisen est\u00e4miseksi. N\u00e4m\u00e4 helpot hoito-ohjeet varmistavat pitk\u00e4aikaisen k\u00e4yt\u00f6n ja pit\u00e4v\u00e4t sen n\u00e4ttin\u00e4 ja toimivana.<\/li>\n<\/ul>\n<ul>\n<li>V\u00e4ri: Musta tammi.<\/li>\n<li>Materiaali: Tekninen puu<\/li>\n<li>Yleiset mitat: 63 x 29 x 55 cm (P x L x K)<\/li>\n<li>Paino: 11,35 kg<\/li>\n<li>S\u00e4ilytystila<\/li>\n<li>Kest\u00e4v\u00e4<\/li>\n<li>Kehysmateriaali: Tekninen puu<\/li>\n<li>2 ovien kanssa<\/li>\n<li>Sis\u00e4- \/ ulkotiloissa: Vain sis\u00e4k\u00e4ytt\u00f6\u00f6n<\/li>\n<li>Toimitus-:<\/li>\n<li>1 x Kylpyhuonekaappi<\/li>\n<li>Kokoonpano vaaditaan: Kyll\u00e4<\/li>\n<\/ul>\n","protected":false},"excerpt":{"rendered":"<ul>\n<li>V\u00e4ri: Musta tammi.<\/li>\n<li>Materiaali: Tekninen puu<\/li>\n<li>Yleiset mitat: 63 x 29 x 55 cm (P x L x K)<\/li>\n<li>Paino: 11,35 kg<\/li>\n<li>S\u00e4ilytystila<\/li>\n<li>Kest\u00e4v\u00e4<\/li>\n<li>Kehysmateriaali: Tekninen puu<\/li>\n<li>2 ovien kanssa<\/li>\n<li>Sis\u00e4- \/ ulkotiloissa: Vain sis\u00e4k\u00e4ytt\u00f6\u00f6n<\/li>\n<li>Toimitus-:<\/li>\n<li>1 x Kylpyhuonekaappi<\/li>\n<li>Kokoonpano vaaditaan: Kyll\u00e4<\/li>\n<\/ul>\n","protected":false},"featured_media":100000189415,"comment_status":"closed","ping_status":"closed","template":"","meta":[],"product_brand":[],"product_cat":[84,8561,8562],"product_tag":[],"class_list":{"0":"post-189415","1":"product","2":"type-product","3":"status-publish","4":"has-post-thumbnail","6":"product_cat-huonekalut","7":"product_cat-kampauspoydat","8":"product_cat-kylpyhuoneen-kampauspoydat","10":"first","11":"instock","12":"taxable","13":"shipping-taxable","14":"purchasable","15":"product-type-simple"},"_links":{"self":[{"href":"https:\/\/www.otiumhome.fi\/index.php\/wp-json\/wp\/v2\/product\/189415","targetHints":{"allow":["GET"]}}],"collection":[{"href":"https:\/\/www.otiumhome.fi\/index.php\/wp-json\/wp\/v2\/product"}],"about":[{"href":"https:\/\/www.otiumhome.fi\/index.php\/wp-json\/wp\/v2\/types\/product"}],"replies":[{"embeddable":true,"href":"https:\/\/www.otiumhome.fi\/index.php\/wp-json\/wp\/v2\/comments?post=189415"}],"wp:featuredmedia":[{"embeddable":true,"href":"https:\/\/www.otiumhome.fi\/index.php\/wp-json\/"}],"wp:attachment":[{"href":"https:\/\/www.otiumhome.fi\/index.php\/wp-json\/wp\/v2\/media?parent=189415"}],"wp:term":[{"taxonomy":"product_brand","embeddable":true,"href":"https:\/\/www.otiumhome.fi\/index.php\/wp-json\/wp\/v2\/product_brand?post=189415"},{"taxonomy":"product_cat","embeddable":true,"href":"https:\/\/www.otiumhome.fi\/index.php\/wp-json\/wp\/v2\/product_cat?post=189415"},{"taxonomy":"product_tag","embeddable":true,"href":"https:\/\/www.otiumhome.fi\/index.php\/wp-json\/wp\/v2\/product_tag?post=189415"}],"curies":[{"name":"wp","href":"https:\/\/api.w.org\/{rel}","templated":true}]}}