{"id":189409,"date":"2025-11-14T04:50:42","date_gmt":"2025-11-14T04:50:42","guid":{"rendered":"https:\/\/www.otiumhome.fi\/?p=189409"},"modified":"2025-12-09T07:41:41","modified_gmt":"2025-12-09T07:41:41","slug":"allaskaappi-muut-musta-tammi-91-x-35-x-60-cm-tekninen-puu","status":"publish","type":"product","link":"https:\/\/www.otiumhome.fi\/index.php\/tuote\/allaskaappi-muut-musta-tammi-91-x-35-x-60-cm-tekninen-puu\/","title":{"rendered":"Allaskaappi Muut Musta tammi. 91 x 35 x 60 cm Tekninen puu"},"content":{"rendered":"<p>T\u00e4m\u00e4 moderni allaskumppari yhdist\u00e4\u00e4 k\u00e4yt\u00e4nn\u00f6llisyyden tyylikk\u00e4\u00e4seen ja minimaliseen muotoiluunkin, mik\u00e4 tekee siit\u00e4 t\u00e4ydellisen nykyaikaiseen kotiin. Kaapin suorakaiteen muotoinen rakenne on sek\u00e4 tyylik\u00e4s ett\u00e4 k\u00e4yt\u00e4nn\u00f6llinen, tarjoten runsaasti tilaa kylpyhuoneen tarvikkeille. Musta v\u00e4ri tuo kauniin ja hienostuneen ilmeen, ja sen vapaasti seisova muotoilu mahdollistaa joustavat sijoitukset, mik\u00e4 tekee tilasta harmonisen ja rauhallisen.<\/p>\n<ul>\n<li><b>Kest\u00e4v\u00e4 tekninen puu:<\/b> T\u00e4m\u00e4 kaappi on valmistettu teknisest\u00e4 puusta, joka on valittu sen kest\u00e4vyyden vuoksi, varmistaa pitk\u00e4n k\u00e4ytt\u00f6i\u00e4n jopa vilkkaassa kylpyhuoneessa.<\/li>\n<li><b>Runsaasti tilaa:<\/b> K\u00e4yt\u00e4nn\u00f6lliset liukuovet ja osastot pit\u00e4v\u00e4t kaikki kylpyhuoneen tarvikkeet j\u00e4rjestyksess\u00e4 ja helposti saatavilla. S\u00e4ilytystila maksimoi k\u00e4yt\u00e4nn\u00f6llisyyden ja muotoilu on silti tyylik\u00e4st\u00e4.<\/li>\n<li><b>Tyylik\u00e4s musta runko:<\/b> Kest\u00e4v\u00e4 ter\u00e4srunko viimeistelee modernin ilmeen ja tuo lis\u00e4\u00e4 vakautta sek\u00e4 tukea kaapille. T\u00e4m\u00e4 tekee siit\u00e4 t\u00e4ydellisen osan sisustusta.<\/li>\n<li><b>Vapaasti seisova muoto:<\/b> Kaappi seisoo itsen\u00e4isesti, joten voit sijoittaa sen mihin tahansa kylpyhuoneessa. T\u00e4m\u00e4 tekee huoneen j\u00e4rjest\u00e4misest\u00e4 joustavampaa.<\/li>\n<li><b>Helppo puhdistus:<\/b> Teksturoidun pinnan ansiosta kaappi on helppo pit\u00e4\u00e4 puhtaana; riitt\u00e4\u00e4 kun pyyhk\u00e4iset kostealla liinalla, ja se n\u00e4ytt\u00e4\u00e4 aina siistilt\u00e4.<\/li>\n<\/ul>\n<ul>\n<li>V\u00e4ri: Musta tammi.<\/li>\n<li>Materiaali: Tekninen puu<\/li>\n<li>Viimeistely: Kulunut<\/li>\n<li>Paino: 22,5 kg<\/li>\n<li>Runsaasti s\u00e4ilytystilaa<\/li>\n<li>Koristeelliset upotukset<\/li>\n<li>Kehysmateriaali: Metalli<\/li>\n<li>Saranoitu ovi ovella<\/li>\n<li>Sis\u00e4- \/ ulkotiloissa: Vain sis\u00e4k\u00e4ytt\u00f6\u00f6n<\/li>\n<li>Toimitus-:<\/li>\n<li>1 x pesukonkaappi<\/li>\n<li>Kokoonpano vaaditaan: Kyll\u00e4<\/li>\n<li>Kiinnitys sis\u00e4lsi: Ei<\/li>\n<\/ul>\n","protected":false},"excerpt":{"rendered":"<ul>\n<li>V\u00e4ri: Musta tammi.<\/li>\n<li>Materiaali: Tekninen puu<\/li>\n<li>Viimeistely: Kulunut<\/li>\n<li>Paino: 22,5 kg<\/li>\n<li>Runsaasti s\u00e4ilytystilaa<\/li>\n<li>Koristeelliset upotukset<\/li>\n<li>Kehysmateriaali: Metalli<\/li>\n<li>Saranoitu ovi ovella<\/li>\n<li>Sis\u00e4- \/ ulkotiloissa: Vain sis\u00e4k\u00e4ytt\u00f6\u00f6n<\/li>\n<li>Toimitus-:<\/li>\n<li>1 x pesukonkaappi<\/li>\n<li>Kokoonpano vaaditaan: Kyll\u00e4<\/li>\n<li>Kiinnitys sis\u00e4lsi: Ei<\/li>\n<\/ul>\n","protected":false},"featured_media":100000189409,"comment_status":"closed","ping_status":"closed","template":"","meta":[],"product_brand":[],"product_cat":[84,8561,8562],"product_tag":[],"class_list":{"0":"post-189409","1":"product","2":"type-product","3":"status-publish","4":"has-post-thumbnail","6":"product_cat-huonekalut","7":"product_cat-kampauspoydat","8":"product_cat-kylpyhuoneen-kampauspoydat","10":"first","11":"instock","12":"taxable","13":"shipping-taxable","14":"purchasable","15":"product-type-simple"},"_links":{"self":[{"href":"https:\/\/www.otiumhome.fi\/index.php\/wp-json\/wp\/v2\/product\/189409","targetHints":{"allow":["GET"]}}],"collection":[{"href":"https:\/\/www.otiumhome.fi\/index.php\/wp-json\/wp\/v2\/product"}],"about":[{"href":"https:\/\/www.otiumhome.fi\/index.php\/wp-json\/wp\/v2\/types\/product"}],"replies":[{"embeddable":true,"href":"https:\/\/www.otiumhome.fi\/index.php\/wp-json\/wp\/v2\/comments?post=189409"}],"wp:featuredmedia":[{"embeddable":true,"href":"https:\/\/www.otiumhome.fi\/index.php\/wp-json\/"}],"wp:attachment":[{"href":"https:\/\/www.otiumhome.fi\/index.php\/wp-json\/wp\/v2\/media?parent=189409"}],"wp:term":[{"taxonomy":"product_brand","embeddable":true,"href":"https:\/\/www.otiumhome.fi\/index.php\/wp-json\/wp\/v2\/product_brand?post=189409"},{"taxonomy":"product_cat","embeddable":true,"href":"https:\/\/www.otiumhome.fi\/index.php\/wp-json\/wp\/v2\/product_cat?post=189409"},{"taxonomy":"product_tag","embeddable":true,"href":"https:\/\/www.otiumhome.fi\/index.php\/wp-json\/wp\/v2\/product_tag?post=189409"}],"curies":[{"name":"wp","href":"https:\/\/api.w.org\/{rel}","templated":true}]}}