{"id":189290,"date":"2025-11-14T04:41:48","date_gmt":"2025-11-14T04:41:48","guid":{"rendered":"https:\/\/www.otiumhome.fi\/?p=189290"},"modified":"2025-12-09T07:40:40","modified_gmt":"2025-12-09T07:40:40","slug":"kylpyhuonekaappi-musta-tammi-30-x-30-x-80-cm-tekninen-puu","status":"publish","type":"product","link":"https:\/\/www.otiumhome.fi\/index.php\/tuote\/kylpyhuonekaappi-musta-tammi-30-x-30-x-80-cm-tekninen-puu\/","title":{"rendered":"Kylpyhuonekaappi Musta tammi. 30 x 30 x 80 cm Tekninen puu"},"content":{"rendered":"<p>T\u00e4m\u00e4 tyylik\u00e4s puukylpyhuonekaappi yhdist\u00e4\u00e4 modernin ilmeen ja mainiot s\u00e4ilytysratkaisut. Suorakaiteen muotoinen rakenne hy\u00f6dynt\u00e4\u00e4 tilaa tehokkaasti, sopii sek\u00e4 isoihin ett\u00e4 pieniin kylpyhuoneisiin. Teknisen puun rakenne tuo lis\u00e4maustetta kaapin ulkon\u00e4k\u00f6\u00f6n, ja se on suunniteltu nykyaikaisia sisustustyylej\u00e4 silm\u00e4ll\u00e4 pit\u00e4en. Kaappi on minimalistinen, ja se tuo hienostuneen mutta k\u00e4yt\u00e4nn\u00f6llisen ratkaisun kylpyhuoneesi tarpeisiin.<\/p>\n<ul>\n<li><b>Tekninen puu:<\/b> T\u00e4m\u00e4 kaappi on rakennettu teknisest\u00e4 puusta, joka tekee siit\u00e4 kest\u00e4v\u00e4n ja vakaan. Sen pinta on my\u00f6s kosteudenkest\u00e4v\u00e4, joten se sopii hienosti kosteisiin kylpyhuoneisiin. Tekninen puu tuo kauniin ilmeen, joka tukee modernia tyyli\u00e4 ja antaa kiinte\u00e4n rakenteen.<\/li>\n<li><b>Runsaasti s\u00e4ilytystilaa:<\/b> T\u00e4m\u00e4 kaappi tarjoaa paljon tilaa kylpyhuonetarvikkeiden j\u00e4rjest\u00e4miseen. Tasainen ovi ja sile\u00e4 pinta tekev\u00e4t siit\u00e4 helppok\u00e4ytt\u00f6isen ja esteettisesti miellytt\u00e4v\u00e4n.<\/li>\n<li><b>Sein\u00e4kiinnitett\u00e4v\u00e4 malli:<\/b> T\u00e4m\u00e4 kaappi on sein\u00e4lle asennettava, joten se vapauttaa lattiatilaa ja tekee kylpyhuoneesta siistin n\u00e4k\u00f6isen. Erinomainen valinta pienille kylpyhuoneille tai suihkutiloille.<\/li>\n<li><b>Modernit kahvat:<\/b> Hopeiset kahvat tekev\u00e4t kaapin avaamisesta vaivatonta. N\u00e4m\u00e4 suorat kahvat t\u00e4ydent\u00e4v\u00e4t kaapin modernia tyyli\u00e4.<\/li>\n<li><b>Helppohoito:<\/b> Pid\u00e4 kaappi hyv\u00e4ss\u00e4 kunnossa pyyhkim\u00e4ll\u00e4 sit\u00e4 vain kostealla liinalla. Huolto on helppoa, eik\u00e4 siihen tarvita monimutkaisia keinoja.<\/li>\n<\/ul>\n<ul>\n<li>V\u00e4ri: Musta tammi.<\/li>\n<li>Materiaali: Tekninen puu<\/li>\n<li>Yleiset mitat: 30 x 30 x 80 cm (P x L x K)<\/li>\n<li>Paino: 10,15 kg<\/li>\n<li>Runsaasti s\u00e4ilytystilaa<\/li>\n<li>Kehysmateriaali: Tekninen puu<\/li>\n<li>2 ovien kanssa<\/li>\n<li>Sis\u00e4- \/ ulkotiloissa: Vain sis\u00e4k\u00e4ytt\u00f6\u00f6n<\/li>\n<li>Toimitus-:<\/li>\n<li>1 x Kylpyhuonekaappi<\/li>\n<li>Kokoonpano vaaditaan: Kyll\u00e4<\/li>\n<\/ul>\n","protected":false},"excerpt":{"rendered":"<ul>\n<li>V\u00e4ri: Musta tammi.<\/li>\n<li>Materiaali: Tekninen puu<\/li>\n<li>Yleiset mitat: 30 x 30 x 80 cm (P x L x K)<\/li>\n<li>Paino: 10,15 kg<\/li>\n<li>Runsaasti s\u00e4ilytystilaa<\/li>\n<li>Kehysmateriaali: Tekninen puu<\/li>\n<li>2 ovien kanssa<\/li>\n<li>Sis\u00e4- \/ ulkotiloissa: Vain sis\u00e4k\u00e4ytt\u00f6\u00f6n<\/li>\n<li>Toimitus-:<\/li>\n<li>1 x Kylpyhuonekaappi<\/li>\n<li>Kokoonpano vaaditaan: Kyll\u00e4<\/li>\n<\/ul>\n","protected":false},"featured_media":100000189290,"comment_status":"closed","ping_status":"closed","template":"","meta":[],"product_brand":[],"product_cat":[84,8561,8562],"product_tag":[],"class_list":{"0":"post-189290","1":"product","2":"type-product","3":"status-publish","4":"has-post-thumbnail","6":"product_cat-huonekalut","7":"product_cat-kampauspoydat","8":"product_cat-kylpyhuoneen-kampauspoydat","10":"first","11":"instock","12":"taxable","13":"shipping-taxable","14":"purchasable","15":"product-type-simple"},"_links":{"self":[{"href":"https:\/\/www.otiumhome.fi\/index.php\/wp-json\/wp\/v2\/product\/189290","targetHints":{"allow":["GET"]}}],"collection":[{"href":"https:\/\/www.otiumhome.fi\/index.php\/wp-json\/wp\/v2\/product"}],"about":[{"href":"https:\/\/www.otiumhome.fi\/index.php\/wp-json\/wp\/v2\/types\/product"}],"replies":[{"embeddable":true,"href":"https:\/\/www.otiumhome.fi\/index.php\/wp-json\/wp\/v2\/comments?post=189290"}],"wp:featuredmedia":[{"embeddable":true,"href":"https:\/\/www.otiumhome.fi\/index.php\/wp-json\/"}],"wp:attachment":[{"href":"https:\/\/www.otiumhome.fi\/index.php\/wp-json\/wp\/v2\/media?parent=189290"}],"wp:term":[{"taxonomy":"product_brand","embeddable":true,"href":"https:\/\/www.otiumhome.fi\/index.php\/wp-json\/wp\/v2\/product_brand?post=189290"},{"taxonomy":"product_cat","embeddable":true,"href":"https:\/\/www.otiumhome.fi\/index.php\/wp-json\/wp\/v2\/product_cat?post=189290"},{"taxonomy":"product_tag","embeddable":true,"href":"https:\/\/www.otiumhome.fi\/index.php\/wp-json\/wp\/v2\/product_tag?post=189290"}],"curies":[{"name":"wp","href":"https:\/\/api.w.org\/{rel}","templated":true}]}}