{"id":189289,"date":"2025-11-14T04:41:47","date_gmt":"2025-11-14T04:41:47","guid":{"rendered":"https:\/\/www.otiumhome.fi\/?p=189289"},"modified":"2025-12-14T06:33:44","modified_gmt":"2025-12-14T06:33:44","slug":"peilikaappi-ovella-betoni-harmaa-59-x-17-x-55-cm-tekninen-puu","status":"publish","type":"product","link":"https:\/\/www.otiumhome.fi\/index.php\/tuote\/peilikaappi-ovella-betoni-harmaa-59-x-17-x-55-cm-tekninen-puu\/","title":{"rendered":"Peilikaappi ovella Betoni Harmaa 59 x 17 x 55 cm Tekninen puu"},"content":{"rendered":"<p>T\u00e4\u00e4 moderni kylpyhuoneen peilikaappi omaa tyylikk\u00e4\u00e4n minimalistisen muotoilun, joka sopii hienosti nykyaikaisiin tiloihin. Suorakaiteen muotoinen kaappi, joka on tehty teknisest\u00e4 puusta, tarjoaa k\u00e4yt\u00e4nn\u00f6llisen s\u00e4ilytysratkaisun ja parantaa kylpyhuoneesi kauneutta. Hy\u00f6dynn\u00e4 puhtaat linjat ja yksinkertaisuus t\u00e4ss\u00e4 sein\u00e4kiinnitett\u00e4v\u00e4ss\u00e4 kaapissa, jotta voit helposti hoitaa s\u00e4ilytystoiveesi samalla kun s\u00e4ilyt\u00e4t tyylikkyyden. Loistava valinta, jos haluat yhdist\u00e4\u00e4 k\u00e4yt\u00e4nn\u00f6llisyyden tyylikk\u00e4\u00e4seen muotoiluun, t\u00e4m\u00e4 peilikaappi sulautuu helposti pieniin tai suuriin tiloihin tarjoten monipuolisuutta ja helppoa p\u00e4\u00e4sy\u00e4.<\/p>\n<ul>\n<li><b>Teknisen puun rakenne<\/b> Kaappi on valmistettu laadukkaasta teknisest\u00e4 puusta, joka on sek\u00e4 kest\u00e4v\u00e4 ett\u00e4 kaunis. T\u00e4m\u00e4 materiaali on valittu kosteudenkest\u00e4vyyden ja pitk\u00e4n k\u00e4ytt\u00f6i\u00e4n vuoksi, joten se pysyy hyv\u00e4ss\u00e4 kunnossa kylpyhuoneessa.<\/li>\n<li><b>Runsaat s\u00e4ilytysratkaisut<\/b> Saranoitu ovimuotoilu tarjoaa paljon s\u00e4ilytystilaa hygieniatuotteille, kosmetiikalle ja muille tarvikkeille. Useat osastot auttavat pit\u00e4m\u00e4\u00e4n kylpyhuoneen siistin\u00e4 ja j\u00e4rjestyksess\u00e4.<\/li>\n<li><b>Tilan s\u00e4\u00e4st\u00f6muotoilu<\/b> Sein\u00e4kiinnitett\u00e4v\u00e4 kaappi hy\u00f6dynt\u00e4\u00e4 pystysuuntaista tilaa, v\u00e4hent\u00e4en sekasortoa ja avaten lattiatilaa. Sen \u00e4lyk\u00e4s muotoilu on erinomainen valinta kompakteille kylpyhuoneille tai tiloille, joissa tarvitaan yksinkertaista ilmett\u00e4.<\/li>\n<li><b>Yksinkertainen kokoaminen tarvitaan<\/b> Kokoaminen vaatii kaksi henkil\u00f6\u00e4 ja ruuvimeisselin selke\u00e4n asennusprosessin varmistamiseksi; ei monimutkaisia ty\u00f6kaluja tarvita. Selke\u00e4t ohjeet helpottaa sujuvaa asennusta.<\/li>\n<li><b>Monipuolinen sis\u00e4k\u00e4ytt\u00f6<\/b> T\u00e4m\u00e4 peilikaappi on tarkotettu vain sis\u00e4k\u00e4ytt\u00f6\u00f6n ja sopii erilaisiin kylpyhuonetyyleihin minimalistisista moderneihin, lis\u00e4ten k\u00e4yt\u00e4nn\u00f6llisyytt\u00e4 ja tyylikkyytt\u00e4 kotiin.<\/li>\n<\/ul>\n<ul>\n<li>V\u00e4ri: Betoni harmaa<\/li>\n<li>Materiaali: Tekninen puu<\/li>\n<li>Yleiset mitat: 59 x 17 x 55 cm (P x L x K)<\/li>\n<li>Paino: 11,4 kg<\/li>\n<li>S\u00e4ilytystila<\/li>\n<li>Peilill\u00e4<\/li>\n<li>Mukana 2 saranoidut ovet<\/li>\n<li>Vain sis\u00e4k\u00e4ytt\u00f6\u00f6n<\/li>\n<li>Toimitus-:<\/li>\n<li>1 x peilikaappi<\/li>\n<li>Kokoonpano vaaditaan: Kyll\u00e4<\/li>\n<\/ul>\n","protected":false},"excerpt":{"rendered":"<ul>\n<li>V\u00e4ri: Betoni harmaa<\/li>\n<li>Materiaali: Tekninen puu<\/li>\n<li>Yleiset mitat: 59 x 17 x 55 cm (P x L x K)<\/li>\n<li>Paino: 11,4 kg<\/li>\n<li>S\u00e4ilytystila<\/li>\n<li>Peilill\u00e4<\/li>\n<li>Mukana 2 saranoidut ovet<\/li>\n<li>Vain sis\u00e4k\u00e4ytt\u00f6\u00f6n<\/li>\n<li>Toimitus-:<\/li>\n<li>1 x peilikaappi<\/li>\n<li>Kokoonpano vaaditaan: Kyll\u00e4<\/li>\n<\/ul>\n","protected":false},"featured_media":100000189289,"comment_status":"closed","ping_status":"closed","template":"","meta":[],"product_brand":[],"product_cat":[84,8561,8562],"product_tag":[],"class_list":{"0":"post-189289","1":"product","2":"type-product","3":"status-publish","4":"has-post-thumbnail","6":"product_cat-huonekalut","7":"product_cat-kampauspoydat","8":"product_cat-kylpyhuoneen-kampauspoydat","10":"first","11":"instock","12":"taxable","13":"shipping-taxable","14":"purchasable","15":"product-type-simple"},"_links":{"self":[{"href":"https:\/\/www.otiumhome.fi\/index.php\/wp-json\/wp\/v2\/product\/189289","targetHints":{"allow":["GET"]}}],"collection":[{"href":"https:\/\/www.otiumhome.fi\/index.php\/wp-json\/wp\/v2\/product"}],"about":[{"href":"https:\/\/www.otiumhome.fi\/index.php\/wp-json\/wp\/v2\/types\/product"}],"replies":[{"embeddable":true,"href":"https:\/\/www.otiumhome.fi\/index.php\/wp-json\/wp\/v2\/comments?post=189289"}],"wp:featuredmedia":[{"embeddable":true,"href":"https:\/\/www.otiumhome.fi\/index.php\/wp-json\/"}],"wp:attachment":[{"href":"https:\/\/www.otiumhome.fi\/index.php\/wp-json\/wp\/v2\/media?parent=189289"}],"wp:term":[{"taxonomy":"product_brand","embeddable":true,"href":"https:\/\/www.otiumhome.fi\/index.php\/wp-json\/wp\/v2\/product_brand?post=189289"},{"taxonomy":"product_cat","embeddable":true,"href":"https:\/\/www.otiumhome.fi\/index.php\/wp-json\/wp\/v2\/product_cat?post=189289"},{"taxonomy":"product_tag","embeddable":true,"href":"https:\/\/www.otiumhome.fi\/index.php\/wp-json\/wp\/v2\/product_tag?post=189289"}],"curies":[{"name":"wp","href":"https:\/\/api.w.org\/{rel}","templated":true}]}}