{"id":189274,"date":"2025-11-14T04:41:39","date_gmt":"2025-11-14T04:41:39","guid":{"rendered":"https:\/\/www.otiumhome.fi\/?p=189274"},"modified":"2025-12-09T07:40:37","modified_gmt":"2025-12-09T07:40:37","slug":"kylpyhuonekaappi-ovella-artisan-tammi-30-x-315-x-61-cm","status":"publish","type":"product","link":"https:\/\/www.otiumhome.fi\/index.php\/tuote\/kylpyhuonekaappi-ovella-artisan-tammi-30-x-315-x-61-cm\/","title":{"rendered":"Kylpyhuonekaappi ovella Artisan tammi 30 x 31,5 x 61 cm"},"content":{"rendered":"<p>T\u00e4m\u00e4 moderni kylpyhuonekaappi yhdist\u00e4\u00e4 tyylin ja k\u00e4yt\u00e4nn\u00f6llisyyden, ja se on olennaisen t\u00e4rke\u00e4 osa nykyaikaisia kylpyhuoneita. Sen sulava, minimalistinen muotoilu integroituu helposti moderneihin sisustuksiin, samalla kun se palvelee k\u00e4yt\u00e4nn\u00f6llist\u00e4 tarkoitusta, eli tavaroiden j\u00e4rjest\u00e4mist\u00e4. Kaappi on suorakaiteen muotoinen, mik\u00e4 mahdollistaa runsaasti s\u00e4ilytystilaa kompaktissa muodossa. T\u00e4m\u00e4 tekee siit\u00e4 loistavan valinnan pieniin kylpyhuoneisiin.<\/p>\n<ul>\n<li><b>Tekninen puu:<\/b> Kest\u00e4v\u00e4 tekninen puu takaa pitk\u00e4ik\u00e4isyyden kosteissa paikoissa. Sen sile\u00e4 pinta n\u00e4ytt\u00e4\u00e4 hyv\u00e4lt\u00e4 ja on helppohoitoinen. Se tuo hienostunutta kontrastia metalliosille, lis\u00e4ten modernia tunnetta.<\/li>\n<li><b>Toiminnalliset ovet:<\/b> Kaapissa on saranalliset ovet, jotka on tehty samoista teknisist\u00e4 puupalasista, mik\u00e4 pit\u00e4\u00e4 tyylin yhten\u00e4isen\u00e4. N\u00e4m\u00e4 ovet avautuvat paljastaen runsaasti s\u00e4ilytystilaa, jolloin hygieniatuotteet ja pyyhkeet pysyv\u00e4t j\u00e4rjestyksess\u00e4. Tankokahvat ovat mukautuvia ja t\u00e4ydent\u00e4v\u00e4t kaapin selkeit\u00e4 linjoja.<\/li>\n<li><b>Sein\u00e4kiinnitett\u00e4v\u00e4 muoto:<\/b> T\u00e4m\u00e4n kaapin muotoilu on t\u00e4ydellinen lattiatilan s\u00e4\u00e4st\u00e4miseen, erityisesti pieniss\u00e4 kylpyhuoneissa. Tukevat metallijalat tarjoavat vakautta, ja sein\u00e4\u00e4n kiinnitt\u00e4minen helpottaa siivoamista kaapin alta, pit\u00e4en tilan siistin\u00e4.<\/li>\n<li><b>Moderni ulkoasu:<\/b> Tyylikk\u00e4\u00e4t linjat ja minimaalinen koristelu tekev\u00e4t kaapista monik\u00e4ytt\u00f6isen eri tyylisten kylpyhuoneiden kanssa. Mustat kahvat lis\u00e4\u00e4v\u00e4t sen vetovoimaa.<\/li>\n<li><b>Asennus &amp; Huolto:<\/b> Paras asennus tapahtuu oikeilla ty\u00f6kaluilla, kuten ruuvimeisselill\u00e4. Kysy ammattilaiselta, jos tarvitset neuvoja oikeista ruuveista ja kiiloista.<\/li>\n<\/ul>\n<ul>\n<li>V\u00e4ri: Artisan tammi<\/li>\n<li>Materiaali: Tekninen puu, metalli<\/li>\n<li>Yleiset mitat: 30 x 31,5 x 61 cm (P x L x K)<\/li>\n<li>Paino: 8,41 kg<\/li>\n<li>2 ovien kanssa<\/li>\n<li>Sis\u00e4- \/ ulkotiloissa: Vain sis\u00e4k\u00e4ytt\u00f6\u00f6n<\/li>\n<li>Toimitus-:<\/li>\n<li>1 x Kylpyhuoneen kaappi<\/li>\n<li>Kokoonpano vaaditaan: Kyll\u00e4<\/li>\n<\/ul>\n","protected":false},"excerpt":{"rendered":"<ul>\n<li>V\u00e4ri: Artisan tammi<\/li>\n<li>Materiaali: Tekninen puu, metalli<\/li>\n<li>Yleiset mitat: 30 x 31,5 x 61 cm (P x L x K)<\/li>\n<li>Paino: 8,41 kg<\/li>\n<li>2 ovien kanssa<\/li>\n<li>Sis\u00e4- \/ ulkotiloissa: Vain sis\u00e4k\u00e4ytt\u00f6\u00f6n<\/li>\n<li>Toimitus-:<\/li>\n<li>1 x Kylpyhuoneen kaappi<\/li>\n<li>Kokoonpano vaaditaan: Kyll\u00e4<\/li>\n<\/ul>\n","protected":false},"featured_media":100000189274,"comment_status":"closed","ping_status":"closed","template":"","meta":[],"product_brand":[],"product_cat":[84,8561,8562],"product_tag":[],"class_list":{"0":"post-189274","1":"product","2":"type-product","3":"status-publish","4":"has-post-thumbnail","6":"product_cat-huonekalut","7":"product_cat-kampauspoydat","8":"product_cat-kylpyhuoneen-kampauspoydat","10":"first","11":"instock","12":"taxable","13":"shipping-taxable","14":"purchasable","15":"product-type-simple"},"_links":{"self":[{"href":"https:\/\/www.otiumhome.fi\/index.php\/wp-json\/wp\/v2\/product\/189274","targetHints":{"allow":["GET"]}}],"collection":[{"href":"https:\/\/www.otiumhome.fi\/index.php\/wp-json\/wp\/v2\/product"}],"about":[{"href":"https:\/\/www.otiumhome.fi\/index.php\/wp-json\/wp\/v2\/types\/product"}],"replies":[{"embeddable":true,"href":"https:\/\/www.otiumhome.fi\/index.php\/wp-json\/wp\/v2\/comments?post=189274"}],"wp:featuredmedia":[{"embeddable":true,"href":"https:\/\/www.otiumhome.fi\/index.php\/wp-json\/"}],"wp:attachment":[{"href":"https:\/\/www.otiumhome.fi\/index.php\/wp-json\/wp\/v2\/media?parent=189274"}],"wp:term":[{"taxonomy":"product_brand","embeddable":true,"href":"https:\/\/www.otiumhome.fi\/index.php\/wp-json\/wp\/v2\/product_brand?post=189274"},{"taxonomy":"product_cat","embeddable":true,"href":"https:\/\/www.otiumhome.fi\/index.php\/wp-json\/wp\/v2\/product_cat?post=189274"},{"taxonomy":"product_tag","embeddable":true,"href":"https:\/\/www.otiumhome.fi\/index.php\/wp-json\/wp\/v2\/product_tag?post=189274"}],"curies":[{"name":"wp","href":"https:\/\/api.w.org\/{rel}","templated":true}]}}