{"id":189116,"date":"2025-11-14T04:25:30","date_gmt":"2025-11-14T04:25:30","guid":{"rendered":"https:\/\/www.otiumhome.fi\/?p=189116"},"modified":"2025-12-09T07:41:44","modified_gmt":"2025-12-09T07:41:44","slug":"kylpyhuonekaappi-musta-tammi-90-x-29-x-55-cm-tekninen-puu","status":"publish","type":"product","link":"https:\/\/www.otiumhome.fi\/index.php\/tuote\/kylpyhuonekaappi-musta-tammi-90-x-29-x-55-cm-tekninen-puu\/","title":{"rendered":"Kylpyhuonekaappi Musta tammi. 90 x 29 x 55 cm Tekninen puu"},"content":{"rendered":"<p>T\u00e4\u00e4 puukylpyhuonekaappi on tyylikk\u00e4\u00e4n ja toimivan s\u00e4ilytt\u00e4misen ratkaisu moderneihin tiloihin. Minimalistinen muotoilu parantaa kylpyhuoneen ilmett\u00e4 puhtailla linjoilla ja nykyaikaisella otteella. Kest\u00e4v\u00e4 tekninen puu takaa, ett\u00e4 se s\u00e4ilyy ajankohtaisena. Viimeistelem\u00e4t\u00f6n takapuoli ja uniikit kahvat tuovat ripauksen hienostuneisuutta. T\u00e4m\u00e4 kaappi on t\u00e4ydellinen valinta, jos haet sek\u00e4 tyyli\u00e4 ett\u00e4 k\u00e4yt\u00e4nn\u00f6llisyytt\u00e4; se tarjoaa reilusti tilaa hygieniatuotteiden ja liinavaatteiden siistiin j\u00e4rjest\u00e4miseen.<\/p>\n<ul><\/br><\/p>\n<li><b>Teknisen puun rakenne<\/b> Kylpyhuonekaappi on valmistettu kokonaan teknisest\u00e4 puusta, joten se on kest\u00e4v\u00e4 vaihtoehto. T\u00e4m\u00e4 materiaali pit\u00e4\u00e4 ulkon\u00e4\u00f6n tyylikk\u00e4\u00e4n\u00e4 pitk\u00e4\u00e4n ja soveltuu hyvin sis\u00e4tiloihin ilman tyylin uhrausta.<\/li>\n<p><\/br><\/p>\n<li><b>Saranalliset ovet<\/b> Saranalliset ovet tekev\u00e4t esineisiin p\u00e4\u00e4semisest\u00e4 nopeaa ja vaivatonta ilman monimutkaisia mekanismeja. Kest\u00e4v\u00e4 tekninen puu varmistaa pitk\u00e4n k\u00e4ytt\u00f6i\u00e4n.<\/li>\n<p><\/br><\/p>\n<li><b>Modernit tankokahvat<\/b> Sto kuuluvat tyylikk\u00e4\u00e4t hopeiset tankokahvat, jotka tekev\u00e4t k\u00e4yt\u00f6st\u00e4 sujuvaa. N\u00e4m\u00e4 kahvat tuovat modernia ilmett\u00e4, sulautuen kauniisti nykyaikaiseen sisustukseen.<\/li>\n<p><\/br><\/p>\n<li><b>Oleellinen s\u00e4ilytysratkaisu<\/b> Tilavat hyllyt tarjoavat paljon s\u00e4ilytystilaa hygieniatuotteille ja liinavaatteille. Sen k\u00e4yt\u00e4nn\u00f6llisyys auttaa pit\u00e4m\u00e4\u00e4n asiat j\u00e4rjestyksess\u00e4 ja helposti saatavilla jokaiselle perheenj\u00e4senelle.<\/li>\n<p><\/br><\/p>\n<li><b>Helppo hoito &amp; yll\u00e4pito<\/b> T\u00e4m\u00e4 kaappi on helppo yll\u00e4pit\u00e4\u00e4; riitt\u00e4\u00e4 kun pyyhit sen kostealla liinalla. N\u00e4in se pysyy kauniina ja v\u00e4h\u00e4hoitoisena kylpyhuoneessa.<\/li>\n<p><\/br><\/ul>\n<ul>\n<li>V\u00e4ri: Musta tammi.<\/li>\n<li>Materiaali: Tekninen puu<\/li>\n<li>Yleiset mitat: 90 x 29 x 55 cm (P x L x K)<\/li>\n<li>Paino: 17,25 kg<\/li>\n<li>S\u00e4ilytystila<\/li>\n<li>Kest\u00e4v\u00e4<\/li>\n<li>3 hyllyill\u00e4<\/li>\n<li>Kehysmateriaali: Tekninen puu<\/li>\n<li>2 ovien kanssa<\/li>\n<li>Sis\u00e4- \/ ulkotiloissa: Vain sis\u00e4k\u00e4ytt\u00f6\u00f6n<\/li>\n<li>Toimitus-:<\/li>\n<li>1 x Kylpyhuonekaappi<\/li>\n<li>Kokoonpano vaaditaan: Kyll\u00e4<\/li>\n<\/ul>\n","protected":false},"excerpt":{"rendered":"<ul>\n<li>V\u00e4ri: Musta tammi.<\/li>\n<li>Materiaali: Tekninen puu<\/li>\n<li>Yleiset mitat: 90 x 29 x 55 cm (P x L x K)<\/li>\n<li>Paino: 17,25 kg<\/li>\n<li>S\u00e4ilytystila<\/li>\n<li>Kest\u00e4v\u00e4<\/li>\n<li>3 hyllyill\u00e4<\/li>\n<li>Kehysmateriaali: Tekninen puu<\/li>\n<li>2 ovien kanssa<\/li>\n<li>Sis\u00e4- \/ ulkotiloissa: Vain sis\u00e4k\u00e4ytt\u00f6\u00f6n<\/li>\n<li>Toimitus-:<\/li>\n<li>1 x Kylpyhuonekaappi<\/li>\n<li>Kokoonpano vaaditaan: Kyll\u00e4<\/li>\n<\/ul>\n","protected":false},"featured_media":100000189116,"comment_status":"closed","ping_status":"closed","template":"","meta":[],"product_brand":[],"product_cat":[84,8561,8562],"product_tag":[],"class_list":{"0":"post-189116","1":"product","2":"type-product","3":"status-publish","4":"has-post-thumbnail","6":"product_cat-huonekalut","7":"product_cat-kampauspoydat","8":"product_cat-kylpyhuoneen-kampauspoydat","10":"first","11":"instock","12":"taxable","13":"shipping-taxable","14":"purchasable","15":"product-type-simple"},"_links":{"self":[{"href":"https:\/\/www.otiumhome.fi\/index.php\/wp-json\/wp\/v2\/product\/189116","targetHints":{"allow":["GET"]}}],"collection":[{"href":"https:\/\/www.otiumhome.fi\/index.php\/wp-json\/wp\/v2\/product"}],"about":[{"href":"https:\/\/www.otiumhome.fi\/index.php\/wp-json\/wp\/v2\/types\/product"}],"replies":[{"embeddable":true,"href":"https:\/\/www.otiumhome.fi\/index.php\/wp-json\/wp\/v2\/comments?post=189116"}],"wp:featuredmedia":[{"embeddable":true,"href":"https:\/\/www.otiumhome.fi\/index.php\/wp-json\/"}],"wp:attachment":[{"href":"https:\/\/www.otiumhome.fi\/index.php\/wp-json\/wp\/v2\/media?parent=189116"}],"wp:term":[{"taxonomy":"product_brand","embeddable":true,"href":"https:\/\/www.otiumhome.fi\/index.php\/wp-json\/wp\/v2\/product_brand?post=189116"},{"taxonomy":"product_cat","embeddable":true,"href":"https:\/\/www.otiumhome.fi\/index.php\/wp-json\/wp\/v2\/product_cat?post=189116"},{"taxonomy":"product_tag","embeddable":true,"href":"https:\/\/www.otiumhome.fi\/index.php\/wp-json\/wp\/v2\/product_tag?post=189116"}],"curies":[{"name":"wp","href":"https:\/\/api.w.org\/{rel}","templated":true}]}}