{"id":189095,"date":"2025-11-14T04:17:49","date_gmt":"2025-11-14T04:17:49","guid":{"rendered":"https:\/\/www.otiumhome.fi\/?p=189095"},"modified":"2025-12-09T06:29:16","modified_gmt":"2025-12-09T06:29:16","slug":"kylpyhuonekalustesetti-hyllylla-3-pcs-vanha-puu-tekninen-puu","status":"publish","type":"product","link":"https:\/\/www.otiumhome.fi\/index.php\/tuote\/kylpyhuonekalustesetti-hyllylla-3-pcs-vanha-puu-tekninen-puu\/","title":{"rendered":"Kylpyhuonekalustesetti hyllyll\u00e4 3 pcs Vanha Puu Tekninen puu"},"content":{"rendered":"<p>T\u00e4m\u00e4 moderni kylpyhuonesetti on tyylik\u00e4s lis\u00e4 mihin tahansa nykyaikaiseen kylpyhuoneeseen. Minimalistisen muotoilun ansiosta, jossa on puhtaita linjoja ja k\u00e4yt\u00e4nn\u00f6llisi\u00e4 ominaisuuksia, se on t\u00e4ydellinen niille, jotka etsiv\u00e4t sek\u00e4 tyyli\u00e4 ett\u00e4 toimivuutta. Setti t\u00e4ydent\u00e4\u00e4 moderneja sisustuksia ja tarjoaa k\u00e4yt\u00e4nn\u00f6llisi\u00e4 s\u00e4ilytysratkaisuja, jotta tilasi pysyy siistin\u00e4.<\/p>\n<ul>\n<li><b>Tekninen puukompositio<\/b> T\u00e4m\u00e4 huonekalusetti yhdist\u00e4\u00e4 kest\u00e4vyyden ja tyylin. Materiaalina k\u00e4ytet\u00e4\u00e4n teknist\u00e4 puuta, joka kest\u00e4\u00e4 kosteutta ja kulutusta, joten se on loistava kylpyhuoneymp\u00e4rist\u00f6\u00f6n. Helppo huoltaa; riitt\u00e4\u00e4, ett\u00e4 pyyhit sen kostealla liinalla.<\/li>\n<li><b>Innovatiivinen sein\u00e4kiinnitys<\/b> Sein\u00e4lle kiinnitett\u00e4v\u00e4 malli s\u00e4\u00e4st\u00e4\u00e4 lattiatilaa ja tuo modernia ilmett\u00e4 kylpyhuoneeseen. T\u00e4m\u00e4 mahdollistaa joustavan sijoittamisen ja pit\u00e4\u00e4 kaikki tarpeelliset asiat helposti saatavilla.<\/li>\n<li><b>Runsas s\u00e4ilytystila<\/b> Hyllyjen ja kaappien yhdistelm\u00e4 tarjoaa runsaasti tilaa kylpyhuoneen tavaroille. Pyyhkeet, hygieniatuotteet ja puhdistusaineet l\u00f6ytyv\u00e4t jokaiselle omalta paikaltaan, joten tila pysyy siistin\u00e4.<\/li>\n<li><b>K\u00e4ytt\u00e4j\u00e4yst\u00e4v\u00e4lliset tasapintaovet<\/b> Huonekalusetti, jossa on sujuvat tasapintaovet ja tangokahvat, tekee p\u00e4\u00e4syst\u00e4 s\u00e4ilytett\u00e4viin asioihin helppoa. Suunnittelun yksinkertaisuus edist\u00e4\u00e4 modernia estetiikkaa ja tarjoaa joustavan k\u00e4ytt\u00f6kokemuksen.<\/li>\n<li><b>Yksinkertainen huolto<\/b> Huoltaminen on helppoa, kunhan pyyhit pinnat kostealla liinalla s\u00e4\u00e4nn\u00f6llisesti. T\u00e4m\u00e4 rutiini auttaa huonekalujen ulkon\u00e4\u00f6n s\u00e4ilytt\u00e4misess\u00e4 ilman suurta vaivann\u00e4k\u00f6\u00e4 &#8211; k\u00e4tev\u00e4\u00e4 kiireisille.<\/li>\n<\/ul>\n<ul>\n<li>V\u00e4ri: Vanha puu<\/li>\n<li>Materiaali: Tekninen puu<\/li>\n<li>Yleiset mitat: 35 x 37,5 x 188,5 cm (P x L x K)<\/li>\n<li>Paino: 53,32 kg<\/li>\n<li>Runsaasti s\u00e4ilytystilaa<\/li>\n<li>Kest\u00e4v\u00e4<\/li>\n<li>Tasainen peili<\/li>\n<li>Hyllyll\u00e4<\/li>\n<li>Kehysmateriaali: Tekninen puu<\/li>\n<li>5 ovien kanssa<\/li>\n<li>Sis\u00e4- \/ ulkotiloissa: Vain sis\u00e4k\u00e4ytt\u00f6\u00f6n<\/li>\n<li>Toimitus-:<\/li>\n<li>1 x Kylpyhuoneen peilikaappi: 65 x 20 x 60 cm (PxLxK)<\/li>\n<li>1 x Kylpyhuoneen allaskaappi: 65 x 33 x 60 cm (PxLxK)<\/li>\n<li>1 x Kylpyhuoneen kaappi: 37,5 x 35 x 188,5 cm (PxLxK)<\/li>\n<li>Kokoonpano vaaditaan: Kyll\u00e4<\/li>\n<\/ul>\n","protected":false},"excerpt":{"rendered":"<ul>\n<li>V\u00e4ri: Vanha puu<\/li>\n<li>Materiaali: Tekninen puu<\/li>\n<li>Yleiset mitat: 35 x 37,5 x 188,5 cm (P x L x K)<\/li>\n<li>Paino: 53,32 kg<\/li>\n<li>Runsaasti s\u00e4ilytystilaa<\/li>\n<li>Kest\u00e4v\u00e4<\/li>\n<li>Tasainen peili<\/li>\n<li>Hyllyll\u00e4<\/li>\n<li>Kehysmateriaali: Tekninen puu<\/li>\n<li>5 ovien kanssa<\/li>\n<li>Sis\u00e4- \/ ulkotiloissa: Vain sis\u00e4k\u00e4ytt\u00f6\u00f6n<\/li>\n<li>Toimitus-:<\/li>\n<li>1 x Kylpyhuoneen peilikaappi: 65 x 20 x 60 cm (PxLxK)<\/li>\n<li>1 x Kylpyhuoneen allaskaappi: 65 x 33 x 60 cm (PxLxK)<\/li>\n<li>1 x Kylpyhuoneen kaappi: 37,5 x 35 x 188,5 cm (PxLxK)<\/li>\n<li>Kokoonpano vaaditaan: Kyll\u00e4<\/li>\n<\/ul>\n","protected":false},"featured_media":100000189095,"comment_status":"closed","ping_status":"closed","template":"","meta":[],"product_brand":[],"product_cat":[84,8560],"product_tag":[],"class_list":{"0":"post-189095","1":"product","2":"type-product","3":"status-publish","4":"has-post-thumbnail","6":"product_cat-huonekalut","7":"product_cat-kylpyhuoneen-kalusteet","9":"first","10":"instock","11":"taxable","12":"shipping-taxable","13":"purchasable","14":"product-type-simple"},"_links":{"self":[{"href":"https:\/\/www.otiumhome.fi\/index.php\/wp-json\/wp\/v2\/product\/189095","targetHints":{"allow":["GET"]}}],"collection":[{"href":"https:\/\/www.otiumhome.fi\/index.php\/wp-json\/wp\/v2\/product"}],"about":[{"href":"https:\/\/www.otiumhome.fi\/index.php\/wp-json\/wp\/v2\/types\/product"}],"replies":[{"embeddable":true,"href":"https:\/\/www.otiumhome.fi\/index.php\/wp-json\/wp\/v2\/comments?post=189095"}],"wp:featuredmedia":[{"embeddable":true,"href":"https:\/\/www.otiumhome.fi\/index.php\/wp-json\/"}],"wp:attachment":[{"href":"https:\/\/www.otiumhome.fi\/index.php\/wp-json\/wp\/v2\/media?parent=189095"}],"wp:term":[{"taxonomy":"product_brand","embeddable":true,"href":"https:\/\/www.otiumhome.fi\/index.php\/wp-json\/wp\/v2\/product_brand?post=189095"},{"taxonomy":"product_cat","embeddable":true,"href":"https:\/\/www.otiumhome.fi\/index.php\/wp-json\/wp\/v2\/product_cat?post=189095"},{"taxonomy":"product_tag","embeddable":true,"href":"https:\/\/www.otiumhome.fi\/index.php\/wp-json\/wp\/v2\/product_tag?post=189095"}],"curies":[{"name":"wp","href":"https:\/\/api.w.org\/{rel}","templated":true}]}}