{"id":188936,"date":"2025-11-14T03:55:57","date_gmt":"2025-11-14T03:55:57","guid":{"rendered":"https:\/\/www.otiumhome.fi\/?p=188936"},"modified":"2025-12-09T06:07:27","modified_gmt":"2025-12-09T06:07:27","slug":"poyta-hyllylla-musta-tammi-785-x-37-x-1545-cm-tekninen-puu","status":"publish","type":"product","link":"https:\/\/www.otiumhome.fi\/index.php\/tuote\/poyta-hyllylla-musta-tammi-785-x-37-x-1545-cm-tekninen-puu\/","title":{"rendered":"P\u00f6yt\u00e4 hyllyll\u00e4 Musta tammi. 78,5 x 37 x 154,5 cm Tekninen puu"},"content":{"rendered":"<p>T\u00e4ss\u00e4 on moderni kirjoitusp\u00f6yt\u00e4, joka yhdist\u00e4\u00e4 tyylin ja k\u00e4yt\u00e4nn\u00f6llisyyden, sopii t\u00e4ydellisesti kotitoimistoon tai ty\u00f6huoneeseen. Tyylik\u00e4s suorakaiteen muotoinen pinta ja matta viimeistely tuovat luokkaa, samalla kun se tarjoaa tukevan alueen kirjoittamiseen, opiskeluun tai l\u00e4pp\u00e4rin k\u00e4ytt\u00f6\u00f6n. Valmistettu kest\u00e4v\u00e4st\u00e4 teknisest\u00e4 puusta, t\u00e4m\u00e4 p\u00f6yt\u00e4 on pitk\u00e4ik\u00e4inen ja sopii mainiosti olohuoneeseen, toimistoon tai ty\u00f6huoneeseen. Sen tyylik\u00e4s ilme sulautuu vaivatta kaikenlaisiin sisustuksiin, tehden siit\u00e4 monipuolisen vaihtoehdon.<\/p>\n<ul>\n<li><strong>Premium tekninen puu:<\/strong> T\u00e4m\u00e4 p\u00f6yt\u00e4 on tehty kest\u00e4v\u00e4st\u00e4 teknisest\u00e4 puusta, joka antaa sille pitk\u00e4n k\u00e4ytt\u00f6i\u00e4n ja vankkuuden. Moderni muotoilu tuo tyyli\u00e4 mihin tahansa huoneeseen, ja matta pinta on kaunis ja helppo puhdistaa.<\/li>\n<li><strong>Innovatiiviset levyhyllyt:<\/strong> Siistill\u00e4 laudalla varustetut levyhyllyt tarjoavat luotettavaa s\u00e4ilytystilaa toimistotarvikkeille, kirjoille tai koriste-esineille. N\u00e4iden hyllyjen kest\u00e4vyys tekee niist\u00e4 loistavan lis\u00e4n jokaiseen tilaan.<\/li>\n<li><strong>Tehokas s\u00e4ilytysratkaisu:<\/strong> Runsas hyllytila pit\u00e4\u00e4 kaikki materiaali ja henkil\u00f6kohtaiset tavarat j\u00e4rjestyksess\u00e4. Suunnittelu maksimoi tilan ja tekee p\u00f6yd\u00e4st\u00e4 t\u00e4ydellisen keskipisteen, joka yhdist\u00e4\u00e4 tyylin ja k\u00e4yt\u00e4nn\u00f6llisyyden.<\/li>\n<li><strong>Moderni esteettisyys:<\/strong> P\u00f6yd\u00e4n puhtaat linjat ja minimalistinen tyyli ovat modernin muotoilun tunnusmerkkej\u00e4. Huomaamaton vieh\u00e4tys tulee sen k\u00e4ytett\u00e4vyydest\u00e4 ja yksinkertaisesta muotoilusta \u2013 t\u00e4ydellinen tausta luovaan ty\u00f6skentelyyn.<\/li>\n<li><strong>Yll\u00e4pito helppoa:<\/strong> Pid\u00e4 p\u00f6yt\u00e4si kunnossa vaivattomasti. Kostealla liinalla pyyhk\u00e4isy riitt\u00e4\u00e4 pit\u00e4m\u00e4\u00e4n pinnat siistein\u00e4 ja p\u00f6yd\u00e4n n\u00e4ytt\u00e4v\u00e4n\u00e4 vuosiksi eteenp\u00e4in.<\/li>\n<\/ul>\n<ul>\n<li>V\u00e4ri: Musta tammi.<\/li>\n<li>Materiaali: Tekninen puu<\/li>\n<li>Yleiset mitat: 78,5 x 37 x 154,5 cm (P x L x K)<\/li>\n<li>Paino: 17,15 kg<\/li>\n<li>Kest\u00e4v\u00e4<\/li>\n<li>2 hyllyill\u00e4<\/li>\n<li>Kehysmateriaali: Tekninen puu<\/li>\n<li>Sis\u00e4- \/ ulkotiloissa: Vain sis\u00e4k\u00e4ytt\u00f6\u00f6n<\/li>\n<li>Toimitus-:<\/li>\n<li>1 x meikkip\u00f6yt\u00e4<\/li>\n<li>Kokoonpano vaaditaan: Kyll\u00e4<\/li>\n<\/ul>\n","protected":false},"excerpt":{"rendered":"<ul>\n<li>V\u00e4ri: Musta tammi.<\/li>\n<li>Materiaali: Tekninen puu<\/li>\n<li>Yleiset mitat: 78,5 x 37 x 154,5 cm (P x L x K)<\/li>\n<li>Paino: 17,15 kg<\/li>\n<li>Kest\u00e4v\u00e4<\/li>\n<li>2 hyllyill\u00e4<\/li>\n<li>Kehysmateriaali: Tekninen puu<\/li>\n<li>Sis\u00e4- \/ ulkotiloissa: Vain sis\u00e4k\u00e4ytt\u00f6\u00f6n<\/li>\n<li>Toimitus-:<\/li>\n<li>1 x meikkip\u00f6yt\u00e4<\/li>\n<li>Kokoonpano vaaditaan: Kyll\u00e4<\/li>\n<\/ul>\n","protected":false},"featured_media":100000188936,"comment_status":"closed","ping_status":"closed","template":"","meta":[],"product_brand":[],"product_cat":[84,8551],"product_tag":[],"class_list":{"0":"post-188936","1":"product","2":"type-product","3":"status-publish","4":"has-post-thumbnail","6":"product_cat-huonekalut","7":"product_cat-kirjoituspoydat","9":"first","10":"instock","11":"taxable","12":"shipping-taxable","13":"purchasable","14":"product-type-simple"},"_links":{"self":[{"href":"https:\/\/www.otiumhome.fi\/index.php\/wp-json\/wp\/v2\/product\/188936","targetHints":{"allow":["GET"]}}],"collection":[{"href":"https:\/\/www.otiumhome.fi\/index.php\/wp-json\/wp\/v2\/product"}],"about":[{"href":"https:\/\/www.otiumhome.fi\/index.php\/wp-json\/wp\/v2\/types\/product"}],"replies":[{"embeddable":true,"href":"https:\/\/www.otiumhome.fi\/index.php\/wp-json\/wp\/v2\/comments?post=188936"}],"wp:featuredmedia":[{"embeddable":true,"href":"https:\/\/www.otiumhome.fi\/index.php\/wp-json\/"}],"wp:attachment":[{"href":"https:\/\/www.otiumhome.fi\/index.php\/wp-json\/wp\/v2\/media?parent=188936"}],"wp:term":[{"taxonomy":"product_brand","embeddable":true,"href":"https:\/\/www.otiumhome.fi\/index.php\/wp-json\/wp\/v2\/product_brand?post=188936"},{"taxonomy":"product_cat","embeddable":true,"href":"https:\/\/www.otiumhome.fi\/index.php\/wp-json\/wp\/v2\/product_cat?post=188936"},{"taxonomy":"product_tag","embeddable":true,"href":"https:\/\/www.otiumhome.fi\/index.php\/wp-json\/wp\/v2\/product_tag?post=188936"}],"curies":[{"name":"wp","href":"https:\/\/api.w.org\/{rel}","templated":true}]}}