{"id":188927,"date":"2025-11-14T03:55:53","date_gmt":"2025-11-14T03:55:53","guid":{"rendered":"https:\/\/www.otiumhome.fi\/?p=188927"},"modified":"2025-12-09T06:07:25","modified_gmt":"2025-12-09T06:07:25","slug":"poyta-hyllylla-valkoinen-100-x-40-x-90-cm-tekninen-puu","status":"publish","type":"product","link":"https:\/\/www.otiumhome.fi\/index.php\/tuote\/poyta-hyllylla-valkoinen-100-x-40-x-90-cm-tekninen-puu\/","title":{"rendered":"P\u00f6yt\u00e4 hyllyll\u00e4 Valkoinen 100 x 40 x 90 cm Tekninen puu"},"content":{"rendered":"<p>Tervetuloa tyylikk\u00e4\u00e4n modernin tietokonep\u00f6yd\u00e4n maailmaan, joka on suunniteltu niille, jotka arvostavat sek\u00e4 tyyli\u00e4 ett\u00e4 toimivuutta ty\u00f6tilassaan. Sen moderni ilme ja k\u00e4yt\u00e4nn\u00f6lliset ominaisuudet sopivat t\u00e4ydellisesti nykyaikaiseen olohuoneeseen tai toimistoon. Sile\u00e4 teknisen puun viimeistely tuo ripauksen eleganssia, ja suorakaiteen muoto tarjoaa runsaasti tilaa ty\u00f6skentelyyn tai opiskeluun. Tavoitteena on pit\u00e4\u00e4 asiat j\u00e4rjestyksess\u00e4, jotta voit keskitty\u00e4 ja saada asioita aikaan.<\/p>\n<ul>\n<li><b>Materiaalit:<\/b> P\u00f6yt\u00e4 on valmistettu teknisest\u00e4 puusta, joka on kest\u00e4v\u00e4 ja sile\u00e4. Se kest\u00e4\u00e4 tahroja ja p\u00e4ivitt\u00e4ist\u00e4 kulutusta, joten se n\u00e4ytt\u00e4\u00e4 hyv\u00e4lt\u00e4 pitk\u00e4\u00e4n. Lis\u00e4ksi se on ekologinen valinta, tarjoten kest\u00e4vi\u00e4 ja ymp\u00e4rist\u00f6yst\u00e4v\u00e4llisi\u00e4 huonekaluja vihre\u00e4mp\u00e4\u00e4n el\u00e4m\u00e4ntyyliin.<\/li>\n<li><b>Mukana olevat osat:<\/b> T\u00e4m\u00e4 p\u00f6yt\u00e4 tulee levyhyllyjen kanssa, joten saat runsaasti tilaa toimistotarvikkeille, kirjoille ja henkil\u00f6kohtaisille esineille. Jokainen hylly on helposti ulottuvilla, auttaen pit\u00e4m\u00e4\u00e4n ty\u00f6tilasi siistin\u00e4. S\u00e4ilytysratkaisut antavat sinun muokata p\u00f6yt\u00e4\u00e4 tarpeidesi mukaan, oli sitten kyse ty\u00f6st\u00e4 tai kotona k\u00e4yt\u00f6st\u00e4.<\/li>\n<li><b>Ominaisuudet \/ Toiminta \/ Muotoilu:<\/b> P\u00f6yt\u00e4\u00e4 on suunniteltu yksinkertaisuudella ja toimivuudella mieless\u00e4. Sen tilava pinta on t\u00e4ydellinen tietokoneen k\u00e4ytt\u00f6\u00f6n, tarjoten tarpeeksi tilaa n\u00e4yt\u00f6lle, n\u00e4pp\u00e4imist\u00f6lle ja muille v\u00e4lineille. Suorakaiteen muoto maksimoi ty\u00f6skentelytilasi, ja minimalistinen muotoilu pit\u00e4\u00e4 asiat raikkaina, mik\u00e4 auttaa keskittym\u00e4\u00e4n ja inspiroitumaan.<\/li>\n<li><b>Suositellut k\u00e4ytt\u00f6tavat:<\/b> T\u00e4m\u00e4 p\u00f6yt\u00e4 sopii loistavasti kotitoimistoihin, olohuoneisiin tai opiskelutiloihin, yhdist\u00e4en tyylin ja k\u00e4yt\u00e4nn\u00f6llisyyden. Se tuo ilmett\u00e4 mihin tahansa huoneeseen, tarjoten j\u00e4rjest\u00e4ytyneen ty\u00f6skentelytilan, joka soveltuu ammatillisiin tai luoviin teht\u00e4viin. Yhteisty\u00f6t\u00e4, opiskelua tai luovaa tekemist\u00e4 &#8211; t\u00e4m\u00e4 p\u00f6yt\u00e4 on avaintekij\u00e4, joka auttaa sinua olemaan tuottelias ja luova siistiss\u00e4 ymp\u00e4rist\u00f6ss\u00e4.<\/li>\n<li><b>Hoito &amp; Yll\u00e4pito:<\/b> Pid\u00e4 p\u00f6yt\u00e4 hyv\u00e4ss\u00e4 kunnossa pyyhkim\u00e4ll\u00e4 se kostealla liinalla. V\u00e4lt\u00e4 voimakkaita kemikaaleja, jotta et vahingoita pintaa, n\u00e4in varmistat sen kest\u00e4vyyden ja hyv\u00e4n ulkon\u00e4\u00f6n. S\u00e4\u00e4nn\u00f6llinen hoito pit\u00e4\u00e4 p\u00f6yd\u00e4n tyylikk\u00e4\u00e4n\u00e4 ja toimivana osana kotiasi.<\/li>\n<\/ul>\n<ul>\n<li>V\u00e4ri: Valkoinen<\/li>\n<li>Materiaali: Tekninen puu<\/li>\n<li>Yleiset mitat: 100 x 40 x 90 cm (P x L x K)<\/li>\n<li>Paino: 15,15 kg<\/li>\n<li>Kest\u00e4v\u00e4<\/li>\n<li>2 hyllyill\u00e4<\/li>\n<li>Kehysmateriaali: Tekninen puu<\/li>\n<li>Sis\u00e4- \/ ulkotiloissa: Vain sis\u00e4k\u00e4ytt\u00f6\u00f6n<\/li>\n<li>Toimitus-:<\/li>\n<li>1 x p\u00f6yt\u00e4<\/li>\n<li>Kokoonpano vaaditaan: Kyll\u00e4<\/li>\n<\/ul>\n","protected":false},"excerpt":{"rendered":"<ul>\n<li>V\u00e4ri: Valkoinen<\/li>\n<li>Materiaali: Tekninen puu<\/li>\n<li>Yleiset mitat: 100 x 40 x 90 cm (P x L x K)<\/li>\n<li>Paino: 15,15 kg<\/li>\n<li>Kest\u00e4v\u00e4<\/li>\n<li>2 hyllyill\u00e4<\/li>\n<li>Kehysmateriaali: Tekninen puu<\/li>\n<li>Sis\u00e4- \/ ulkotiloissa: Vain sis\u00e4k\u00e4ytt\u00f6\u00f6n<\/li>\n<li>Toimitus-:<\/li>\n<li>1 x p\u00f6yt\u00e4<\/li>\n<li>Kokoonpano vaaditaan: Kyll\u00e4<\/li>\n<\/ul>\n","protected":false},"featured_media":100000188927,"comment_status":"closed","ping_status":"closed","template":"","meta":[],"product_brand":[],"product_cat":[84,8551],"product_tag":[],"class_list":{"0":"post-188927","1":"product","2":"type-product","3":"status-publish","4":"has-post-thumbnail","6":"product_cat-huonekalut","7":"product_cat-kirjoituspoydat","9":"first","10":"instock","11":"taxable","12":"shipping-taxable","13":"purchasable","14":"product-type-simple"},"_links":{"self":[{"href":"https:\/\/www.otiumhome.fi\/index.php\/wp-json\/wp\/v2\/product\/188927","targetHints":{"allow":["GET"]}}],"collection":[{"href":"https:\/\/www.otiumhome.fi\/index.php\/wp-json\/wp\/v2\/product"}],"about":[{"href":"https:\/\/www.otiumhome.fi\/index.php\/wp-json\/wp\/v2\/types\/product"}],"replies":[{"embeddable":true,"href":"https:\/\/www.otiumhome.fi\/index.php\/wp-json\/wp\/v2\/comments?post=188927"}],"wp:featuredmedia":[{"embeddable":true,"href":"https:\/\/www.otiumhome.fi\/index.php\/wp-json\/"}],"wp:attachment":[{"href":"https:\/\/www.otiumhome.fi\/index.php\/wp-json\/wp\/v2\/media?parent=188927"}],"wp:term":[{"taxonomy":"product_brand","embeddable":true,"href":"https:\/\/www.otiumhome.fi\/index.php\/wp-json\/wp\/v2\/product_brand?post=188927"},{"taxonomy":"product_cat","embeddable":true,"href":"https:\/\/www.otiumhome.fi\/index.php\/wp-json\/wp\/v2\/product_cat?post=188927"},{"taxonomy":"product_tag","embeddable":true,"href":"https:\/\/www.otiumhome.fi\/index.php\/wp-json\/wp\/v2\/product_tag?post=188927"}],"curies":[{"name":"wp","href":"https:\/\/api.w.org\/{rel}","templated":true}]}}