{"id":188922,"date":"2025-11-14T03:55:51","date_gmt":"2025-11-14T03:55:51","guid":{"rendered":"https:\/\/www.otiumhome.fi\/?p=188922"},"modified":"2025-12-09T06:07:24","modified_gmt":"2025-12-09T06:07:24","slug":"poyta-hyllylla-betoni-harmaa-1315-x-50-x-1065-cm-tekninen-puu","status":"publish","type":"product","link":"https:\/\/www.otiumhome.fi\/index.php\/tuote\/poyta-hyllylla-betoni-harmaa-1315-x-50-x-1065-cm-tekninen-puu\/","title":{"rendered":"P\u00f6yt\u00e4 hyllyll\u00e4 Betoni Harmaa 131,5 x 50 x 106,5 cm Tekninen puu"},"content":{"rendered":"<p>T\u00e4m\u00e4 tyylik\u00e4s ty\u00f6p\u00f6yt\u00e4 on valmistettu teknisest\u00e4 puusta ja siin\u00e4 on s\u00e4ilytystilaa. Se on kauniisti suunniteltu, parantaen moderneja asuintiloja. Mattapinta ja suorakulmainen muoto tekev\u00e4t siit\u00e4 sek\u00e4 toimivan ett\u00e4 tyylikk\u00e4\u00e4n. T\u00e4ydellinen tietokoneelle, siin\u00e4 on runsaasti tilaa, joten se sopii ammattilaisille, opiskelijoille ja luoville tyypeille. Olipa se kotitoimistossa tai olohuoneessa, sen tyylikk\u00e4\u00e4n ulkon\u00e4\u00f6n ansiosta se tuo modernia vieh\u00e4tysvoimaa mihin tahansa paikkaan.<\/p>\n<ul>\n<li><b>Tekninen puu:<\/b> T\u00e4m\u00e4 p\u00f6yt\u00e4 on valmistettu laadukkaasta teknisest\u00e4 puusta, joka yhdist\u00e4\u00e4 kest\u00e4vyyden ja sile\u00e4n pinnan. Se s\u00e4ilytt\u00e4\u00e4 kauniin ulkon\u00e4\u00f6n pitk\u00e4n aikaa. Vankka rakenne tukee p\u00f6yd\u00e4n rakennetta, antaen k\u00e4ytt\u00e4jille luottamusta sen vakauteen.<\/li>\n<li><b>Hyv\u00e4t s\u00e4ilytysratkaisut:<\/b> Hyllyt antavat runsaasti tilaa toimistotarvikkeille tai koriste-esineille. Ne mahdollistavat helpon organisoinnin ja nopean p\u00e4\u00e4syn tarpeellisiin materiaaleihin, parantaen tuottavuutta. T\u00e4m\u00e4 pit\u00e4\u00e4 ty\u00f6pisteen siistin\u00e4 ja tehokkuuden korkealla.<\/li>\n<li><b>Matta pinta:<\/b> Tyylik\u00e4s matta pinta antaa hienostuneen ilmeen, joka sopii mihin tahansa ymp\u00e4rist\u00f6\u00f6n. T\u00e4m\u00e4 ei-heijastava ulkon\u00e4k\u00f6 t\u00e4ydent\u00e4\u00e4 minimalistisia sisustustyylej\u00e4 ja on helppohoitoinen. Mattapinta pit\u00e4\u00e4 p\u00f6yd\u00e4n visuaalisesti houkuttelevana ilman ylim\u00e4\u00e4r\u00e4ist\u00e4 heijastusta.<\/li>\n<li><b>Monik\u00e4ytt\u00f6inen k\u00e4ytt\u00f6:<\/b> T\u00e4ydellinen moderneihin olohuoneisiin tai ty\u00f6tiloihin, p\u00f6yt\u00e4 sopii moneen ymp\u00e4rist\u00f6\u00f6n. Geometrinen muoto mukana saumattomasti nykyaikaiseen sisustukseen, ja se toimii hyvin ty\u00f6ss\u00e4, opiskelussa tai rentoutumisessa.<\/li>\n<li><b>Hoito ja yll\u00e4pito:<\/b> P\u00f6yd\u00e4n pit\u00e4miseksi hyv\u00e4ss\u00e4 kunnossa, puhdista se kuivalla liinalla ja v\u00e4lt\u00e4 voimakkaita kemikaaleja. Sile\u00e4 pinta tekee yll\u00e4pidosta helppoa, jotta se pysyy siistin\u00e4. Huolellisella hoidolla t\u00e4m\u00e4 tuote lupaa kest\u00e4v\u00e4\u00e4 kauneutta ja toimivuutta.<\/li>\n<\/ul>\n<ul>\n<li>V\u00e4ri: Betoni harmaa<\/li>\n<li>Materiaali: Tekninen puu<\/li>\n<li>Yleiset mitat: 131,5 x 50 x 106,5 cm (P x L x K)<\/li>\n<li>Paino: 24,02 kg<\/li>\n<li>S\u00e4ilytystila<\/li>\n<li>1 hyllyll\u00e4<\/li>\n<li>Kehysmateriaali: Tekninen puu<\/li>\n<li>Sis\u00e4- \/ ulkotiloissa: Vain sis\u00e4k\u00e4ytt\u00f6\u00f6n<\/li>\n<li>Toimitus-:<\/li>\n<li>1 x p\u00f6yt\u00e4<\/li>\n<li>Kokoonpano vaaditaan: Kyll\u00e4<\/li>\n<\/ul>\n","protected":false},"excerpt":{"rendered":"<ul>\n<li>V\u00e4ri: Betoni harmaa<\/li>\n<li>Materiaali: Tekninen puu<\/li>\n<li>Yleiset mitat: 131,5 x 50 x 106,5 cm (P x L x K)<\/li>\n<li>Paino: 24,02 kg<\/li>\n<li>S\u00e4ilytystila<\/li>\n<li>1 hyllyll\u00e4<\/li>\n<li>Kehysmateriaali: Tekninen puu<\/li>\n<li>Sis\u00e4- \/ ulkotiloissa: Vain sis\u00e4k\u00e4ytt\u00f6\u00f6n<\/li>\n<li>Toimitus-:<\/li>\n<li>1 x p\u00f6yt\u00e4<\/li>\n<li>Kokoonpano vaaditaan: Kyll\u00e4<\/li>\n<\/ul>\n","protected":false},"featured_media":100000188922,"comment_status":"closed","ping_status":"closed","template":"","meta":[],"product_brand":[],"product_cat":[84,8551],"product_tag":[],"class_list":{"0":"post-188922","1":"product","2":"type-product","3":"status-publish","4":"has-post-thumbnail","6":"product_cat-huonekalut","7":"product_cat-kirjoituspoydat","9":"first","10":"instock","11":"taxable","12":"shipping-taxable","13":"purchasable","14":"product-type-simple"},"_links":{"self":[{"href":"https:\/\/www.otiumhome.fi\/index.php\/wp-json\/wp\/v2\/product\/188922","targetHints":{"allow":["GET"]}}],"collection":[{"href":"https:\/\/www.otiumhome.fi\/index.php\/wp-json\/wp\/v2\/product"}],"about":[{"href":"https:\/\/www.otiumhome.fi\/index.php\/wp-json\/wp\/v2\/types\/product"}],"replies":[{"embeddable":true,"href":"https:\/\/www.otiumhome.fi\/index.php\/wp-json\/wp\/v2\/comments?post=188922"}],"wp:featuredmedia":[{"embeddable":true,"href":"https:\/\/www.otiumhome.fi\/index.php\/wp-json\/"}],"wp:attachment":[{"href":"https:\/\/www.otiumhome.fi\/index.php\/wp-json\/wp\/v2\/media?parent=188922"}],"wp:term":[{"taxonomy":"product_brand","embeddable":true,"href":"https:\/\/www.otiumhome.fi\/index.php\/wp-json\/wp\/v2\/product_brand?post=188922"},{"taxonomy":"product_cat","embeddable":true,"href":"https:\/\/www.otiumhome.fi\/index.php\/wp-json\/wp\/v2\/product_cat?post=188922"},{"taxonomy":"product_tag","embeddable":true,"href":"https:\/\/www.otiumhome.fi\/index.php\/wp-json\/wp\/v2\/product_tag?post=188922"}],"curies":[{"name":"wp","href":"https:\/\/api.w.org\/{rel}","templated":true}]}}