{"id":188916,"date":"2025-11-14T03:55:48","date_gmt":"2025-11-14T03:55:48","guid":{"rendered":"https:\/\/www.otiumhome.fi\/?p=188916"},"modified":"2025-12-09T06:06:38","modified_gmt":"2025-12-09T06:06:38","slug":"poyta-hyllylla-harmaa-sonoma-142-x-102-x-73-cm-tekninen-puu","status":"publish","type":"product","link":"https:\/\/www.otiumhome.fi\/index.php\/tuote\/poyta-hyllylla-harmaa-sonoma-142-x-102-x-73-cm-tekninen-puu\/","title":{"rendered":"P\u00f6yt\u00e4 hyllyll\u00e4 Harmaa Sonoma 142 x 102 x 73 cm Tekninen puu"},"content":{"rendered":"<p>T\u00e4m\u00e4 moderni kulmap\u00f6yt\u00e4 on just se, mit\u00e4 tarvitset, yhdist\u00e4en tyylin ja toiminnallisuuden. Suunniteltu nykyaikaiseen kotiin, sen ilme on hieno ja yksinkertainen, jossa on sujuvat linjat, jotka tuovat huoneisiin s\u00e4ihkett\u00e4. Kest\u00e4v\u00e4 tekninen puu takaa tyylikk\u00e4\u00e4n mattapinnan, joka sulautuu hyvin olohuoneisiin, toimistoihin tai opiskelutiloihin. Tilava pinta ja riitt\u00e4v\u00e4sti jalkatilaa tekee siit\u00e4 t\u00e4ydellisen kirjoittamiseen tai tietokoneen k\u00e4ytt\u00f6\u00f6n, halliten sek\u00e4 ty\u00f6- ett\u00e4 henkil\u00f6kohtaisia teht\u00e4vi\u00e4 sujuvasti.<\/p>\n<ul>\n<li><b>Laadukkaat materiaalit:<\/b> T\u00e4m\u00e4 p\u00f6yt\u00e4 on valmistettu teknisest\u00e4 puusta, joten se on rakennettu kest\u00e4m\u00e4\u00e4n ja tarjoaa vakaan ty\u00f6skentely-ymp\u00e4rist\u00f6n. Sen sile\u00e4 ja mattapintainen pinta tekee siit\u00e4 tyylikk\u00e4\u00e4n ja k\u00e4yt\u00e4nn\u00f6llisen, ja materiaalit kest\u00e4v\u00e4t naarmuja ja tahroja, mik\u00e4 on loistava valinta kiireiseen ymp\u00e4rist\u00f6\u00f6n.<\/li>\n<li><b>Toiminnallinen muotoilu:<\/b> P\u00f6yd\u00e4n moderni ilme sopii mihin tahansa tilaan, olipa se sitten toimisto tai kotiopiskelutila. Sen yksinkertaiset linjat eiv\u00e4t vain n\u00e4yt\u00e4 hyvilt\u00e4; ne tarjoavat k\u00e4yt\u00e4nn\u00f6llisen tilan, joka soveltuu erilaisiin tarpeisiin.<\/li>\n<li><b>Tilava s\u00e4ilytys:<\/b> Teknisist\u00e4 puuhyllyist\u00e4 valmistettu kulmap\u00f6yt\u00e4 hoitaa s\u00e4ilytysak\u00e4yt\u00e4nn\u00f6t hyvin, tarjoten runsaasti tilaa muistikirjoille, asiakirjoille tai koriste-esineille. Vankat hyllyt tukevat henkil\u00f6kohtaisia ja ammatillisia tarvikkeita, pit\u00e4en ty\u00f6tilan siistin\u00e4.<\/li>\n<li><b>T\u00e4ydellinen koko:<\/b> P\u00f6yd\u00e4n mitat ovat 142 x 102 x 73 cm, joten se sopii t\u00e4ydellisesti kulmiin, ilman ett\u00e4 pinta-ala k\u00e4rsii. Generoiva jalkatila tekee siit\u00e4 mukavan pidempiaikaiseen ty\u00f6skentelyyn.<\/li>\n<li><b>Helppo huolto:<\/b> Puhdistaminen on superhelppoa: nopea pyyhk\u00e4isy kostealla liinalla pit\u00e4\u00e4 p\u00f6yd\u00e4n siistin\u00e4 ilman suurta vaivann\u00e4k\u00f6\u00e4. Kokoaminen on my\u00f6s helppoa; siihen tarvitaan vain muutama henkil\u00f6 ja tavallisia ty\u00f6kaluja, kuten ruuvimeisseli ja mittanauha, jotta se saadaan nopeasti k\u00e4ytt\u00f6\u00f6n.<\/li>\n<\/ul>\n<ul>\n<li>V\u00e4ri: Harmaa sonoma<\/li>\n<li>Materiaali: Tekninen puu<\/li>\n<li>Yleiset mitat: 142 x 102 x 73 cm (P x L x K)<\/li>\n<li>Paino: 24,78 kg<\/li>\n<li>Kest\u00e4v\u00e4<\/li>\n<li>2 hyllyill\u00e4<\/li>\n<li>Kehysmateriaali: Tekninen puu<\/li>\n<li>Sis\u00e4- \/ ulkotiloissa: Vain sis\u00e4k\u00e4ytt\u00f6\u00f6n<\/li>\n<li>Toimitus-:<\/li>\n<li>1 x p\u00f6yt\u00e4<\/li>\n<li>Kokoonpano vaaditaan: Kyll\u00e4<\/li>\n<\/ul>\n","protected":false},"excerpt":{"rendered":"<ul>\n<li>V\u00e4ri: Harmaa sonoma<\/li>\n<li>Materiaali: Tekninen puu<\/li>\n<li>Yleiset mitat: 142 x 102 x 73 cm (P x L x K)<\/li>\n<li>Paino: 24,78 kg<\/li>\n<li>Kest\u00e4v\u00e4<\/li>\n<li>2 hyllyill\u00e4<\/li>\n<li>Kehysmateriaali: Tekninen puu<\/li>\n<li>Sis\u00e4- \/ ulkotiloissa: Vain sis\u00e4k\u00e4ytt\u00f6\u00f6n<\/li>\n<li>Toimitus-:<\/li>\n<li>1 x p\u00f6yt\u00e4<\/li>\n<li>Kokoonpano vaaditaan: Kyll\u00e4<\/li>\n<\/ul>\n","protected":false},"featured_media":100000188916,"comment_status":"closed","ping_status":"closed","template":"","meta":[],"product_brand":[],"product_cat":[84,8551],"product_tag":[],"class_list":{"0":"post-188916","1":"product","2":"type-product","3":"status-publish","4":"has-post-thumbnail","6":"product_cat-huonekalut","7":"product_cat-kirjoituspoydat","9":"first","10":"instock","11":"taxable","12":"shipping-taxable","13":"purchasable","14":"product-type-simple"},"_links":{"self":[{"href":"https:\/\/www.otiumhome.fi\/index.php\/wp-json\/wp\/v2\/product\/188916","targetHints":{"allow":["GET"]}}],"collection":[{"href":"https:\/\/www.otiumhome.fi\/index.php\/wp-json\/wp\/v2\/product"}],"about":[{"href":"https:\/\/www.otiumhome.fi\/index.php\/wp-json\/wp\/v2\/types\/product"}],"replies":[{"embeddable":true,"href":"https:\/\/www.otiumhome.fi\/index.php\/wp-json\/wp\/v2\/comments?post=188916"}],"wp:featuredmedia":[{"embeddable":true,"href":"https:\/\/www.otiumhome.fi\/index.php\/wp-json\/"}],"wp:attachment":[{"href":"https:\/\/www.otiumhome.fi\/index.php\/wp-json\/wp\/v2\/media?parent=188916"}],"wp:term":[{"taxonomy":"product_brand","embeddable":true,"href":"https:\/\/www.otiumhome.fi\/index.php\/wp-json\/wp\/v2\/product_brand?post=188916"},{"taxonomy":"product_cat","embeddable":true,"href":"https:\/\/www.otiumhome.fi\/index.php\/wp-json\/wp\/v2\/product_cat?post=188916"},{"taxonomy":"product_tag","embeddable":true,"href":"https:\/\/www.otiumhome.fi\/index.php\/wp-json\/wp\/v2\/product_tag?post=188916"}],"curies":[{"name":"wp","href":"https:\/\/api.w.org\/{rel}","templated":true}]}}