{"id":188910,"date":"2025-11-14T03:55:45","date_gmt":"2025-11-14T03:55:45","guid":{"rendered":"https:\/\/www.otiumhome.fi\/?p=188910"},"modified":"2025-12-09T06:06:37","modified_gmt":"2025-12-09T06:06:37","slug":"poyta-hyllylla-artisan-tammi-113-x-54-x-120-cm-tekninen-puu","status":"publish","type":"product","link":"https:\/\/www.otiumhome.fi\/index.php\/tuote\/poyta-hyllylla-artisan-tammi-113-x-54-x-120-cm-tekninen-puu\/","title":{"rendered":"P\u00f6yt\u00e4 hyllyll\u00e4 Artisan tammi 113 x 54 x 120 cm Tekninen puu"},"content":{"rendered":"<p>T\u00e4m\u00e4 moderni suorakulmainen opiskelup\u00f6yt\u00e4 on todellinen peli muuttaja. Sen hoikka muotoilu ja mattapinta luovat minimalistista tunnelmaa, joka yhdist\u00e4\u00e4 yksinkertaisuuden ja tyylin. Se sopii kirjoittamiseen, opiskeluun tai tietokoneella ty\u00f6skentelyyn, ja se sulautuu t\u00e4ydellisesti mihin tahansa sisustukseen samalla, kun tarjoaa j\u00e4rjestetyn ty\u00f6skentelytilan ammattilaisille ja opiskelijoille.<\/p>\n<ul>\n<li><b>Materiaalit:<\/b> Teknisest\u00e4 puusta valmistettu p\u00f6yt\u00e4 tuo modernia eleganssia sile\u00e4n pinnan ansiosta. Kest\u00e4v\u00e4 materiaali takaa siet\u00e4vyytt\u00e4 p\u00e4ivitt\u00e4isiin teht\u00e4viin ja suojaa naarmuilta.<\/li>\n<li><b>Mukana tulevat osat:<\/b> Levyhyllyjen avulla t\u00e4m\u00e4 p\u00f6yt\u00e4 tarjoaa hyvi\u00e4 s\u00e4ilytysratkaisuja, pit\u00e4en tyylikk\u00e4\u00e4n ja trendikk\u00e4\u00e4n muotoilun. Hyllyt sopivat kirjojen tai henkil\u00f6kohtaisten tavaroiden s\u00e4ilytt\u00e4miseen.<\/li>\n<li><b>Ominaisuudet \/ Toiminta \/ Muotoilu:<\/b> P\u00f6yd\u00e4ss\u00e4 on hyllyj\u00e4, jotka auttavat pit\u00e4m\u00e4\u00e4n ty\u00f6pisteesi j\u00e4rjestyksess\u00e4, mahdollistaen tehokkuuden. Moderni ulkon\u00e4k\u00f6 tuo tyyli\u00e4 huoneeseen.<\/li>\n<li><b>Suositellut k\u00e4ytt\u00f6tavat:<\/b> Erinomainen olohuoneisiin, toimistoihin tai opiskeluhuoneisiin, t\u00e4m\u00e4 p\u00f6yt\u00e4 sulautuu helposti erilaisiin ymp\u00e4rist\u00f6ihin. Hyv\u00e4 valinta k\u00e4yt\u00e4nn\u00f6llisille ja n\u00e4teille ty\u00f6tiloille.<\/li>\n<li><b>Hoito ja yll\u00e4pito:<\/b> P\u00f6yv\u00e4n yll\u00e4pito on helppoa: pyyhk\u00e4ise vain kostealla liinalla p\u00f6ly pois. T\u00e4m\u00e4 helpottaa sen pit\u00e4mist\u00e4 hyv\u00e4n\u00e4 vuosien ajan.<\/li>\n<\/ul>\n<ul>\n<li>V\u00e4ri: Artisan tammi<\/li>\n<li>Materiaali: Tekninen puu<\/li>\n<li>Yleiset mitat: 113 x 54 x 120 cm (P x L x K)<\/li>\n<li>Paino: 25,13 kg<\/li>\n<li>Kest\u00e4v\u00e4<\/li>\n<li>2 hyllyill\u00e4<\/li>\n<li>Kehysmateriaali: Tekninen puu<\/li>\n<li>Sis\u00e4- \/ ulkotiloissa: Vain sis\u00e4k\u00e4ytt\u00f6\u00f6n<\/li>\n<li>Toimitus-:<\/li>\n<li>1 x p\u00f6yt\u00e4<\/li>\n<li>Kokoonpano vaaditaan: Kyll\u00e4<\/li>\n<\/ul>\n","protected":false},"excerpt":{"rendered":"<ul>\n<li>V\u00e4ri: Artisan tammi<\/li>\n<li>Materiaali: Tekninen puu<\/li>\n<li>Yleiset mitat: 113 x 54 x 120 cm (P x L x K)<\/li>\n<li>Paino: 25,13 kg<\/li>\n<li>Kest\u00e4v\u00e4<\/li>\n<li>2 hyllyill\u00e4<\/li>\n<li>Kehysmateriaali: Tekninen puu<\/li>\n<li>Sis\u00e4- \/ ulkotiloissa: Vain sis\u00e4k\u00e4ytt\u00f6\u00f6n<\/li>\n<li>Toimitus-:<\/li>\n<li>1 x p\u00f6yt\u00e4<\/li>\n<li>Kokoonpano vaaditaan: Kyll\u00e4<\/li>\n<\/ul>\n","protected":false},"featured_media":100000188910,"comment_status":"closed","ping_status":"closed","template":"","meta":[],"product_brand":[],"product_cat":[84,8551],"product_tag":[],"class_list":{"0":"post-188910","1":"product","2":"type-product","3":"status-publish","4":"has-post-thumbnail","6":"product_cat-huonekalut","7":"product_cat-kirjoituspoydat","9":"first","10":"instock","11":"taxable","12":"shipping-taxable","13":"purchasable","14":"product-type-simple"},"_links":{"self":[{"href":"https:\/\/www.otiumhome.fi\/index.php\/wp-json\/wp\/v2\/product\/188910","targetHints":{"allow":["GET"]}}],"collection":[{"href":"https:\/\/www.otiumhome.fi\/index.php\/wp-json\/wp\/v2\/product"}],"about":[{"href":"https:\/\/www.otiumhome.fi\/index.php\/wp-json\/wp\/v2\/types\/product"}],"replies":[{"embeddable":true,"href":"https:\/\/www.otiumhome.fi\/index.php\/wp-json\/wp\/v2\/comments?post=188910"}],"wp:featuredmedia":[{"embeddable":true,"href":"https:\/\/www.otiumhome.fi\/index.php\/wp-json\/"}],"wp:attachment":[{"href":"https:\/\/www.otiumhome.fi\/index.php\/wp-json\/wp\/v2\/media?parent=188910"}],"wp:term":[{"taxonomy":"product_brand","embeddable":true,"href":"https:\/\/www.otiumhome.fi\/index.php\/wp-json\/wp\/v2\/product_brand?post=188910"},{"taxonomy":"product_cat","embeddable":true,"href":"https:\/\/www.otiumhome.fi\/index.php\/wp-json\/wp\/v2\/product_cat?post=188910"},{"taxonomy":"product_tag","embeddable":true,"href":"https:\/\/www.otiumhome.fi\/index.php\/wp-json\/wp\/v2\/product_tag?post=188910"}],"curies":[{"name":"wp","href":"https:\/\/api.w.org\/{rel}","templated":true}]}}