{"id":188899,"date":"2025-11-14T03:55:40","date_gmt":"2025-11-14T03:55:40","guid":{"rendered":"https:\/\/www.otiumhome.fi\/?p=188899"},"modified":"2025-12-09T05:48:00","modified_gmt":"2025-12-09T05:48:00","slug":"poyta-laatikon-kanssa-savupahkina-90-x-49-x-75-cm-tekninen-puu","status":"publish","type":"product","link":"https:\/\/www.otiumhome.fi\/index.php\/tuote\/poyta-laatikon-kanssa-savupahkina-90-x-49-x-75-cm-tekninen-puu\/","title":{"rendered":"P\u00f6yt\u00e4 laatikon kanssa Savup\u00e4hkin\u00e4 90 x 49 x 75 cm Tekninen puu"},"content":{"rendered":"<p>T\u00e4m\u00e4 moderni kirjoitusp\u00f6yt\u00e4 luonnollisella puupinnalla yhdist\u00e4\u00e4 eleganssin ja k\u00e4yt\u00e4nn\u00f6llisyyden, ja se on loistava lis\u00e4 mihin tahansa olohuoneeseen, toimistoon tai ty\u00f6huoneeseen. Kun ty\u00f6st\u00e4t p\u00e4ivitt\u00e4isi\u00e4 asioita tai j\u00e4rjest\u00e4t muistiinpanoja, se tarjoaa laajan ja sile\u00e4n pinnan. Sen elegantti muotoilu sulautuu t\u00e4ydellisesti nykyaikaisiin sisustuksiin. Se on k\u00e4yt\u00e4nn\u00f6llinen, mutta tyylik\u00e4s valinta opiskelijoille, ammattilaisille ja kotitalouksille, jotka kaipaavat j\u00e4rjestelm\u00e4llisyytt\u00e4 ja kauneutta.<\/p>\n<ul>\n<li><b>Tekninen puu<\/b> T\u00e4m\u00e4 p\u00f6yt\u00e4 on tehty korkealaatuisesta teknisest\u00e4 puusta, joka takaa huippuluokan kest\u00e4vyyden ja vakauden. Sile\u00e4 pinta ja himme\u00e4 viimeistely parantavat modernia ilmett\u00e4, tarjoten samalla k\u00e4yt\u00e4nn\u00f6llisen ty\u00f6tilan. T\u00e4m\u00e4 sopii niille, jotka arvostavat tasapainoa kauneuden ja kest\u00e4vyyden v\u00e4lill\u00e4.<\/li>\n<li><b>Monipuoliset s\u00e4ilytysratkaisut<\/b> P\u00f6yt\u00e4 sis\u00e4lt\u00e4\u00e4 perinteisi\u00e4 laatikoita ja levyhyllyj\u00e4, jolloin saat runsaasti tilaa toimistotarvikkeille, asiakirjoille ja henkil\u00f6kohtaisille esineille. Suunnittelu kannustaa tehokkaaseen j\u00e4rjest\u00e4miseen, joten kaikki on helposti saatavilla ja ty\u00f6tila pysyy hyvin j\u00e4rjestettyn\u00e4.<\/li>\n<li><b>Tyylikk\u00e4\u00e4t alumiinikahvat<\/b> P\u00f6yd\u00e4ss\u00e4 on suorakaiteen muotoiset alumiinikahvat, jotka tuovat modernia tyyli\u00e4 ja varmistavat sujuvan k\u00e4yt\u00f6n. T\u00e4m\u00e4 yksityiskohta saattaa korostaa p\u00f6yd\u00e4n sitoutumista moderneihin muotoiluihin ja parantaa k\u00e4yt\u00e4nn\u00f6llisyytt\u00e4.<\/li>\n<li><b>Muunneltava erilaisiin tiloihin<\/b> Ihanteellinen olohuoneisiin, toimistoihin tai ty\u00f6huoneisiin, sen suorakaiteellinen muoto ja luonnollinen viimeistely sulautuvat monenlaiseen sisustustyyliin. P\u00f6yd\u00e4n mitat tekev\u00e4t siit\u00e4 helposti muunneltavissa erikokoisiin tiloihin, lis\u00e4ten tyylikkyytt\u00e4 sellaiseenkin paikkaan, mihin se laitetaan.<\/li>\n<li><b>Hoito-ohjeet<\/b> Sen hienon ulkon\u00e4\u00f6n yll\u00e4pit\u00e4minen on helppoa \u2013 riitt\u00e4\u00e4, ett\u00e4 pyyhk\u00e4iset sen kostealla liinalla, niin se pysyy eleganttisena. T\u00e4m\u00e4 helppo hoito-ohje on kiireisten henkil\u00f6iden unelma, jotka arvostavat sek\u00e4 ulkon\u00e4k\u00f6\u00e4 ett\u00e4 mukavuutta kodin kalusteissa.<\/li>\n<\/ul>\n<ul>\n<li>V\u00e4ri: Savup\u00e4hkin\u00e4<\/li>\n<li>Materiaali: Tekninen puu<\/li>\n<li>Yleiset mitat: 90 x 49 x 75 cm (P x L x K)<\/li>\n<li>Paino: 18,64 kg<\/li>\n<li>Kest\u00e4v\u00e4<\/li>\n<li>Laatikolla<\/li>\n<li>1 hyllyll\u00e4<\/li>\n<li>Kehysmateriaali: Tekninen puu<\/li>\n<li>Sis\u00e4- \/ ulkotiloissa: Vain sis\u00e4k\u00e4ytt\u00f6\u00f6n<\/li>\n<li>Toimitus-:<\/li>\n<li>1 x p\u00f6yt\u00e4<\/li>\n<li>Kokoonpano vaaditaan: Kyll\u00e4<\/li>\n<\/ul>\n","protected":false},"excerpt":{"rendered":"<ul>\n<li>V\u00e4ri: Savup\u00e4hkin\u00e4<\/li>\n<li>Materiaali: Tekninen puu<\/li>\n<li>Yleiset mitat: 90 x 49 x 75 cm (P x L x K)<\/li>\n<li>Paino: 18,64 kg<\/li>\n<li>Kest\u00e4v\u00e4<\/li>\n<li>Laatikolla<\/li>\n<li>1 hyllyll\u00e4<\/li>\n<li>Kehysmateriaali: Tekninen puu<\/li>\n<li>Sis\u00e4- \/ ulkotiloissa: Vain sis\u00e4k\u00e4ytt\u00f6\u00f6n<\/li>\n<li>Toimitus-:<\/li>\n<li>1 x p\u00f6yt\u00e4<\/li>\n<li>Kokoonpano vaaditaan: Kyll\u00e4<\/li>\n<\/ul>\n","protected":false},"featured_media":100000188899,"comment_status":"closed","ping_status":"closed","template":"","meta":[],"product_brand":[],"product_cat":[84,8551],"product_tag":[],"class_list":{"0":"post-188899","1":"product","2":"type-product","3":"status-publish","4":"has-post-thumbnail","6":"product_cat-huonekalut","7":"product_cat-kirjoituspoydat","9":"first","10":"instock","11":"taxable","12":"shipping-taxable","13":"purchasable","14":"product-type-simple"},"_links":{"self":[{"href":"https:\/\/www.otiumhome.fi\/index.php\/wp-json\/wp\/v2\/product\/188899","targetHints":{"allow":["GET"]}}],"collection":[{"href":"https:\/\/www.otiumhome.fi\/index.php\/wp-json\/wp\/v2\/product"}],"about":[{"href":"https:\/\/www.otiumhome.fi\/index.php\/wp-json\/wp\/v2\/types\/product"}],"replies":[{"embeddable":true,"href":"https:\/\/www.otiumhome.fi\/index.php\/wp-json\/wp\/v2\/comments?post=188899"}],"wp:featuredmedia":[{"embeddable":true,"href":"https:\/\/www.otiumhome.fi\/index.php\/wp-json\/"}],"wp:attachment":[{"href":"https:\/\/www.otiumhome.fi\/index.php\/wp-json\/wp\/v2\/media?parent=188899"}],"wp:term":[{"taxonomy":"product_brand","embeddable":true,"href":"https:\/\/www.otiumhome.fi\/index.php\/wp-json\/wp\/v2\/product_brand?post=188899"},{"taxonomy":"product_cat","embeddable":true,"href":"https:\/\/www.otiumhome.fi\/index.php\/wp-json\/wp\/v2\/product_cat?post=188899"},{"taxonomy":"product_tag","embeddable":true,"href":"https:\/\/www.otiumhome.fi\/index.php\/wp-json\/wp\/v2\/product_tag?post=188899"}],"curies":[{"name":"wp","href":"https:\/\/api.w.org\/{rel}","templated":true}]}}