{"id":188891,"date":"2025-11-14T03:55:36","date_gmt":"2025-11-14T03:55:36","guid":{"rendered":"https:\/\/www.otiumhome.fi\/?p=188891"},"modified":"2025-12-09T05:47:58","modified_gmt":"2025-12-09T05:47:58","slug":"poyta-hyllylla-savupahkina-91-x-50-x-149-cm-tekninen-puu","status":"publish","type":"product","link":"https:\/\/www.otiumhome.fi\/index.php\/tuote\/poyta-hyllylla-savupahkina-91-x-50-x-149-cm-tekninen-puu\/","title":{"rendered":"P\u00f6yt\u00e4 hyllyll\u00e4 Savup\u00e4hkin\u00e4 91 x 50 x 149 cm Tekninen puu"},"content":{"rendered":"<p>T\u00e4m\u00e4 teknisest\u00e4 puusta tehty s\u00e4ilytysp\u00f6yt\u00e4 tarjoaa modernin ratkaisun organisaatiotarpeisiin. Se on t\u00e4ydellinen kotitoimistolle tai opiskelutilalle \u2013 tyylik\u00e4s suorakulmainen muoto sopii moneen sisustukseen ja tarjoaa minimalistisen mutta k\u00e4yt\u00e4nn\u00f6llisen ty\u00f6tilan. P\u00f6yd\u00e4n sile\u00e4 pinta ja maalattu viimeistely ovat visuaalisesti houkuttelevia, luoden mukautuvan ymp\u00e4rist\u00f6n opiskelijoille, ammattilaisille tai kenelle tahansa, joka etsii toimivaa ty\u00f6tilaa. Sen k\u00e4yt\u00e4nn\u00f6lliset hyllyt tarjoavat riitt\u00e4v\u00e4sti s\u00e4ilytystilaa, tekev\u00e4t siit\u00e4 toimivan osan moderneissa ymp\u00e4rist\u00f6iss\u00e4.<\/p>\n<ul>\n<li><b>Teknisen puun rakenne:<\/b> T\u00e4m\u00e4 p\u00f6yt\u00e4 on valmistettu korkealaatuisesta teknisest\u00e4 puusta, joka on tunnettu kest\u00e4vyydest\u00e4\u00e4n. Materiaali takaa, ett\u00e4 p\u00f6yt\u00e4 kest\u00e4\u00e4 p\u00e4ivitt\u00e4ist\u00e4 k\u00e4ytt\u00f6\u00e4 ja s\u00e4ilytt\u00e4\u00e4 elegantin ilmeens\u00e4. Sile\u00e4 pinta tuo hienostuneisuutta ja parantaa p\u00f6yd\u00e4n kest\u00e4vyytt\u00e4.<\/li>\n<li><b>K\u00e4yt\u00e4nn\u00f6n s\u00e4ilytystasot:<\/b> Tarjoaa riitt\u00e4v\u00e4sti tilaa kirjoille, toimistotarvikkeille ja muille t\u00e4rkeille asioille levyhyllyjen avulla. Jokainen hylly on suunniteltu siten, ett\u00e4 p\u00e4\u00e4set helposti k\u00e4siksi ja n\u00e4et tavarasi, pit\u00e4en ty\u00f6tilasi siistin\u00e4.<\/li>\n<li><b>Moderni esteettinen vieh\u00e4tys:<\/b> P\u00f6yd\u00e4n puhtaat linjat ja matta pinta tuovat modernia tyyli\u00e4. Se sopii t\u00e4ydellisesti minimalistisiin tai nykyaikaisiin sisustuksiin ja sulautuu olohuoneisiin, kotitoimistoihin ja opiskelutiloihin.<\/li>\n<li><b>Mukautuva elintiloihin:<\/b> T\u00e4m\u00e4 p\u00f6yt\u00e4 istuu vaivattomasti olohuoneeseesi tai kotitoimistoosi. Kompaktikokonsa ansiosta se mukautuu erilaisiin tiloihin ilman ahtautta. Sen suora muotoilu ja toimivuus tekev\u00e4t siit\u00e4 erinomaisen vaihtoehdon kaikille, jotka kaipaavat monipuolista ty\u00f6tilaa.<\/li>\n<li><b>Vaivaton huolto:<\/b> Pid\u00e4 p\u00f6yt\u00e4 loistokunnossa pyyhkim\u00e4ll\u00e4 pinta kuivalla liinalla. V\u00e4lt\u00e4 voimakkaita kemikaaleja, jotta se pysyy raikkaana ilman suurta huoltovaatimusta.<\/li>\n<\/ul>\n<ul>\n<li>V\u00e4ri: Savup\u00e4hkin\u00e4<\/li>\n<li>Materiaali: Tekninen puu<\/li>\n<li>Yleiset mitat: 91 x 50 x 149 cm (P x L x K)<\/li>\n<li>Paino: 24,12 kg<\/li>\n<li>Kest\u00e4v\u00e4<\/li>\n<li>2 hyllyill\u00e4<\/li>\n<li>Kehysmateriaali: Tekninen puu<\/li>\n<li>Sis\u00e4- \/ ulkotiloissa: Vain sis\u00e4k\u00e4ytt\u00f6\u00f6n<\/li>\n<li>Toimitus-:<\/li>\n<li>1 x p\u00f6yt\u00e4<\/li>\n<li>Kokoonpano vaaditaan: Kyll\u00e4<\/li>\n<\/ul>\n","protected":false},"excerpt":{"rendered":"<ul>\n<li>V\u00e4ri: Savup\u00e4hkin\u00e4<\/li>\n<li>Materiaali: Tekninen puu<\/li>\n<li>Yleiset mitat: 91 x 50 x 149 cm (P x L x K)<\/li>\n<li>Paino: 24,12 kg<\/li>\n<li>Kest\u00e4v\u00e4<\/li>\n<li>2 hyllyill\u00e4<\/li>\n<li>Kehysmateriaali: Tekninen puu<\/li>\n<li>Sis\u00e4- \/ ulkotiloissa: Vain sis\u00e4k\u00e4ytt\u00f6\u00f6n<\/li>\n<li>Toimitus-:<\/li>\n<li>1 x p\u00f6yt\u00e4<\/li>\n<li>Kokoonpano vaaditaan: Kyll\u00e4<\/li>\n<\/ul>\n","protected":false},"featured_media":100000188891,"comment_status":"closed","ping_status":"closed","template":"","meta":[],"product_brand":[],"product_cat":[84,8551],"product_tag":[],"class_list":{"0":"post-188891","1":"product","2":"type-product","3":"status-publish","4":"has-post-thumbnail","6":"product_cat-huonekalut","7":"product_cat-kirjoituspoydat","9":"first","10":"instock","11":"taxable","12":"shipping-taxable","13":"purchasable","14":"product-type-simple"},"_links":{"self":[{"href":"https:\/\/www.otiumhome.fi\/index.php\/wp-json\/wp\/v2\/product\/188891","targetHints":{"allow":["GET"]}}],"collection":[{"href":"https:\/\/www.otiumhome.fi\/index.php\/wp-json\/wp\/v2\/product"}],"about":[{"href":"https:\/\/www.otiumhome.fi\/index.php\/wp-json\/wp\/v2\/types\/product"}],"replies":[{"embeddable":true,"href":"https:\/\/www.otiumhome.fi\/index.php\/wp-json\/wp\/v2\/comments?post=188891"}],"wp:featuredmedia":[{"embeddable":true,"href":"https:\/\/www.otiumhome.fi\/index.php\/wp-json\/"}],"wp:attachment":[{"href":"https:\/\/www.otiumhome.fi\/index.php\/wp-json\/wp\/v2\/media?parent=188891"}],"wp:term":[{"taxonomy":"product_brand","embeddable":true,"href":"https:\/\/www.otiumhome.fi\/index.php\/wp-json\/wp\/v2\/product_brand?post=188891"},{"taxonomy":"product_cat","embeddable":true,"href":"https:\/\/www.otiumhome.fi\/index.php\/wp-json\/wp\/v2\/product_cat?post=188891"},{"taxonomy":"product_tag","embeddable":true,"href":"https:\/\/www.otiumhome.fi\/index.php\/wp-json\/wp\/v2\/product_tag?post=188891"}],"curies":[{"name":"wp","href":"https:\/\/api.w.org\/{rel}","templated":true}]}}