{"id":188884,"date":"2025-11-14T03:55:34","date_gmt":"2025-11-14T03:55:34","guid":{"rendered":"https:\/\/www.otiumhome.fi\/?p=188884"},"modified":"2025-12-09T05:47:57","modified_gmt":"2025-12-09T05:47:57","slug":"seinakiinnitettava-poyta-hyllylla-musta-tammi-105-x-48-x-75-cm","status":"publish","type":"product","link":"https:\/\/www.otiumhome.fi\/index.php\/tuote\/seinakiinnitettava-poyta-hyllylla-musta-tammi-105-x-48-x-75-cm\/","title":{"rendered":"Sein\u00e4kiinnitett\u00e4v\u00e4 P\u00f6yt\u00e4 hyllyll\u00e4 Musta tammi 105 x 48 x 75 cm"},"content":{"rendered":"<p>T\u00e4m\u00e4 moderni sein\u00e4p\u00f6yt\u00e4 on t\u00e4ydellinen tyylikk\u00e4\u00e4seen tilaan, antaen sinulle toimivuutta ilman, ett\u00e4 ulkon\u00e4k\u00f6 k\u00e4rsii. Sen sulavalinjainen suorakaiteen muotoinen muotoilu yhdist\u00e4\u00e4 puun l\u00e4mp\u00f6\u00e4 ja tyylik\u00e4st\u00e4, modulaarista muotoilua, tehden siit\u00e4 just oikean kotitoimistoihin, joissa tila on rajallista.<\/p>\n<ul>\n<li><b>Tekninen puumateriaali<\/b> P\u00f6yt\u00e4 on valmistettu huippulaatuisesta teknisest\u00e4 puusta, joka on kest\u00e4v\u00e4 ja pitk\u00e4ik\u00e4inen. Teksturoitu pinta tuo ainutlaatuista tuntumaa, n\u00e4ytt\u00e4\u00e4 hyv\u00e4lt\u00e4 ja tuntuu miellytt\u00e4v\u00e4lt\u00e4 k\u00e4siss\u00e4, t\u00e4ydellinen p\u00e4ivitt\u00e4iseen k\u00e4ytt\u00f6\u00f6n, niin kotona kuin toimistossakin.<\/li>\n<li><b>Integroitu s\u00e4ilytysratkaisu<\/b> P\u00f6yd\u00e4ss\u00e4 on sujuvat levyhyllyt, jotka tarjoavat runsaasti tilaa kirjoille, laitteille ja muille t\u00e4rkeille tavaroille. N\u00e4m\u00e4 elegantit hyllyt pit\u00e4v\u00e4t kaiken j\u00e4rjestyksess\u00e4 samalla, kun ne n\u00e4ytt\u00e4v\u00e4t tyylikk\u00e4ilt\u00e4, lis\u00e4\u00e4m\u00e4ll\u00e4 sek\u00e4 k\u00e4yt\u00e4nn\u00f6llisyytt\u00e4 ett\u00e4 hyvi\u00e4 viboja.<\/li>\n<li><b>Moderni matta pinta<\/b> Se esittelee tyylik\u00e4st\u00e4 matta pintaa, joka tekee ty\u00f6tilastasi n\u00e4ytt\u00e4v\u00e4n hienolta, ilman ett\u00e4 se on liian r\u00e4ike\u00e4. T\u00e4m\u00e4 pinta korostaa p\u00f6yd\u00e4n eleganttia muotoa, muuttaen sen tyylikk\u00e4\u00e4ksi keskipisteeksi modernissa toimistossa.<\/li>\n<li><b>Tilan s\u00e4\u00e4st\u00f6 sein\u00e4kiinnitys<\/b> Suunniteltu s\u00e4\u00e4st\u00e4m\u00e4\u00e4n tilaa, t\u00e4m\u00e4 p\u00f6yt\u00e4 asennetaan suoraan sein\u00e4\u00e4n, vapauttaen lattiatilaa ja auttaen pit\u00e4m\u00e4\u00e4n asiat j\u00e4rjestyksess\u00e4. T\u00e4m\u00e4 ominaisuus tekee siit\u00e4 t\u00e4ydellisen valinnan pieniin huoneisiin tai minimalistisiin asetelmiin.<\/li>\n<li><b>Kootut ohjeet<\/b> Tarvitset kaksi ihmist\u00e4 ja ruuvimeisselin t\u00e4m\u00e4n p\u00f6yd\u00e4n asentamiseen. Yhdess\u00e4 ty\u00f6skentely varmistaa, ett\u00e4 kaikki loksahtaa paikoilleen, antaen sinulle turvallisen, tukevan p\u00f6yd\u00e4n, johon voi luottaa.<\/li>\n<\/ul>\n<ul>\n<li>V\u00e4ri: Musta tammi<\/li>\n<li>Materiaali: Tekninen puu<\/li>\n<li>Viimeistely: Matta<\/li>\n<li>Yleiset mitat: 105 x 48 x 75 cm (L x S x K)<\/li>\n<li>Paino: 18,9 kg<\/li>\n<li>Kest\u00e4v\u00e4<\/li>\n<li>S\u00e4ilytystila<\/li>\n<li>Hyllyll\u00e4<\/li>\n<li>Kehysmateriaali: Tekninen puu<\/li>\n<li>Sis\u00e4- \/ ulkotiloissa: Vain sis\u00e4k\u00e4ytt\u00f6\u00f6n<\/li>\n<li>Toimitus-:<\/li>\n<li>1 x p\u00f6yt\u00e4<\/li>\n<li>Kokoonpano vaaditaan: Kyll\u00e4<\/li>\n<li>Kiinnitys sis\u00e4lsi: Katto- \/ sein\u00e4kiinnitystarvikkeet &#8211; esim m\u00e4\u00e4r\u00e4tyt ruuvit tai sein\u00e4tulpat &#8211; eiv\u00e4t mukana<\/li>\n<\/ul>\n","protected":false},"excerpt":{"rendered":"<ul>\n<li>V\u00e4ri: Musta tammi<\/li>\n<li>Materiaali: Tekninen puu<\/li>\n<li>Viimeistely: Matta<\/li>\n<li>Yleiset mitat: 105 x 48 x 75 cm (L x S x K)<\/li>\n<li>Paino: 18,9 kg<\/li>\n<li>Kest\u00e4v\u00e4<\/li>\n<li>S\u00e4ilytystila<\/li>\n<li>Hyllyll\u00e4<\/li>\n<li>Kehysmateriaali: Tekninen puu<\/li>\n<li>Sis\u00e4- \/ ulkotiloissa: Vain sis\u00e4k\u00e4ytt\u00f6\u00f6n<\/li>\n<li>Toimitus-:<\/li>\n<li>1 x p\u00f6yt\u00e4<\/li>\n<li>Kokoonpano vaaditaan: Kyll\u00e4<\/li>\n<li>Kiinnitys sis\u00e4lsi: Katto- \/ sein\u00e4kiinnitystarvikkeet &#8211; esim m\u00e4\u00e4r\u00e4tyt ruuvit tai sein\u00e4tulpat &#8211; eiv\u00e4t mukana<\/li>\n<\/ul>\n","protected":false},"featured_media":100000188884,"comment_status":"closed","ping_status":"closed","template":"","meta":[],"product_brand":[],"product_cat":[84,8551],"product_tag":[],"class_list":{"0":"post-188884","1":"product","2":"type-product","3":"status-publish","4":"has-post-thumbnail","6":"product_cat-huonekalut","7":"product_cat-kirjoituspoydat","9":"first","10":"instock","11":"taxable","12":"shipping-taxable","13":"purchasable","14":"product-type-simple"},"_links":{"self":[{"href":"https:\/\/www.otiumhome.fi\/index.php\/wp-json\/wp\/v2\/product\/188884","targetHints":{"allow":["GET"]}}],"collection":[{"href":"https:\/\/www.otiumhome.fi\/index.php\/wp-json\/wp\/v2\/product"}],"about":[{"href":"https:\/\/www.otiumhome.fi\/index.php\/wp-json\/wp\/v2\/types\/product"}],"replies":[{"embeddable":true,"href":"https:\/\/www.otiumhome.fi\/index.php\/wp-json\/wp\/v2\/comments?post=188884"}],"wp:featuredmedia":[{"embeddable":true,"href":"https:\/\/www.otiumhome.fi\/index.php\/wp-json\/"}],"wp:attachment":[{"href":"https:\/\/www.otiumhome.fi\/index.php\/wp-json\/wp\/v2\/media?parent=188884"}],"wp:term":[{"taxonomy":"product_brand","embeddable":true,"href":"https:\/\/www.otiumhome.fi\/index.php\/wp-json\/wp\/v2\/product_brand?post=188884"},{"taxonomy":"product_cat","embeddable":true,"href":"https:\/\/www.otiumhome.fi\/index.php\/wp-json\/wp\/v2\/product_cat?post=188884"},{"taxonomy":"product_tag","embeddable":true,"href":"https:\/\/www.otiumhome.fi\/index.php\/wp-json\/wp\/v2\/product_tag?post=188884"}],"curies":[{"name":"wp","href":"https:\/\/api.w.org\/{rel}","templated":true}]}}