{"id":188872,"date":"2025-11-14T03:55:30","date_gmt":"2025-11-14T03:55:30","guid":{"rendered":"https:\/\/www.otiumhome.fi\/?p=188872"},"modified":"2025-12-09T05:47:56","modified_gmt":"2025-12-09T05:47:56","slug":"poyta-ovella-musta-tammi-100-x-49-x-74-cm-tekninen-puu","status":"publish","type":"product","link":"https:\/\/www.otiumhome.fi\/index.php\/tuote\/poyta-ovella-musta-tammi-100-x-49-x-74-cm-tekninen-puu\/","title":{"rendered":"P\u00f6yt\u00e4 ovella Musta tammi. 100 x 49 x 74 cm Tekninen puu"},"content":{"rendered":"<p>T\u00e4m\u00e4 moderni ty\u00f6p\u00f6yt\u00e4 yhdist\u00e4\u00e4 k\u00e4yt\u00e4nn\u00f6llisyyden ja tyylin. Teknisest\u00e4 puusta valmistettu p\u00f6yt\u00e4 tarjoaa tasaisen ja tukevan pinnan, joka on t\u00e4ydellinen tuottavuuteen. Se sopii erinomaisesti opiskeluun tai kotitoimistoon, ja sen yksinkertaiset linjat ja v\u00e4h\u00e4inen koristelu heijastavat nykyaikaista muotoilua. T\u00e4m\u00e4 p\u00f6yt\u00e4 k\u00e4y moneen, kuten kirjoittamiseen tai digitaaliseen ty\u00f6h\u00f6n, ja sen hillitty tyyli tekee siit\u00e4 monik\u00e4ytt\u00f6isen sisustukseen.<\/p>\n<ul>\n<li><b>Materiaalin laatu:<\/b> Teknisest\u00e4 puusta valmistettu p\u00f6yt\u00e4 on vakaa ja n\u00e4ytt\u00e4\u00e4 hyv\u00e4lt\u00e4. Se on kest\u00e4v\u00e4, eik\u00e4 tyylin tarvitse j\u00e4\u00e4d\u00e4 toiseksi.<\/li>\n<li><b>Integroitu varastointi:<\/b> Useat laatikot tarjoavat tilaa asiakirjoille ja toimistotarvikkeille. Helppo p\u00e4\u00e4sy perinteisin mekanismein pit\u00e4\u00e4 pinnan siistin\u00e4.<\/li>\n<li><b>Moderni tyyli:<\/b> Puhdas linja ja minimalistinen muotoilu sopivat nykyaikaisiin sisustuksiin. Luoden j\u00e4rkev\u00e4n ty\u00f6yst\u00e4v\u00e4n, se auttaa keskittym\u00e4\u00e4n ja olemaan luova.<\/li>\n<li><b>Toiminnallisuus keski\u00f6ss\u00e4:<\/b> Kivasti tilava ty\u00f6pinta tekee t\u00e4st\u00e4 t\u00e4ydellisen tietokoneelle ja kirjoitusv\u00e4lineille. Se kannustaa siistiin ty\u00f6tilaan ja tehostaa tekee ty\u00f6nteosta sujuvaa.<\/li>\n<li><b>Helppo kokoaminen:<\/b> Kokoamista varten tarvitaan vain kaksi henkil\u00f6\u00e4 ja ruuvimeisseli. Ohjeita seuraamalla saat ty\u00f6n tehty\u00e4 nopeasti ja tehokkaasti.<\/li>\n<\/ul>\n<ul>\n<li>V\u00e4ri: Musta tammi.<\/li>\n<li>Materiaali: Tekninen puu<\/li>\n<li>Yleiset mitat: 100 x 49 x 74 cm (P x L x K)<\/li>\n<li>Paino: 27 kg<\/li>\n<li>Kest\u00e4v\u00e4<\/li>\n<li>Laatikolla<\/li>\n<li>1 ovella<\/li>\n<li>Sis\u00e4- \/ ulkotiloissa: Vain sis\u00e4k\u00e4ytt\u00f6\u00f6n<\/li>\n<li>Kokoonpano vaaditaan: Kyll\u00e4<\/li>\n<\/ul>\n","protected":false},"excerpt":{"rendered":"<ul>\n<li>V\u00e4ri: Musta tammi.<\/li>\n<li>Materiaali: Tekninen puu<\/li>\n<li>Yleiset mitat: 100 x 49 x 74 cm (P x L x K)<\/li>\n<li>Paino: 27 kg<\/li>\n<li>Kest\u00e4v\u00e4<\/li>\n<li>Laatikolla<\/li>\n<li>1 ovella<\/li>\n<li>Sis\u00e4- \/ ulkotiloissa: Vain sis\u00e4k\u00e4ytt\u00f6\u00f6n<\/li>\n<li>Kokoonpano vaaditaan: Kyll\u00e4<\/li>\n<\/ul>\n","protected":false},"featured_media":100000188872,"comment_status":"closed","ping_status":"closed","template":"","meta":[],"product_brand":[],"product_cat":[84,8551],"product_tag":[],"class_list":{"0":"post-188872","1":"product","2":"type-product","3":"status-publish","4":"has-post-thumbnail","6":"product_cat-huonekalut","7":"product_cat-kirjoituspoydat","9":"first","10":"instock","11":"taxable","12":"shipping-taxable","13":"purchasable","14":"product-type-simple"},"_links":{"self":[{"href":"https:\/\/www.otiumhome.fi\/index.php\/wp-json\/wp\/v2\/product\/188872","targetHints":{"allow":["GET"]}}],"collection":[{"href":"https:\/\/www.otiumhome.fi\/index.php\/wp-json\/wp\/v2\/product"}],"about":[{"href":"https:\/\/www.otiumhome.fi\/index.php\/wp-json\/wp\/v2\/types\/product"}],"replies":[{"embeddable":true,"href":"https:\/\/www.otiumhome.fi\/index.php\/wp-json\/wp\/v2\/comments?post=188872"}],"wp:featuredmedia":[{"embeddable":true,"href":"https:\/\/www.otiumhome.fi\/index.php\/wp-json\/"}],"wp:attachment":[{"href":"https:\/\/www.otiumhome.fi\/index.php\/wp-json\/wp\/v2\/media?parent=188872"}],"wp:term":[{"taxonomy":"product_brand","embeddable":true,"href":"https:\/\/www.otiumhome.fi\/index.php\/wp-json\/wp\/v2\/product_brand?post=188872"},{"taxonomy":"product_cat","embeddable":true,"href":"https:\/\/www.otiumhome.fi\/index.php\/wp-json\/wp\/v2\/product_cat?post=188872"},{"taxonomy":"product_tag","embeddable":true,"href":"https:\/\/www.otiumhome.fi\/index.php\/wp-json\/wp\/v2\/product_tag?post=188872"}],"curies":[{"name":"wp","href":"https:\/\/api.w.org\/{rel}","templated":true}]}}