{"id":188870,"date":"2025-11-14T03:55:30","date_gmt":"2025-11-14T03:55:30","guid":{"rendered":"https:\/\/www.otiumhome.fi\/?p=188870"},"modified":"2025-12-09T05:47:56","modified_gmt":"2025-12-09T05:47:56","slug":"poyta-ovella-musta-tammi-100-x-50-x-75-cm-tekninen-puu","status":"publish","type":"product","link":"https:\/\/www.otiumhome.fi\/index.php\/tuote\/poyta-ovella-musta-tammi-100-x-50-x-75-cm-tekninen-puu\/","title":{"rendered":"P\u00f6yt\u00e4 ovella Musta tammi. 100 x 50 x 75 cm Tekninen puu"},"content":{"rendered":"<p>T\u00e4m\u00e4 suorakulmainen p\u00f6yt\u00e4 s\u00e4ilytystilalla yhdist\u00e4\u00e4 muodon ja toiminnan. Se tarjoaa tyylikk\u00e4\u00e4n kirjoituspinnan ylim\u00e4\u00e4r\u00e4isell\u00e4 s\u00e4ilytystilalla. P\u00f6yd\u00e4n yksinkertainen ja moderni tyyli tekee siit\u00e4 erinomaisen valinnan mihin tahansa toimistoon tai opiskelutilaan, ja se parantaa ty\u00f6tilasi estetiikkaa. Valmistettu teknisest\u00e4 puusta, t\u00e4m\u00e4 p\u00f6yt\u00e4 on sek\u00e4 tyylik\u00e4s ett\u00e4 k\u00e4yt\u00e4nn\u00f6llinen, ja siin\u00e4 on tilaa kannettaville tietokoneille, kirjoitustarvikkeille ja muille muutamille sisustuselementeille.<\/p>\n<ul>\n<li><b>Moderni yksinkertaisuus:<\/b> T\u00e4m\u00e4 p\u00f6yt\u00e4 yhdist\u00e4\u00e4 puhtaat linjat ja minimaalisen dekoroinnin, tarjoten sek\u00e4 kauneutta ett\u00e4 k\u00e4yt\u00e4nn\u00f6llisyytt\u00e4. Sen muotoilu sopii t\u00e4ydellisesti nykyaikaisiin ty\u00f6ymp\u00e4rist\u00f6ihin, joten se on mainio valinta esteetti\u00e4 arvostaville.<\/li>\n<li><b>Toiminnalliset s\u00e4ilytysmahdollisuudet:<\/b> Sis\u00e4ll\u00e4\u00e4n laatikoita, joka auttaa pit\u00e4m\u00e4\u00e4n t\u00e4rke\u00e4t paperit ja ty\u00f6kalut j\u00e4rjestettyin\u00e4. Perinteiset laatikkomekanismit tekev\u00e4t p\u00e4\u00e4syst\u00e4 helppoa, joten sekasotkua ei p\u00e4\u00e4se syntym\u00e4\u00e4n.<\/li>\n<li><b>Kest\u00e4v\u00e4 rakenne:<\/b> T\u00e4m\u00e4 p\u00f6yt\u00e4 on valmistettu kest\u00e4v\u00e4st\u00e4 teknisest\u00e4 puusta, joka takaa luotettavan suorituskyvyn. Laadukas materiaali pit\u00e4\u00e4 sen raikkaana ja uutena my\u00f6s ajan my\u00f6t\u00e4.<\/li>\n<li><b>Tehokas kokoontuminen:<\/b> Vaikka kokoamiseen tarvitaan parilta henkil\u00f6lt\u00e4 ruuvimeisseli, selke\u00e4t ohjeet tekev\u00e4t siit\u00e4 helppoa. P\u00f6yd\u00e4n tukeva rakenne takaa, ett\u00e4 se pysyy paikallaan mihin tahansa huoneeseen.<\/li>\n<li><b>Monipuoliset k\u00e4ytt\u00f6tarkoitukset:<\/b> Sopii opiskeluhuoneisiin, kotitoimistoihin tai pieniin ty\u00f6tiloihin. Sen muotoilu tukee monia aktiviteetteja, oli sitten kyseess\u00e4 kirjoittaminen, tietokoneella ty\u00f6skentely tai luovuus. T\u00e4m\u00e4 p\u00f6yt\u00e4 vastaa monenlaisten k\u00e4ytt\u00e4jien tarpeisiin, jotka etsiv\u00e4t sek\u00e4 tyyli\u00e4 ett\u00e4 k\u00e4yt\u00e4nn\u00f6llisyytt\u00e4.<\/li>\n<\/ul>\n<ul>\n<li>V\u00e4ri: Musta tammi.<\/li>\n<li>Materiaali: Tekninen puu<\/li>\n<li>Yleiset mitat: 100 x 50 x 75 cm (P x L x K)<\/li>\n<li>Paino: 26 kg<\/li>\n<li>Kest\u00e4v\u00e4<\/li>\n<li>Laatikolla<\/li>\n<li>Kehysmateriaali: Tekninen puu<\/li>\n<li>1 ovella<\/li>\n<li>Sis\u00e4- \/ ulkotiloissa: Vain sis\u00e4k\u00e4ytt\u00f6\u00f6n<\/li>\n<li>Toimitus-:<\/li>\n<li>1 x p\u00f6yt\u00e4<\/li>\n<li>Kokoonpano vaaditaan: Kyll\u00e4<\/li>\n<\/ul>\n","protected":false},"excerpt":{"rendered":"<ul>\n<li>V\u00e4ri: Musta tammi.<\/li>\n<li>Materiaali: Tekninen puu<\/li>\n<li>Yleiset mitat: 100 x 50 x 75 cm (P x L x K)<\/li>\n<li>Paino: 26 kg<\/li>\n<li>Kest\u00e4v\u00e4<\/li>\n<li>Laatikolla<\/li>\n<li>Kehysmateriaali: Tekninen puu<\/li>\n<li>1 ovella<\/li>\n<li>Sis\u00e4- \/ ulkotiloissa: Vain sis\u00e4k\u00e4ytt\u00f6\u00f6n<\/li>\n<li>Toimitus-:<\/li>\n<li>1 x p\u00f6yt\u00e4<\/li>\n<li>Kokoonpano vaaditaan: Kyll\u00e4<\/li>\n<\/ul>\n","protected":false},"featured_media":100000188870,"comment_status":"closed","ping_status":"closed","template":"","meta":[],"product_brand":[],"product_cat":[84,8551],"product_tag":[],"class_list":{"0":"post-188870","1":"product","2":"type-product","3":"status-publish","4":"has-post-thumbnail","6":"product_cat-huonekalut","7":"product_cat-kirjoituspoydat","9":"first","10":"instock","11":"taxable","12":"shipping-taxable","13":"purchasable","14":"product-type-simple"},"_links":{"self":[{"href":"https:\/\/www.otiumhome.fi\/index.php\/wp-json\/wp\/v2\/product\/188870","targetHints":{"allow":["GET"]}}],"collection":[{"href":"https:\/\/www.otiumhome.fi\/index.php\/wp-json\/wp\/v2\/product"}],"about":[{"href":"https:\/\/www.otiumhome.fi\/index.php\/wp-json\/wp\/v2\/types\/product"}],"replies":[{"embeddable":true,"href":"https:\/\/www.otiumhome.fi\/index.php\/wp-json\/wp\/v2\/comments?post=188870"}],"wp:featuredmedia":[{"embeddable":true,"href":"https:\/\/www.otiumhome.fi\/index.php\/wp-json\/"}],"wp:attachment":[{"href":"https:\/\/www.otiumhome.fi\/index.php\/wp-json\/wp\/v2\/media?parent=188870"}],"wp:term":[{"taxonomy":"product_brand","embeddable":true,"href":"https:\/\/www.otiumhome.fi\/index.php\/wp-json\/wp\/v2\/product_brand?post=188870"},{"taxonomy":"product_cat","embeddable":true,"href":"https:\/\/www.otiumhome.fi\/index.php\/wp-json\/wp\/v2\/product_cat?post=188870"},{"taxonomy":"product_tag","embeddable":true,"href":"https:\/\/www.otiumhome.fi\/index.php\/wp-json\/wp\/v2\/product_tag?post=188870"}],"curies":[{"name":"wp","href":"https:\/\/api.w.org\/{rel}","templated":true}]}}