{"id":188862,"date":"2025-11-14T03:55:27","date_gmt":"2025-11-14T03:55:27","guid":{"rendered":"https:\/\/www.otiumhome.fi\/?p=188862"},"modified":"2025-12-09T06:07:41","modified_gmt":"2025-12-09T06:07:41","slug":"poyta-laatikon-kanssa-vanha-puu-100-x-50-x-76-cm-tekninen-puu","status":"publish","type":"product","link":"https:\/\/www.otiumhome.fi\/index.php\/tuote\/poyta-laatikon-kanssa-vanha-puu-100-x-50-x-76-cm-tekninen-puu\/","title":{"rendered":"P\u00f6yt\u00e4 laatikon kanssa Vanha puu 100 x 50 x 76 cm Tekninen puu"},"content":{"rendered":"<p>T\u00e4\u00e4 tyylik\u00e4s ty\u00f6p\u00f6yt\u00e4, jossa on elegantti suorakaiteen muoto, on pakollinen hankinta kotitoimistoihin tai ty\u00f6huoneisiin. Valmistettu laadukkaasta teknisest\u00e4 puusta, mik\u00e4 takaa modernin ilmeen ja sulautuu hyvin siisteihin sisustuksiin. Kompakti koko (100 x 50 x 76 cm) tekee siit\u00e4 just sopivan pienille tiloille \u2013 t\u00e4ydellinen opiskelijoille ja ammattilaisille, jotka tarvitsee oman tilan kirjoittamiseen tai tietokoneen k\u00e4ytt\u00f6\u00f6n.<\/p>\n<ul>\n<li><b>Premium materiaalit:<\/b> P\u00f6yt\u00e4 on tehty teknisest\u00e4 puusta, joka on kest\u00e4v\u00e4 ja mukava ty\u00f6skennell\u00e4, ideaalinen arkeen. Se kest\u00e4\u00e4 aikaa my\u00f6s esteettisesti ja parantaa tuottavuutta vakauden ansiosta.<\/li>\n<li><b>Toiminnalliset komponentit:<\/b> Varustettu metallikahvoilla, jotka tekee k\u00e4yt\u00f6st\u00e4 vaivatonta. Laatikot on hyvi\u00e4 s\u00e4ilytysratkaisuja, edist\u00e4en j\u00e4rjestyksess\u00e4 pysymist\u00e4. Metallitangot lis\u00e4\u00e4 tyyli\u00e4 ja tukee p\u00f6yd\u00e4n minimalistista designia.<\/li>\n<li><b>Tyylikk\u00e4\u00e4t ominaisuudet:<\/b> T\u00e4ss\u00e4 modernissa p\u00f6yd\u00e4ss\u00e4 yhdistyy yksinkertaisuus ja toimivuus, mik\u00e4 tuo monipuolisuutta ja eleganssia. Muotoilu helpottaa integroimista eri huoneisiin ja tukee nykyaikaisia ty\u00f6tiloja.<\/li>\n<li><b>Monipuoliset k\u00e4ytt\u00f6tavat:<\/b> T\u00e4\u00e4 p\u00f6yt\u00e4 sopii opiskeluymp\u00e4rist\u00f6ihin, kotitoimistoihin tai pieniin ty\u00f6pisteisiin. Se tukee kirjoittamista, kannettavien k\u00e4ytt\u00f6\u00e4 ja luovia projekteja, mik\u00e4 tekee siit\u00e4 \u00e4lykk\u00e4\u00e4n valinnan.<\/li>\n<li><b>Helppo huolto &amp; yll\u00e4pito:<\/b> Pid\u00e4 p\u00f6yd\u00e4n ulkon\u00e4k\u00f6 hyv\u00e4n\u00e4 pyyhk\u00e4sem\u00e4ll\u00e4 se kuivalla liinalla. Suunniteltu vain sis\u00e4tiloihin, t\u00e4m\u00e4 p\u00f6yt\u00e4 tarjoaa pitk\u00e4ik\u00e4ist\u00e4 k\u00e4ytt\u00f6\u00e4 vaivattomasti.<\/li>\n<\/ul>\n<ul>\n<li>V\u00e4ri: Vanha puu<\/li>\n<li>Materiaali: Tekninen puu<\/li>\n<li>Yleiset mitat: 100 x 50 x 76 cm (P x L x K)<\/li>\n<li>Paino: 18,78 kg<\/li>\n<li>Kest\u00e4v\u00e4<\/li>\n<li>Yhdell\u00e4 laatikolla<\/li>\n<li>Kehysmateriaali: Tekninen puu<\/li>\n<li>Enimm\u00e4ispaino: 75 kg<\/li>\n<li>Vain sis\u00e4k\u00e4ytt\u00f6\u00f6n<\/li>\n<li>Toimitus-:<\/li>\n<li>1 x p\u00f6yt\u00e4<\/li>\n<li>Kokoonpano vaaditaan: Kyll\u00e4<\/li>\n<\/ul>\n","protected":false},"excerpt":{"rendered":"<ul>\n<li>V\u00e4ri: Vanha puu<\/li>\n<li>Materiaali: Tekninen puu<\/li>\n<li>Yleiset mitat: 100 x 50 x 76 cm (P x L x K)<\/li>\n<li>Paino: 18,78 kg<\/li>\n<li>Kest\u00e4v\u00e4<\/li>\n<li>Yhdell\u00e4 laatikolla<\/li>\n<li>Kehysmateriaali: Tekninen puu<\/li>\n<li>Enimm\u00e4ispaino: 75 kg<\/li>\n<li>Vain sis\u00e4k\u00e4ytt\u00f6\u00f6n<\/li>\n<li>Toimitus-:<\/li>\n<li>1 x p\u00f6yt\u00e4<\/li>\n<li>Kokoonpano vaaditaan: Kyll\u00e4<\/li>\n<\/ul>\n","protected":false},"featured_media":100000188862,"comment_status":"closed","ping_status":"closed","template":"","meta":[],"product_brand":[],"product_cat":[84,8551],"product_tag":[],"class_list":{"0":"post-188862","1":"product","2":"type-product","3":"status-publish","4":"has-post-thumbnail","6":"product_cat-huonekalut","7":"product_cat-kirjoituspoydat","9":"first","10":"instock","11":"taxable","12":"shipping-taxable","13":"purchasable","14":"product-type-simple"},"_links":{"self":[{"href":"https:\/\/www.otiumhome.fi\/index.php\/wp-json\/wp\/v2\/product\/188862","targetHints":{"allow":["GET"]}}],"collection":[{"href":"https:\/\/www.otiumhome.fi\/index.php\/wp-json\/wp\/v2\/product"}],"about":[{"href":"https:\/\/www.otiumhome.fi\/index.php\/wp-json\/wp\/v2\/types\/product"}],"replies":[{"embeddable":true,"href":"https:\/\/www.otiumhome.fi\/index.php\/wp-json\/wp\/v2\/comments?post=188862"}],"wp:featuredmedia":[{"embeddable":true,"href":"https:\/\/www.otiumhome.fi\/index.php\/wp-json\/"}],"wp:attachment":[{"href":"https:\/\/www.otiumhome.fi\/index.php\/wp-json\/wp\/v2\/media?parent=188862"}],"wp:term":[{"taxonomy":"product_brand","embeddable":true,"href":"https:\/\/www.otiumhome.fi\/index.php\/wp-json\/wp\/v2\/product_brand?post=188862"},{"taxonomy":"product_cat","embeddable":true,"href":"https:\/\/www.otiumhome.fi\/index.php\/wp-json\/wp\/v2\/product_cat?post=188862"},{"taxonomy":"product_tag","embeddable":true,"href":"https:\/\/www.otiumhome.fi\/index.php\/wp-json\/wp\/v2\/product_tag?post=188862"}],"curies":[{"name":"wp","href":"https:\/\/api.w.org\/{rel}","templated":true}]}}