{"id":188696,"date":"2025-11-14T03:35:42","date_gmt":"2025-11-14T03:35:42","guid":{"rendered":"https:\/\/www.otiumhome.fi\/?p=188696"},"modified":"2025-12-09T05:45:41","modified_gmt":"2025-12-09T05:45:41","slug":"kirjahylly-artisan-tammi-40-x-30-x-85-cm-tekninen-puu","status":"publish","type":"product","link":"https:\/\/www.otiumhome.fi\/index.php\/tuote\/kirjahylly-artisan-tammi-40-x-30-x-85-cm-tekninen-puu\/","title":{"rendered":"Kirjahylly Artisan tammi 40 x 30 x 85 cm Tekninen puu"},"content":{"rendered":"<p>T\u00e4m\u00e4 itsen\u00e4inen kerroshylly tuo esiin kaupunkiteollisen muotoilun tyylill\u00e4. Ihanteellinen opiskelutilaan tai mihin tahansa huoneeseen, joka kaipaa toimivaa ja tyylik\u00e4st\u00e4 s\u00e4ilytystilaa. Se tarjoaa monenlaista tilaa kirjojen, koristeiden ja muiden tavaroiden j\u00e4rjest\u00e4miseen. J\u00e4m\u00e4k\u00e4t linjat ja raaka materiaalikin tuovat esiin sen teollisen luonteen, joka tekee siit\u00e4 tilasi keskipisteen.<\/p>\n<ul><\/br> <\/p>\n<li><b>Laminoidut puuhyllyt:<\/b> Hylly on laminoitua puuta, mik\u00e4 tekee siit\u00e4 kest\u00e4v\u00e4n ja helppok\u00e4ytt\u00f6isen. Kulutuskest\u00e4v\u00e4 pinta on helppo puhdistaa, soveltuen hyvin niin koriste-esineille kuin arjen tarpeille.<\/li>\n<p><\/br> <\/p>\n<li><b>Kerroshyllydesign:<\/b> Kirjahylly tarjoaa runsaasti tilaa suosikkikirjojesi j\u00e4rjest\u00e4miseen. Hyllyjen v\u00e4lit voi k\u00e4ytt\u00e4\u00e4 luovia esillepanoja varten, ja tilaa l\u00f6ytyy erikokoisille kirjoille.<\/li>\n<p><\/br> <\/p>\n<li><b>Musta ter\u00e4srunko:<\/b> Tukevasta ter\u00e4ksest\u00e4 valmistettu runko, mustalla pinnalla, tuo voimaa ja tyyli\u00e4. Sen rakenne kest\u00e4\u00e4 painoa, mik\u00e4 takaa turvallisen asennuksen.<\/li>\n<p><\/br> <\/p>\n<li><b>Kasaaminen vaaditaan:<\/b> Kirjahyllyn kokoaminen vaatii kahdelta henkil\u00f6lt\u00e4 ruuvimeisselin. Ohjeet auttavat kasaamisessa, mik\u00e4 varmistaa tukevan rakenteen, joka kest\u00e4\u00e4 aikaa.<\/li>\n<p><\/br> <\/p>\n<li><b>Ihanteellinen sis\u00e4k\u00e4ytt\u00f6\u00f6n:<\/b> Suunniteltu sis\u00e4tiloihin, t\u00e4m\u00e4 kirjahylly on t\u00e4ydellinen opiskeluhuoneisiin tai olohuoneisiin. Sen teollinen vieh\u00e4tys yhdistyy moderniin sisustukseen, tuoden kaupunkimaista s\u00e4ihkett\u00e4.\n<ul>\n<li>V\u00e4ri: Artisan tammi<\/li>\n<li>Materiaali: Tekninen puu<\/li>\n<li>Yleiset mitat: 80 x 30 x 50 cm (P x L x K)<\/li>\n<li>Mukana kerroshyllyt<\/li>\n<li>Kest\u00e4v\u00e4<\/li>\n<li>Enimm\u00e4ispaino: 60 kg<\/li>\n<li>Kokoonpano vaaditaan: Kyll\u00e4<\/li>\n<\/ul>\n","protected":false},"excerpt":{"rendered":"<ul>\n<li>V\u00e4ri: Artisan tammi<\/li>\n<li>Materiaali: Tekninen puu<\/li>\n<li>Yleiset mitat: 80 x 30 x 50 cm (P x L x K)<\/li>\n<li>Mukana kerroshyllyt<\/li>\n<li>Kest\u00e4v\u00e4<\/li>\n<li>Enimm\u00e4ispaino: 60 kg<\/li>\n<li>Kokoonpano vaaditaan: Kyll\u00e4<\/li>\n<\/ul>\n","protected":false},"featured_media":100000188696,"comment_status":"closed","ping_status":"closed","template":"","meta":[],"product_brand":[],"product_cat":[84,8547],"product_tag":[],"class_list":{"0":"post-188696","1":"product","2":"type-product","3":"status-publish","4":"has-post-thumbnail","6":"product_cat-huonekalut","7":"product_cat-kirjahyllyt","9":"first","10":"instock","11":"taxable","12":"shipping-taxable","13":"purchasable","14":"product-type-simple"},"_links":{"self":[{"href":"https:\/\/www.otiumhome.fi\/index.php\/wp-json\/wp\/v2\/product\/188696","targetHints":{"allow":["GET"]}}],"collection":[{"href":"https:\/\/www.otiumhome.fi\/index.php\/wp-json\/wp\/v2\/product"}],"about":[{"href":"https:\/\/www.otiumhome.fi\/index.php\/wp-json\/wp\/v2\/types\/product"}],"replies":[{"embeddable":true,"href":"https:\/\/www.otiumhome.fi\/index.php\/wp-json\/wp\/v2\/comments?post=188696"}],"wp:featuredmedia":[{"embeddable":true,"href":"https:\/\/www.otiumhome.fi\/index.php\/wp-json\/"}],"wp:attachment":[{"href":"https:\/\/www.otiumhome.fi\/index.php\/wp-json\/wp\/v2\/media?parent=188696"}],"wp:term":[{"taxonomy":"product_brand","embeddable":true,"href":"https:\/\/www.otiumhome.fi\/index.php\/wp-json\/wp\/v2\/product_brand?post=188696"},{"taxonomy":"product_cat","embeddable":true,"href":"https:\/\/www.otiumhome.fi\/index.php\/wp-json\/wp\/v2\/product_cat?post=188696"},{"taxonomy":"product_tag","embeddable":true,"href":"https:\/\/www.otiumhome.fi\/index.php\/wp-json\/wp\/v2\/product_tag?post=188696"}],"curies":[{"name":"wp","href":"https:\/\/api.w.org\/{rel}","templated":true}]}}