{"id":188401,"date":"2025-11-14T03:01:37","date_gmt":"2025-11-14T03:01:37","guid":{"rendered":"https:\/\/www.otiumhome.fi\/?p=188401"},"modified":"2025-12-14T05:45:40","modified_gmt":"2025-12-14T05:45:40","slug":"baaripoyta-hyllylla-musta-tammi-60-x-60-x-100-cm-tekninen-puu","status":"publish","type":"product","link":"https:\/\/www.otiumhome.fi\/index.php\/tuote\/baaripoyta-hyllylla-musta-tammi-60-x-60-x-100-cm-tekninen-puu\/","title":{"rendered":"Baarip\u00f6yt\u00e4 hyllyll\u00e4 Musta tammi. 60 x 60 x 100 cm Tekninen puu"},"content":{"rendered":"<p>T\u00e4m\u00e4 moderni baarip\u00f6yt\u00e4 tuo tyyli\u00e4 mihin tahansa kotiin. Sen suorakulmainen muoto ja teksturoitu pinta erottavat sen ruokailutiloissa. Trendik\u00e4s ulkon\u00e4k\u00f6 tekee t\u00e4st\u00e4 p\u00f6yd\u00e4st\u00e4 loistavan lis\u00e4n urbaaniin tai minimalistiseen kotiin. Se toimii upeasti keskipisteen\u00e4 kokoontumisille tai jopa yksin sy\u00f6miseen.<\/p>\n<ul>\n<li><b>Materiaalit:<\/b> T\u00e4m\u00e4 p\u00f6yt\u00e4 on valmistettu kest\u00e4v\u00e4st\u00e4 teknisest\u00e4 puusta, joka tarjoaa luotettavan paikan sy\u00f6d\u00e4 ja seurustella. Se on rakennettu kest\u00e4m\u00e4\u00e4n ja sen teksturoitu pinta antaa lis\u00e4\u00e4 ilmett\u00e4.<\/li>\n<li><b>Sis\u00e4lt\u00f6komponentit:<\/b> P\u00f6yd\u00e4ss\u00e4 on korkealaatuinen teknisest\u00e4 puusta valmistettu hylly, johon mahtuu baaritarvikkeet, kirjat tai koristeet, joten se on todella toimiva.<\/li>\n<li><b>Ominaisuudet \/ Toiminnot \/ Suunnittelu:<\/b> T\u00e4m\u00e4 baarip\u00f6yt\u00e4 on t\u00e4ydellinen valinta, jos pid\u00e4t minimalistisesta tyylist\u00e4 tai is\u00e4nn\u00f6it usein. Hylly lis\u00e4\u00e4 s\u00e4ilytystilaa ja yhdist\u00e4\u00e4 k\u00e4yt\u00e4nn\u00f6llisyyden ja tyylin.<\/li>\n<li><b>Suositellut k\u00e4ytt\u00f6tavat:<\/b> Hyv\u00e4 ruokasaleihin, rentoihin aterioihin, cocktaileihin yst\u00e4vien kanssa tai ty\u00f6p\u00f6yd\u00e4ksi. Korkeus sopii hyvin baarituolien kanssa, joten se toimii moneen k\u00e4ytt\u00f6\u00f6n.<\/li>\n<li><b>Hoito &amp; yll\u00e4pito:<\/b> Pid\u00e4 se hyv\u00e4ss\u00e4 kunnossa pyyhkim\u00e4ll\u00e4 pehme\u00e4ll\u00e4 liinalla ja v\u00e4lt\u00e4 voimakkaita kemikaaleja. N\u00e4in mattapinta pysyy hyv\u00e4n\u00e4 ja huoltaminen on helppoa.<\/li>\n<\/ul>\n<ul>\n<li>V\u00e4ri: Musta tammi.<\/li>\n<li>Materiaali: Tekninen puu<\/li>\n<li>Yleiset mitat: 60 x 60 x 100 cm (P x L x K)<\/li>\n<li>Paino: 18,2 kg<\/li>\n<li>3 hyllyill\u00e4<\/li>\n<li>Kehysmateriaali: Tekninen puu<\/li>\n<li>Vain sis\u00e4k\u00e4ytt\u00f6\u00f6n<\/li>\n<li>Toimitus-:<\/li>\n<li>1 x baarip\u00f6yt\u00e4<\/li>\n<li>Kokoonpano vaaditaan: Kyll\u00e4<\/li>\n<\/ul>\n","protected":false},"excerpt":{"rendered":"<ul>\n<li>V\u00e4ri: Musta tammi.<\/li>\n<li>Materiaali: Tekninen puu<\/li>\n<li>Yleiset mitat: 60 x 60 x 100 cm (P x L x K)<\/li>\n<li>Paino: 18,2 kg<\/li>\n<li>3 hyllyill\u00e4<\/li>\n<li>Kehysmateriaali: Tekninen puu<\/li>\n<li>Vain sis\u00e4k\u00e4ytt\u00f6\u00f6n<\/li>\n<li>Toimitus-:<\/li>\n<li>1 x baarip\u00f6yt\u00e4<\/li>\n<li>Kokoonpano vaaditaan: Kyll\u00e4<\/li>\n<\/ul>\n","protected":false},"featured_media":100000188401,"comment_status":"closed","ping_status":"closed","template":"","meta":[],"product_brand":[],"product_cat":[84,8543],"product_tag":[],"class_list":{"0":"post-188401","1":"product","2":"type-product","3":"status-publish","4":"has-post-thumbnail","6":"product_cat-huonekalut","7":"product_cat-keittion-ruokapoydat","9":"first","10":"instock","11":"taxable","12":"shipping-taxable","13":"purchasable","14":"product-type-simple"},"_links":{"self":[{"href":"https:\/\/www.otiumhome.fi\/index.php\/wp-json\/wp\/v2\/product\/188401","targetHints":{"allow":["GET"]}}],"collection":[{"href":"https:\/\/www.otiumhome.fi\/index.php\/wp-json\/wp\/v2\/product"}],"about":[{"href":"https:\/\/www.otiumhome.fi\/index.php\/wp-json\/wp\/v2\/types\/product"}],"replies":[{"embeddable":true,"href":"https:\/\/www.otiumhome.fi\/index.php\/wp-json\/wp\/v2\/comments?post=188401"}],"wp:featuredmedia":[{"embeddable":true,"href":"https:\/\/www.otiumhome.fi\/index.php\/wp-json\/"}],"wp:attachment":[{"href":"https:\/\/www.otiumhome.fi\/index.php\/wp-json\/wp\/v2\/media?parent=188401"}],"wp:term":[{"taxonomy":"product_brand","embeddable":true,"href":"https:\/\/www.otiumhome.fi\/index.php\/wp-json\/wp\/v2\/product_brand?post=188401"},{"taxonomy":"product_cat","embeddable":true,"href":"https:\/\/www.otiumhome.fi\/index.php\/wp-json\/wp\/v2\/product_cat?post=188401"},{"taxonomy":"product_tag","embeddable":true,"href":"https:\/\/www.otiumhome.fi\/index.php\/wp-json\/wp\/v2\/product_tag?post=188401"}],"curies":[{"name":"wp","href":"https:\/\/api.w.org\/{rel}","templated":true}]}}