{"id":188395,"date":"2025-11-14T03:01:34","date_gmt":"2025-11-14T03:01:34","guid":{"rendered":"https:\/\/www.otiumhome.fi\/?p=188395"},"modified":"2025-12-09T04:44:20","modified_gmt":"2025-12-09T04:44:20","slug":"ruokapoyta-musta-110-x-60-x-75-cm-tekninen-puu","status":"publish","type":"product","link":"https:\/\/www.otiumhome.fi\/index.php\/tuote\/ruokapoyta-musta-110-x-60-x-75-cm-tekninen-puu\/","title":{"rendered":"Ruokap\u00f6yt\u00e4 Musta 110 x 60 x 75 cm Tekninen puu"},"content":{"rendered":"<p>T\u00e4m\u00e4 moderni puutarhap\u00f6yt\u00e4 on t\u00e4ydellinen lis\u00e4 ulkotiloihin. Se yhdist\u00e4\u00e4 toiminnallisuuden ja tyylikk\u00e4\u00e4n muotoilun vaivattomasti. P\u00f6yt\u00e4 on suunniteltu heille, jotka rakastavat minimalismia: sen yksinkertainen suorakulmainen muotoilu toimii puutarhasi tai terassin keskipisteen\u00e4. Sen elegantti ulkon\u00e4k\u00f6 sopii moneen tyylisuuntaan, joten se on loistava valinta rentoon ruokailuun tai vieraiden vastaanottamiseen. Kest\u00e4v\u00e4 tekninen puu varmistaa pitk\u00e4ik\u00e4isyyden, ja sen sile\u00e4 pinta on ideaali ulkoilmatapahtumiin.<\/p>\n<ul>\n<li><b>Tekninen puumateriaali<\/b> T\u00e4m\u00e4 p\u00f6yt\u00e4 on valmistettu teknisest\u00e4 puusta, mik\u00e4 takaa kest\u00e4v\u00e4n ja vakaan rakenteen. Materiaali kest\u00e4\u00e4 hyvin p\u00e4ivitt\u00e4ist\u00e4 k\u00e4ytt\u00f6\u00e4 ja antaa modernille p\u00f6yd\u00e4lle siistin ilmeen. Voit nauttia t\u00e4st\u00e4 p\u00f6yd\u00e4st\u00e4 vuodesta toiseen, vaikka erilaisissa s\u00e4\u00e4olosuhteissa.<\/li>\n<li><b>Kaikki tarvittavat osat mukana<\/b> P\u00f6yd\u00e4n yksinkertainen muotoilu tekee kokoamisesta helppoa. Se on suunniteltu niin, ett\u00e4 kaksi henkil\u00f6\u00e4 tarvitsee vain ruuvimeisselin. Luotettavat tekniset puupinnat yhdist\u00e4v\u00e4t kest\u00e4vyyden ja kauniin ulkon\u00e4\u00f6n, mik\u00e4 luo t\u00e4ydelliset olosuhteet juhliin tai rentoutumiseen. Se toimitetaan yhten\u00e4 komponenttina, joten se on helppo asentaa.<\/li>\n<li><b>Toiminnallinen muotoilu<\/b> P\u00f6yd\u00e4n muotoilu tekee siit\u00e4 monik\u00e4ytt\u00f6isen, olipa kyseess\u00e4 sitten ruoka tai rento ajanviete. Sen monipuolisuus tulee yksinkertaisesta estetiikasta ja k\u00e4yt\u00e4nn\u00f6llisyydest\u00e4. Se sopii hyvin illallisille, lautapeleille tai ulkoilmaseikkailuille, tehostaen ulkoilmael\u00e4m\u00e4\u00e4si sek\u00e4 tyylill\u00e4 ett\u00e4 k\u00e4yt\u00e4nn\u00f6llisyydell\u00e4.<\/li>\n<li><b>Monipuoliset k\u00e4ytt\u00f6tarkoitukset<\/b> T\u00e4m\u00e4 p\u00f6yt\u00e4 on t\u00e4ydellinen puutarhoihin, terasseille tai patioille, ja se sopeutuu hyvin eri ulkoilmatilanteisiin. Olitpa sitten viihdytt\u00e4m\u00e4ss\u00e4 vieraita, nauttimassa aamun auringosta tai iltakahveista, se takaa, ett\u00e4 ulkohengailusi on mieleenpainuvaa ja mukavaa.<\/li>\n<li><b>Hoito &amp; yll\u00e4pito<\/b> Suojaa p\u00f6yt\u00e4si k\u00e4ytt\u00e4m\u00e4ll\u00e4 peitteit\u00e4 silloin, kun et k\u00e4yt\u00e4 sit\u00e4, erityisesti huonolla s\u00e4\u00e4ll\u00e4. S\u00e4\u00e4nn\u00f6llinen hoito, esimerkiksi p\u00f6lyn pyyhkiminen, auttaa pit\u00e4m\u00e4\u00e4n p\u00f6yd\u00e4n puhtaana ja houkuttelevana jokaisessa tilaisuudessa.<\/li>\n<\/ul>\n<ul>\n<li>V\u00e4ri: Musta<\/li>\n<li>Materiaali: Tekninen puu<\/li>\n<li>Yleiset mitat: 110 x 60 x 75 cm (P x L x K)<\/li>\n<li>Paino: 18 kg<\/li>\n<li>Kest\u00e4v\u00e4<\/li>\n<li>Kehysmateriaali: Tekninen puu<\/li>\n<li>Enimm\u00e4ispaino: 75 kg<\/li>\n<li>Vain ulkok\u00e4ytt\u00f6\u00f6n<\/li>\n<li>Toimitus-:<\/li>\n<li>1 kpl Ruokap\u00f6yt\u00e4<\/li>\n<li>Kokoonpano vaaditaan: Kyll\u00e4<\/li>\n<\/ul>\n","protected":false},"excerpt":{"rendered":"<ul>\n<li>V\u00e4ri: Musta<\/li>\n<li>Materiaali: Tekninen puu<\/li>\n<li>Yleiset mitat: 110 x 60 x 75 cm (P x L x K)<\/li>\n<li>Paino: 18 kg<\/li>\n<li>Kest\u00e4v\u00e4<\/li>\n<li>Kehysmateriaali: Tekninen puu<\/li>\n<li>Enimm\u00e4ispaino: 75 kg<\/li>\n<li>Vain ulkok\u00e4ytt\u00f6\u00f6n<\/li>\n<li>Toimitus-:<\/li>\n<li>1 kpl Ruokap\u00f6yt\u00e4<\/li>\n<li>Kokoonpano vaaditaan: Kyll\u00e4<\/li>\n<\/ul>\n","protected":false},"featured_media":100000188395,"comment_status":"closed","ping_status":"closed","template":"","meta":[],"product_brand":[],"product_cat":[84,8543],"product_tag":[],"class_list":{"0":"post-188395","1":"product","2":"type-product","3":"status-publish","4":"has-post-thumbnail","6":"product_cat-huonekalut","7":"product_cat-keittion-ruokapoydat","9":"first","10":"instock","11":"taxable","12":"shipping-taxable","13":"purchasable","14":"product-type-simple"},"_links":{"self":[{"href":"https:\/\/www.otiumhome.fi\/index.php\/wp-json\/wp\/v2\/product\/188395","targetHints":{"allow":["GET"]}}],"collection":[{"href":"https:\/\/www.otiumhome.fi\/index.php\/wp-json\/wp\/v2\/product"}],"about":[{"href":"https:\/\/www.otiumhome.fi\/index.php\/wp-json\/wp\/v2\/types\/product"}],"replies":[{"embeddable":true,"href":"https:\/\/www.otiumhome.fi\/index.php\/wp-json\/wp\/v2\/comments?post=188395"}],"wp:featuredmedia":[{"embeddable":true,"href":"https:\/\/www.otiumhome.fi\/index.php\/wp-json\/"}],"wp:attachment":[{"href":"https:\/\/www.otiumhome.fi\/index.php\/wp-json\/wp\/v2\/media?parent=188395"}],"wp:term":[{"taxonomy":"product_brand","embeddable":true,"href":"https:\/\/www.otiumhome.fi\/index.php\/wp-json\/wp\/v2\/product_brand?post=188395"},{"taxonomy":"product_cat","embeddable":true,"href":"https:\/\/www.otiumhome.fi\/index.php\/wp-json\/wp\/v2\/product_cat?post=188395"},{"taxonomy":"product_tag","embeddable":true,"href":"https:\/\/www.otiumhome.fi\/index.php\/wp-json\/wp\/v2\/product_tag?post=188395"}],"curies":[{"name":"wp","href":"https:\/\/api.w.org\/{rel}","templated":true}]}}