{"id":188384,"date":"2025-11-14T02:58:58","date_gmt":"2025-11-14T02:58:58","guid":{"rendered":"https:\/\/www.otiumhome.fi\/?p=188384"},"modified":"2025-12-09T04:17:34","modified_gmt":"2025-12-09T04:17:34","slug":"vaatekaappi-hyllylla-vanha-puu-89-x-39-x-184-5-cm-tekninen-puu","status":"publish","type":"product","link":"https:\/\/www.otiumhome.fi\/index.php\/tuote\/vaatekaappi-hyllylla-vanha-puu-89-x-39-x-184-5-cm-tekninen-puu\/","title":{"rendered":"Vaatekaappi hyllyll\u00e4 Vanha puu 89 x 39 x 184.5 cm Tekninen puu"},"content":{"rendered":"<p>T\u00e4ss\u00e4 teollisessa vaatekaapissa on ainutlaatuista urbaania fiilist\u00e4, joka tuo tunnelmaa mihin tahansa makuuhuoneeseen. Se on suunniteltu moderniin el\u00e4m\u00e4\u00e4n, yhdist\u00e4en tyylin ja toiminnallisuuden tosi hienosti. Se on tehty teknisest\u00e4 puusta ja siin\u00e4 on upea mattapinta. Runsaan s\u00e4ilytystilan ansiosta voit pit\u00e4\u00e4 kaiken siistin\u00e4 ja helposti saatavilla, ja se on t\u00e4ydellinen valinta tyylikk\u00e4it\u00e4 ja k\u00e4yt\u00e4nn\u00f6llisi\u00e4 ratkaisuja etsiville.<\/p>\n<ul>\n<li><b>Runsaasti s\u00e4ilytystilaa:<\/b> T\u00e4\u00e4 kaappi tarjoaa hirveesti tilaa eri osastoilla, hyllyill\u00e4 ja ripustustangoilla, joten voit laittaa vaatteet, liinavaatteet ja asusteet siististi paikalleen. Se on t\u00e4ydellinen kaikelle, paksuista talvitakeista herkkiin kes\u00e4mekkoihin, niin j\u00e4rjest\u00e4minen on ihan vaivatonta.<\/li>\n<li><b>Teollinen tyyli:<\/b> Hanki makua kaupungista teollisen designin my\u00f6t\u00e4, joka tuo loftitunnelmaan. Ter\u00e4ksen ja teknisen puun yhdistelm\u00e4, sek\u00e4 mattapinta tekev\u00e4t t\u00e4st\u00e4 vaikuttavan kappaleen, joka ei ole vaan toiminnallinen, vaan my\u00f6s tyylik\u00e4s sisustuselementti makuuhuoneeseen.<\/li>\n<li><b>Valmistettu kest\u00e4m\u00e4\u00e4n:<\/b> Rakennettu teknisest\u00e4 puusta, t\u00e4\u00e4 vaatekaappi on tehty kest\u00e4m\u00e4\u00e4n. Ter\u00e4ksiset osat, kuten kahvat ja jalat, antaa tukevan pohjan p\u00e4ivitt\u00e4iseen k\u00e4ytt\u00f6\u00f6n. Kest\u00e4v\u00e4 rakenne varmistaa, ett\u00e4 t\u00e4m\u00e4 on t\u00e4rke\u00e4 osa kotia vuodesta toiseen, tarjoamalla sek\u00e4 tyyli\u00e4 ett\u00e4 k\u00e4yt\u00e4nn\u00f6llisyytt\u00e4.<\/li>\n<li><b>Mattapinta:<\/b> Kaapin mattapinta antaa sille tyylikk\u00e4\u00e4n ja rauhallisen ilmeen, joka v\u00e4hent\u00e4\u00e4 h\u00e4ikestyst\u00e4 ja sormenj\u00e4lki\u00e4. Se on helppo pit\u00e4\u00e4 kunnossa ja tuo lis\u00e4\u00e4 syvyytt\u00e4 huoneen tunnelmaan.<\/li>\n<li><b>Helppo kokoaminen:<\/b> T\u00e4\u00e4 kaappi on suunniteltu nopeaa kokoamista varten vain perusv\u00e4lineill\u00e4, joten saat sen huoneeseesi ilman vaivann\u00e4k\u00f6\u00e4. Selkeiden ohjeiden ansiosta kokoaminen sujuu helposti ja ongelmitta.<\/li>\n<\/ul>\n<ul>\n<li>V\u00e4ri: Vanha puu<\/li>\n<li>Materiaali: Tekninen puu<\/li>\n<li>Viimeistely: Matta<\/li>\n<li>Yleiset mitat: 89 x 39 x 184,5 cm (L x S x K)<\/li>\n<li>Paino: 29,4 kg<\/li>\n<li>Runsaasti s\u00e4ilytystilaa<\/li>\n<li>Laatikolla<\/li>\n<li>Hyllyll\u00e4<\/li>\n<li>Kehysmateriaali: Tekninen puu<\/li>\n<li>Sis\u00e4- \/ ulkotiloissa: Vain sis\u00e4k\u00e4ytt\u00f6\u00f6n<\/li>\n<li>Toimitus-:<\/li>\n<li>1 x vaatekaappi<\/li>\n<li>Kokoonpano vaaditaan: Kyll\u00e4<\/li>\n<\/ul>\n","protected":false},"excerpt":{"rendered":"<ul>\n<li>V\u00e4ri: Vanha puu<\/li>\n<li>Materiaali: Tekninen puu<\/li>\n<li>Viimeistely: Matta<\/li>\n<li>Yleiset mitat: 89 x 39 x 184,5 cm (L x S x K)<\/li>\n<li>Paino: 29,4 kg<\/li>\n<li>Runsaasti s\u00e4ilytystilaa<\/li>\n<li>Laatikolla<\/li>\n<li>Hyllyll\u00e4<\/li>\n<li>Kehysmateriaali: Tekninen puu<\/li>\n<li>Sis\u00e4- \/ ulkotiloissa: Vain sis\u00e4k\u00e4ytt\u00f6\u00f6n<\/li>\n<li>Toimitus-:<\/li>\n<li>1 x vaatekaappi<\/li>\n<li>Kokoonpano vaaditaan: Kyll\u00e4<\/li>\n<\/ul>\n","protected":false},"featured_media":100000188384,"comment_status":"closed","ping_status":"closed","template":"","meta":[],"product_brand":[],"product_cat":[84,8539],"product_tag":[],"class_list":{"0":"post-188384","1":"product","2":"type-product","3":"status-publish","4":"has-post-thumbnail","6":"product_cat-huonekalut","7":"product_cat-kaapit-vaatekaapit","9":"first","10":"instock","11":"taxable","12":"shipping-taxable","13":"purchasable","14":"product-type-simple"},"_links":{"self":[{"href":"https:\/\/www.otiumhome.fi\/index.php\/wp-json\/wp\/v2\/product\/188384","targetHints":{"allow":["GET"]}}],"collection":[{"href":"https:\/\/www.otiumhome.fi\/index.php\/wp-json\/wp\/v2\/product"}],"about":[{"href":"https:\/\/www.otiumhome.fi\/index.php\/wp-json\/wp\/v2\/types\/product"}],"replies":[{"embeddable":true,"href":"https:\/\/www.otiumhome.fi\/index.php\/wp-json\/wp\/v2\/comments?post=188384"}],"wp:featuredmedia":[{"embeddable":true,"href":"https:\/\/www.otiumhome.fi\/index.php\/wp-json\/"}],"wp:attachment":[{"href":"https:\/\/www.otiumhome.fi\/index.php\/wp-json\/wp\/v2\/media?parent=188384"}],"wp:term":[{"taxonomy":"product_brand","embeddable":true,"href":"https:\/\/www.otiumhome.fi\/index.php\/wp-json\/wp\/v2\/product_brand?post=188384"},{"taxonomy":"product_cat","embeddable":true,"href":"https:\/\/www.otiumhome.fi\/index.php\/wp-json\/wp\/v2\/product_cat?post=188384"},{"taxonomy":"product_tag","embeddable":true,"href":"https:\/\/www.otiumhome.fi\/index.php\/wp-json\/wp\/v2\/product_tag?post=188384"}],"curies":[{"name":"wp","href":"https:\/\/api.w.org\/{rel}","templated":true}]}}